    {"id":6511,"date":"2024-06-19T11:50:33","date_gmt":"2024-06-19T09:50:33","guid":{"rendered":"https:\/\/dev.dignitas.bertastrasse1.ch\/?page_id=6511"},"modified":"2026-01-20T15:22:40","modified_gmt":"2026-01-20T14:22:40","slug":"procedimento","status":"publish","type":"page","link":"https:\/\/dignitas.ch\/it\/suicidio-assistito\/procedimento\/","title":{"rendered":"Procedimento"},"content":{"rendered":"\n<p id=\"procedimento-in-alto\"><\/p>\n\n\n\n<p>Per chi abita in Svizzera, di solito l\u2019ac\u00adcompagnamento avviene nell\u2019abitazione del socio.<\/p>\n\n\n\n<p>I soci che invece abitano in altri Paesi, dopo aver concordato con Dignitas la data, devono venire in Svizzera. L\u2019ac\u00adcompagnamento avverr\u00e0 in <a href=\"https:\/\/dignitas.ch\/it\/documenti\/fotografie\/\" data-type=\"page\" data-id=\"7539\" target=\"_blank\" rel=\"noreferrer noopener\">locali<\/a> a questo predisposti, nella misura in cui il medico da consultare abbia prescritto la ricetta necessaria, sinonimo di \u00abluce verde definitiva\u00bb.<\/p>\n\n\n\n<p>\u00c8 il socio che desidera morire a decidere il momento dell\u2019inizio della procedura. Le persone messe a disposizione da Dignitas sono responsabili del procedimento e che questo avvenga correttamente.<\/p>\n\n\n\n<p>Dopo l\u2019assunzione di un medicamento antiemetico (antivomito), il paziente dovr\u00e0 bere un bicchiere d\u2019acqua (circa 1 dl) nel quale verranno sciolti solitamente 15 grammi di pentobarbital di sodio\/NaP.<\/p>\n\n\n\n<p>Si tratta di un noto narcotico che procura il sonno. Poich\u00e9 \u00e8 alcalino e non gradevole al gusto \u00e8 meglio mangiare o bere subito dopo qualcosa di dolce.<\/p>\n\n\n\n<p>I soci che devono essere nutriti attraverso sonde gastriche, prenderanno loro stessi la medicina con la sonda. Chi non pu\u00f2 mangiare n\u00e9 alimentarsi con la sonda, pu\u00f2 assumere il prodotto con un\u2019endo\u00advena gi\u00e0 predisposta in precedenza.<\/p>\n\n\n\n<p>In questo caso \u00e8 vantaggioso che il paziente inizi il viaggio e arrivi con una fleboclisi gi\u00e0 funzionante.<\/p>\n\n\n\n<p>Per ragioni giuridiche lo stesso socio dovr\u00e0 compiere l\u2019ultimo atto (ad esempio, aprire l\u2019ago). Se ci\u00f2 non fosse possibile, Dignitas non pu\u00f2 essere d\u2019aiuto.<\/p>\n\n\n\n<p>Al termine di queste procedure, il socio si addormenta ed entro due, tre minuti entra in un coma profondo, dopo poco tempo ancora la medicina paralizza la respirazione ed il paziente muore.<\/p>\n\n\n\n<p>Questo procedimento \u00e8 assolutamente indolore e non rischioso.<\/p>\n\n\n\n<p>Un socio deceduto in questo modo, pochi attimi prima ha detto a sua moglie: \u00abMi sento cos\u00ec bene, tutto \u00e8 cos\u00ec facile\u00bb.<\/p>\n\n\n\n<p>Anche i parenti percepiscono il procedimento come dignitoso e amichevole e quindi lo affrontano bene. Su questo punto influisce molto il comportamento comprensivo e professionale del personale di Dignitas.<\/p>\n\n\n\n<p class=\"has-small-font-size\"><em><a href=\"#procedimento-in-alto\">in alto<\/a><\/em><\/p>\n","protected":false},"excerpt":{"rendered":"<p>Per chi abita in Svizzera, di solito l\u2019ac\u00adcompagnamento avviene nell\u2019abitazione del socio. I soci che invece abitano in altri Paesi, dopo aver concordato con Dignitas la data, devono venire in Svizzera. L\u2019ac\u00adcompagnamento avverr\u00e0 in locali a questo predisposti, nella misura in cui il medico da consultare abbia prescritto la ricetta necessaria, sinonimo di \u00abluce verde [&hellip;]<\/p>\n","protected":false},"author":5,"featured_media":0,"parent":6503,"menu_order":0,"comment_status":"closed","ping_status":"closed","template":"","meta":{"_acf_changed":false,"_editorskit_title_hidden":false,"_editorskit_reading_time":0,"_editorskit_is_block_options_detached":false,"_editorskit_block_options_position":"{}","footnotes":""},"class_list":["post-6511","page","type-page","status-publish","hentry"],"acf":[],"_links":{"self":[{"href":"https:\/\/dignitas.ch\/it\/wp-json\/wp\/v2\/pages\/6511","targetHints":{"allow":["GET"]}}],"collection":[{"href":"https:\/\/dignitas.ch\/it\/wp-json\/wp\/v2\/pages"}],"about":[{"href":"https:\/\/dignitas.ch\/it\/wp-json\/wp\/v2\/types\/page"}],"author":[{"embeddable":true,"href":"https:\/\/dignitas.ch\/it\/wp-json\/wp\/v2\/users\/5"}],"replies":[{"embeddable":true,"href":"https:\/\/dignitas.ch\/it\/wp-json\/wp\/v2\/comments?post=6511"}],"version-history":[{"count":3,"href":"https:\/\/dignitas.ch\/it\/wp-json\/wp\/v2\/pages\/6511\/revisions"}],"predecessor-version":[{"id":11014,"href":"https:\/\/dignitas.ch\/it\/wp-json\/wp\/v2\/pages\/6511\/revisions\/11014"}],"up":[{"embeddable":true,"href":"https:\/\/dignitas.ch\/it\/wp-json\/wp\/v2\/pages\/6503"}],"wp:attachment":[{"href":"https:\/\/dignitas.ch\/it\/wp-json\/wp\/v2\/media?parent=6511"}],"curies":[{"name":"wp","href":"https:\/\/api.w.org\/{rel}","templated":true}]}}