    {"id":6508,"date":"2024-06-19T11:50:19","date_gmt":"2024-06-19T09:50:19","guid":{"rendered":"https:\/\/dev.dignitas.bertastrasse1.ch\/?page_id=6508"},"modified":"2025-11-27T14:39:06","modified_gmt":"2025-11-27T13:39:06","slug":"premesse","status":"publish","type":"page","link":"https:\/\/dignitas.ch\/it\/suicidio-assistito\/premesse\/","title":{"rendered":"Premesse e richiesta"},"content":{"rendered":"\n<p id=\"premesse-in-alto\"><\/p>\n\n\n\n<p><a href=\"#premesse\">Premesse<\/a><br><a href=\"#richiesta-scritta\">Richiesta scritta<\/a><br><a href=\"#preparazione-per-persone-in-svizzera\">Preparazione per persone in Svizzera<\/a><\/p>\n\n\n\n<h4 class=\"wp-block-heading\" id=\"premesse\">Premesse<\/h4>\n\n\n\n<p>Per poter beneficiare dell\u2019accompagna\u00admento alla morte volontaria, una persona deve essere<\/p>\n\n\n\n<ul class=\"wp-block-list\">\n<li>membro di Dignitas<\/li>\n\n\n\n<li>capace di discernimento<\/li>\n\n\n\n<li>in grado di compiere azioni fisiche minime<\/li>\n<\/ul>\n\n\n\n<p>Considerato che \u00e8 necessario l\u2019intervento di un medico svizzero per l\u2019ottenimento del farmaco necessario, devono essere dati anche:<\/p>\n\n\n\n<ul class=\"wp-block-list\">\n<li>una malattia il cui esito inevitabile \u00e8 la morte <em>o\/e<\/em><\/li>\n\n\n\n<li>un handicap intollerabile <em>o\/e<\/em><\/li>\n\n\n\n<li>dolori insopportabili.<\/li>\n<\/ul>\n\n\n\n<p>Se il membro desidera un accompagnamento alla morte volontaria, invia una richiesta scritta a Dignitas. Questa pu\u00f2 anche essere inviata insieme alla domanda di adesione. L&#8217;esperienza ha dimostrato che la fase di preparazione dura circa 3 mesi e dipende in buona parte da quanto velocemente i documenti necessari, nella qualit\u00e0 richiesta, sono forniti. <\/p>\n\n\n\n<h4 class=\"wp-block-heading\" id=\"richiesta-scritta\">Richiesta scritta<\/h4>\n\n\n\n<p>La domanda va inoltrata soltanto quando sono disponibili tutti i documenti seguenti:<\/p>\n\n\n\n<ul class=\"wp-block-list\">\n<li>Una lettera personale, indirizzata a Dignitas, con data e firma, possibilmente scritta a macchina o al computer, in cui si rivolge a Dignitas la richiesta di accompagnamento alla morte volontaria e si spiegano le ragioni di tale decisione, l\u2019attuale stato di salute e come si vive questa situazione. Altre informazioni possono essere aggiunte al resoconto della vita.<\/li>\n<\/ul>\n\n\n\n<ul class=\"wp-block-list\">\n<li>Un\u2019autobiografia \u2013 scritta separatamente dalla lettera personale \u2013 che fornisca informazioni sull\u2019infanzia, del periodo scolastico, della famiglia e dei pi\u00f9 importanti eventi della propria vita, come anche informazioni su chi appoggia il desiderio di terminare la vita e chi sarebbe disposto ad accompagnare il membro in Svizzera. Lo scritto dovrebbe aiutare i medici a valutare la domanda.<\/li>\n<\/ul>\n\n\n\n<ul class=\"wp-block-list\">\n<li>Almeno un rapporto medico recente e due o tre rapporti medici precedenti con informazioni sull\u2019anamnesi, la diagnosi, se possibile la prognosi e i trattamenti \/ prov\u00advedi\u00admenti. Il rapporto medico recente non deve risalire a pi\u00f9 di tre o quattro mesi prima. Le dichiarazioni rilasciate dal medico devono essere chiare e ben leggibili.<\/li>\n<\/ul>\n\n\n\n<p>\u00c8 quindi importante chiedere gi\u00e0 durante la malattia a medici e cliniche copie dei rapporti per il proprio incarto. &nbsp;Attendere di averne bisogno pu\u00f2 comportare difficolt\u00e0 e perdite di tempo. I rapporti dovrebbero essere in italiano, tedesco, inglese o francese. Se sono redatti in altre lingue, vanno allegate le rispettive traduzioni.<\/p>\n\n\n\n<p>Non appena Dignitas \u00e8 in possesso della richiesta completa, quest\u2019ultima viene elaborata e inviata per la perizia a uno dei medici che collaborano con noi.<\/p>\n\n\n\n<p>Se tale medico acconsente a un accompagnamento alla morte, Dignitas d\u00e0 \u00abluce verde provvisoria\u00bb al membro. Se quest\u2019ultimo desidera usufruirne, contatta Dignitas per convenire le tappe successive da seguire. La \u00abluce verde provvisoria\u00bb \u00e8 un\u2019approvazione temporanea del medico basata esclusivamente sulla richiesta e sulla documentazione medica. La decisione definitiva resta riservata fino al consulto personale con il medico.<\/p>\n\n\n\n<h4 class=\"wp-block-heading\" id=\"preparazione-per-persone-in-svizzera\">Preparazione all\u2019accompagnamento alla morte volontaria per persone in Svizzera<\/h4>\n\n\n\n<p>Anche i membri che vivono in Svizzera devono rivolgere una richiesta scritta a Dignitas, che poi li contatta. Di solito, un operatore di Dignitas fa visita al membro al suo domicilio.<\/p>\n\n\n\n<p>Fondamentalmente, ogni medico autorizzato in Svizzera pu\u00f2 prescrivere la ricetta necessaria per l\u2019accompagnamento alla morte volontaria. \u00c8 dunque importante discutere in precedenza questa possibilit\u00e0 con il medico di famiglia o curante.<\/p>\n\n\n\n<p class=\"has-small-font-size\"><em><a href=\"#premesse-in-alto\">in alto<\/a><\/em><\/p>\n","protected":false},"excerpt":{"rendered":"<p>PremesseRichiesta scrittaPreparazione per persone in Svizzera Premesse Per poter beneficiare dell\u2019accompagna\u00admento alla morte volontaria, una persona deve essere Considerato che \u00e8 necessario l\u2019intervento di un medico svizzero per l\u2019ottenimento del farmaco necessario, devono essere dati anche: Se il membro desidera un accompagnamento alla morte volontaria, invia una richiesta scritta a Dignitas. Questa pu\u00f2 anche essere [&hellip;]<\/p>\n","protected":false},"author":5,"featured_media":0,"parent":6503,"menu_order":0,"comment_status":"closed","ping_status":"closed","template":"","meta":{"_acf_changed":false,"_editorskit_title_hidden":false,"_editorskit_reading_time":0,"_editorskit_is_block_options_detached":false,"_editorskit_block_options_position":"{}","footnotes":""},"class_list":["post-6508","page","type-page","status-publish","hentry"],"acf":[],"_links":{"self":[{"href":"https:\/\/dignitas.ch\/it\/wp-json\/wp\/v2\/pages\/6508","targetHints":{"allow":["GET"]}}],"collection":[{"href":"https:\/\/dignitas.ch\/it\/wp-json\/wp\/v2\/pages"}],"about":[{"href":"https:\/\/dignitas.ch\/it\/wp-json\/wp\/v2\/types\/page"}],"author":[{"embeddable":true,"href":"https:\/\/dignitas.ch\/it\/wp-json\/wp\/v2\/users\/5"}],"replies":[{"embeddable":true,"href":"https:\/\/dignitas.ch\/it\/wp-json\/wp\/v2\/comments?post=6508"}],"version-history":[{"count":6,"href":"https:\/\/dignitas.ch\/it\/wp-json\/wp\/v2\/pages\/6508\/revisions"}],"predecessor-version":[{"id":10603,"href":"https:\/\/dignitas.ch\/it\/wp-json\/wp\/v2\/pages\/6508\/revisions\/10603"}],"up":[{"embeddable":true,"href":"https:\/\/dignitas.ch\/it\/wp-json\/wp\/v2\/pages\/6503"}],"wp:attachment":[{"href":"https:\/\/dignitas.ch\/it\/wp-json\/wp\/v2\/media?parent=6508"}],"curies":[{"name":"wp","href":"https:\/\/api.w.org\/{rel}","templated":true}]}}