    {"id":6506,"date":"2024-07-30T15:41:56","date_gmt":"2024-07-30T13:41:56","guid":{"rendered":"https:\/\/dev.dignitas.bertastrasse1.ch\/?page_id=6506"},"modified":"2025-03-20T17:15:14","modified_gmt":"2025-03-20T16:15:14","slug":"cose","status":"publish","type":"page","link":"https:\/\/dignitas.ch\/it\/suicidio-assistito\/cose\/","title":{"rendered":"Cos&#8217;\u00e8?"},"content":{"rendered":"\n<p id=\"suicidio-assistito-in-alto\"><\/p>\n\n\n\n<h4 class=\"wp-block-heading\">Accompagnamento delle persone in fin di vita e alla morte volontaria<\/h4>\n\n\n\n<p>Dignitas offre ai propri membri anche un altro importante aiuto, l&#8217;accompagna\u00admento lungo tutte le fasi delicate del trapasso. Ogni affiliato pu\u00f2 chiedere di essere assistito da una collaboratrice o un collaboratore di Dignitas quando avverte che la vita sta per lasciarlo. I colloqui con la persona ammalata e i suoi parenti sono intesi ad alleviare a tutti l&#8217;inevitabile travaglio del distacco.<\/p>\n\n\n\n<p>Chi soffre di un male incurabile o di un handicap insopportabile, e per questo motivo decide di mettere fine ai suoi giorni, come membro di Dignitas pu\u00f2 domandare all&#8217;associazione di aiutarlo a morire.<\/p>\n\n\n\n<h4 class=\"wp-block-heading\">Aiuto legale alla morte volontaria con Dignitas<\/h4>\n\n\n\n<p>Dignitas pu\u00f2 contare su collaboratrici e collaboratori qualificati che hanno una lunga esperienza nel campo dell&#8217;accompagnamento alla morte di malati in fase terminale. La decisione di accompagnare al trapasso gli affiliati che ne fanno esplicita richiesta avviene solo dopo approfonditi colloqui e la verifica che sussistono tutte le condizioni necessarie previste dall&#8217;associazione. Dignitas verificher\u00e0 in primo luogo che la capacit\u00e0 di discernimento del richiedente sia intatta e non sia stata influenzata da terzi interessati al decesso dell&#8217;affiliato.<\/p>\n\n\n\n<p>Solo quando la malattia \u00e8 stata dichiarata incurabile o la persona malata soffre di dolori insopportabili o accusa handicap intollerabili, Dignitas offre il suo accompagnamento a chi intende darsi una morte volontaria. Dignitas si procura il farmaco necessario, un barbiturico solubile nell&#8217;acqua potabile, che non causa dolori e agisce velocemente. Dopo averlo assunto, il paziente si addormenta nel giro di pochi minuti e passa senza sofferenza alcuna dal sonno alla morte.<\/p>\n\n\n\n<p>L\u2019uso di un medicamento letale \u00e8 permesso solo con una ricetta medica, poich\u00e9 non pu\u00f2 essere acquistato liberamente in farmacia. \u00c8 dunque consigliabile trovare per tempo il medico disposto a redigere la ricetta, fermo restando che nella maggioranza dei casi i medici di famiglia acconsentono alla richiesta. Negli altri rari casi, Dignitas pu\u00f2 ricorrere a medici Svizzeri indipendenti che collaborano con l\u2019organizza\u00adzione. Solo dopo i colloqui approfonditi con il socio nel corso del quale viene accertata l\u2019esistenza dei presupposti richiesti, il medico rilascia la ricetta a Dignitas.<\/p>\n\n\n\n<p>A questo punto, il richiedente pu\u00f2 scegliere il luogo e il momento del trapasso volontario accompagnato da Dignitas. Per assistere e accompagnare l&#8217;affiliato nelle sue ultime volont\u00e0, sono presenti almeno due persone in veste di testimoni.<\/p>\n\n\n\n<p>Dignitas annette grande importanza al coinvolgimento di persone <a href=\"https:\/\/dignitas.ch\/it\/presenza-dei-parenti\/\" data-type=\"page\" data-id=\"6513\" target=\"_blank\" rel=\"noreferrer noopener\">vicine e familiari<\/a> di coloro che \u00abvogliono andarsene\u00bb. Un viaggio cos\u00ec importante deve essere preparato nei minimi dettagli e necessita del giusto commiato.<\/p>\n\n\n\n<p>L&#8217;esperienza insegna che pochi membri chiedono realmente l&#8217;aiuto di Dignitas per farsi accompagnare fino a una morte volontaria. Nella maggior parte dei casi, l&#8217;aver compilato il testamento biologico li tranquillizza. Se la loro volont\u00e0 \u00e8 rispettata e non si prendono misure per prolungare artificialmente la vita, una volta sopraggiunta la fase critica, muoiono per cause naturali. In caso di sofferenze irrimediabili e prolungate, l&#8217;affiliazione a Dignitas consente per\u00f2 loro di chiedere di essere accompagnati fino al trapasso. Si tratta, per le persone adulte e responsabili, di una certezza importante.<\/p>\n\n\n\n<p class=\"has-small-font-size\"><em><a href=\"#suicidio-assistito-in-alto\">in alto<\/a><\/em><\/p>\n","protected":false},"excerpt":{"rendered":"<p>Accompagnamento delle persone in fin di vita e alla morte volontaria Dignitas offre ai propri membri anche un altro importante aiuto, l&#8217;accompagna\u00admento lungo tutte le fasi delicate del trapasso. Ogni affiliato pu\u00f2 chiedere di essere assistito da una collaboratrice o un collaboratore di Dignitas quando avverte che la vita sta per lasciarlo. I colloqui con [&hellip;]<\/p>\n","protected":false},"author":5,"featured_media":0,"parent":6503,"menu_order":0,"comment_status":"closed","ping_status":"closed","template":"","meta":{"_acf_changed":false,"_editorskit_title_hidden":false,"_editorskit_reading_time":0,"_editorskit_is_block_options_detached":false,"_editorskit_block_options_position":"{}","footnotes":""},"class_list":["post-6506","page","type-page","status-publish","hentry"],"acf":[],"_links":{"self":[{"href":"https:\/\/dignitas.ch\/it\/wp-json\/wp\/v2\/pages\/6506","targetHints":{"allow":["GET"]}}],"collection":[{"href":"https:\/\/dignitas.ch\/it\/wp-json\/wp\/v2\/pages"}],"about":[{"href":"https:\/\/dignitas.ch\/it\/wp-json\/wp\/v2\/types\/page"}],"author":[{"embeddable":true,"href":"https:\/\/dignitas.ch\/it\/wp-json\/wp\/v2\/users\/5"}],"replies":[{"embeddable":true,"href":"https:\/\/dignitas.ch\/it\/wp-json\/wp\/v2\/comments?post=6506"}],"version-history":[{"count":2,"href":"https:\/\/dignitas.ch\/it\/wp-json\/wp\/v2\/pages\/6506\/revisions"}],"predecessor-version":[{"id":7136,"href":"https:\/\/dignitas.ch\/it\/wp-json\/wp\/v2\/pages\/6506\/revisions\/7136"}],"up":[{"embeddable":true,"href":"https:\/\/dignitas.ch\/it\/wp-json\/wp\/v2\/pages\/6503"}],"wp:attachment":[{"href":"https:\/\/dignitas.ch\/it\/wp-json\/wp\/v2\/media?parent=6506"}],"curies":[{"name":"wp","href":"https:\/\/api.w.org\/{rel}","templated":true}]}}