    {"id":343,"date":"2023-06-28T16:45:09","date_gmt":"2023-06-28T14:45:09","guid":{"rendered":"https:\/\/dev.dignitas.bertastrasse1.ch\/wissen\/"},"modified":"2025-09-16T12:23:27","modified_gmt":"2025-09-16T10:23:27","slug":"da-sapere","status":"publish","type":"page","link":"https:\/\/dignitas.ch\/it\/da-sapere\/","title":{"rendered":"Da sapere"},"content":{"rendered":"\n<p>Perch\u00e9 \u00e8 falsa l&#8217;affermazione che DIGNITAS offrirebbe l&#8217;eutanasia attiva? \u00c8 vero che solo una piccola parte dei membri richiedenti si avvale effettivamente della possibilit\u00e0 di un suicidio accompagnato? Quanti membri di DIGNITAS vivono in Turchia? E cosa significa \u00absuicidio accompagnato\u00bb?<\/p>\n\n\n\n<p>Qui troverete le rispettive risposte a queste e altre domande.<\/p>\n\n\n\n<p><strong>Sezioni<\/strong><br><a href=\"https:\/\/dignitas.ch\/it\/da-sapere\/glossario\/\" data-type=\"page\" data-id=\"1438\" target=\"_blank\" rel=\"noreferrer noopener\">Glossario<\/a><br><a href=\"https:\/\/dignitas.ch\/it\/da-sapere\/sondaggi\/\" data-type=\"page\" data-id=\"1469\" target=\"_blank\" rel=\"noreferrer noopener\">Sondaggi<\/a><br><a href=\"https:\/\/dignitas.ch\/it\/associazione\/statistiche\/\" data-type=\"page\" data-id=\"1169\" target=\"_blank\" rel=\"noreferrer noopener\">Statistiche<\/a><br><a href=\"https:\/\/dignitas.ch\/it\/da-sapere\/letteratura\/\" data-type=\"page\" data-id=\"1489\" target=\"_blank\" rel=\"noreferrer noopener\">Letteratura<\/a><\/p>\n\n\n\n<p>Suggerimenti? Domande? Contattateci via e-mail: <a href=\"mailto:dignitas@dignitas.ch\" class=\"ek-link\">dignitas@dignitas.ch<\/a><\/p>\n","protected":false},"excerpt":{"rendered":"<p>Perch\u00e9 \u00e8 falsa l&#8217;affermazione che DIGNITAS offrirebbe l&#8217;eutanasia attiva? \u00c8 vero che solo una piccola parte dei membri richiedenti si avvale effettivamente della possibilit\u00e0 di un suicidio accompagnato? Quanti membri di DIGNITAS vivono in Turchia? E cosa significa \u00absuicidio accompagnato\u00bb? Qui troverete le rispettive risposte a queste e altre domande. SezioniGlossarioSondaggiStatisticheLetteratura Suggerimenti? Domande? Contattateci via [&hellip;]<\/p>\n","protected":false},"author":1,"featured_media":0,"parent":0,"menu_order":0,"comment_status":"closed","ping_status":"closed","template":"","meta":{"_acf_changed":false,"_editorskit_title_hidden":false,"_editorskit_reading_time":0,"_editorskit_is_block_options_detached":false,"_editorskit_block_options_position":"{}","footnotes":""},"class_list":["post-343","page","type-page","status-publish","hentry"],"acf":[],"_links":{"self":[{"href":"https:\/\/dignitas.ch\/it\/wp-json\/wp\/v2\/pages\/343","targetHints":{"allow":["GET"]}}],"collection":[{"href":"https:\/\/dignitas.ch\/it\/wp-json\/wp\/v2\/pages"}],"about":[{"href":"https:\/\/dignitas.ch\/it\/wp-json\/wp\/v2\/types\/page"}],"author":[{"embeddable":true,"href":"https:\/\/dignitas.ch\/it\/wp-json\/wp\/v2\/users\/1"}],"replies":[{"embeddable":true,"href":"https:\/\/dignitas.ch\/it\/wp-json\/wp\/v2\/comments?post=343"}],"version-history":[{"count":5,"href":"https:\/\/dignitas.ch\/it\/wp-json\/wp\/v2\/pages\/343\/revisions"}],"predecessor-version":[{"id":9696,"href":"https:\/\/dignitas.ch\/it\/wp-json\/wp\/v2\/pages\/343\/revisions\/9696"}],"wp:attachment":[{"href":"https:\/\/dignitas.ch\/it\/wp-json\/wp\/v2\/media?parent=343"}],"curies":[{"name":"wp","href":"https:\/\/api.w.org\/{rel}","templated":true}]}}