    {"id":307,"date":"2023-07-13T14:44:13","date_gmt":"2023-07-13T12:44:13","guid":{"rendered":"https:\/\/dev.dignitas.bertastrasse1.ch\/datenschutzerklaerung\/"},"modified":"2023-09-27T12:40:48","modified_gmt":"2023-09-27T10:40:48","slug":"datenschutzerklaerung","status":"publish","type":"page","link":"https:\/\/dignitas.ch\/it\/home\/datenschutzerklaerung\/","title":{"rendered":"Protezione dei dati"},"content":{"rendered":"\n<p>Sie k\u00f6nnen grunds\u00e4tzlich die Internetseite von DIGNITAS besuchen, ohne dass Sie Angaben zu Ihrer Person machen m\u00fcssen. Einzig unpers\u00f6nliche Nutzungsdaten wie Ihre IP-Adresse, die zuletzt besuchte Seite, der verwendete Browser, Datum, Uhrzeit etc. werden zwecks Erkennung von Trends und zur Verbesserung unseres Online-Angebotes anonymisiert ausgewertet (zum Beispiel mit \u00abGoogle Analytics\u00bb, etc.). Daraus werden keine R\u00fcckschl\u00fcsse auf Ihre Person gezogen.<\/p>\n\n\n\n<p>F\u00fcr die Online-Bestellung der kostenlosen Informationsbrosch\u00fcre sowie f\u00fcr die Online-Beitrittserkl\u00e4rung ist die Angabe Ihrer Daten unumg\u00e4nglich.<\/p>\n\n\n\n<p>Ihre personenbezogenen Daten werden weder verkauft noch mit Dritten ausserhalb von DIGNITAS geteilt.<\/p>\n","protected":false},"excerpt":{"rendered":"<p>Sie k\u00f6nnen grunds\u00e4tzlich die Internetseite von DIGNITAS besuchen, ohne dass Sie Angaben zu Ihrer Person machen m\u00fcssen. Einzig unpers\u00f6nliche Nutzungsdaten wie Ihre IP-Adresse, die zuletzt besuchte Seite, der verwendete Browser, Datum, Uhrzeit etc. werden zwecks Erkennung von Trends und zur Verbesserung unseres Online-Angebotes anonymisiert ausgewertet (zum Beispiel mit \u00abGoogle Analytics\u00bb, etc.). Daraus werden keine R\u00fcckschl\u00fcsse [&hellip;]<\/p>\n","protected":false},"author":1,"featured_media":0,"parent":989,"menu_order":0,"comment_status":"closed","ping_status":"closed","template":"","meta":{"_acf_changed":false,"_editorskit_title_hidden":false,"_editorskit_reading_time":0,"_editorskit_is_block_options_detached":false,"_editorskit_block_options_position":"{}","footnotes":""},"class_list":["post-307","page","type-page","status-publish","hentry"],"acf":[],"_links":{"self":[{"href":"https:\/\/dignitas.ch\/it\/wp-json\/wp\/v2\/pages\/307","targetHints":{"allow":["GET"]}}],"collection":[{"href":"https:\/\/dignitas.ch\/it\/wp-json\/wp\/v2\/pages"}],"about":[{"href":"https:\/\/dignitas.ch\/it\/wp-json\/wp\/v2\/types\/page"}],"author":[{"embeddable":true,"href":"https:\/\/dignitas.ch\/it\/wp-json\/wp\/v2\/users\/1"}],"replies":[{"embeddable":true,"href":"https:\/\/dignitas.ch\/it\/wp-json\/wp\/v2\/comments?post=307"}],"version-history":[{"count":2,"href":"https:\/\/dignitas.ch\/it\/wp-json\/wp\/v2\/pages\/307\/revisions"}],"predecessor-version":[{"id":1779,"href":"https:\/\/dignitas.ch\/it\/wp-json\/wp\/v2\/pages\/307\/revisions\/1779"}],"up":[{"embeddable":true,"href":"https:\/\/dignitas.ch\/it\/wp-json\/wp\/v2\/pages\/989"}],"wp:attachment":[{"href":"https:\/\/dignitas.ch\/it\/wp-json\/wp\/v2\/media?parent=307"}],"curies":[{"name":"wp","href":"https:\/\/api.w.org\/{rel}","templated":true}]}}