    {"id":1564,"date":"2023-09-11T11:28:10","date_gmt":"2023-09-11T09:28:10","guid":{"rendered":"https:\/\/dev.dignitas.bertastrasse1.ch\/verein\/zitate\/"},"modified":"2026-04-01T11:11:54","modified_gmt":"2026-04-01T09:11:54","slug":"citazioni","status":"publish","type":"page","link":"https:\/\/dignitas.ch\/it\/citazioni\/","title":{"rendered":"Citazioni del mese"},"content":{"rendered":"\n<p id=\"cit-in-alto\"><\/p>\n\n\n\n<h5 class=\"wp-block-heading has-text-align-center\">Aprile 2026<\/h5>\n\n\n\n<p class=\"has-text-align-center\"><em>E come uomo, invece?<\/em><br>\u00abLa questione mi tocca molto. Se mi trovassi in una condizione di grave sofferenza senza possibilit\u00e0 di migliorare, vorrei poter decidere del mio destino e autodeterminarmi, certo\u00bb.<\/p>\n\n\n\n<p class=\"has-text-align-center\">Antonio Rinaudo, <br>presidente del Comitato etico territoriale e ex magistrato<\/p>\n\n\n\n<p class=\"has-text-align-center\">In: <a href=\"https:\/\/torino.corriere.it\/notizie\/salute\/26_gennaio_17\/suicidio-assistito-in-piemonte-il-presidente-del-comitato-etico-rinaudo-nel-2023-consegnate-le-linee-guide-alla-regione-poi-il-d47cc73f-a9f2-4f4f-929d-4e8cfb746xlk.shtml\" data-type=\"link\" data-id=\"https:\/\/torino.corriere.it\/notizie\/salute\/26_gennaio_17\/suicidio-assistito-in-piemonte-il-presidente-del-comitato-etico-rinaudo-nel-2023-consegnate-le-linee-guide-alla-regione-poi-il-d47cc73f-a9f2-4f4f-929d-4e8cfb746xlk.shtml\" target=\"_blank\" rel=\"noreferrer noopener\">\u00abSuicidio assistito in Piemonte, il presidente del Comitato etico Rinaudo: \u2039Nel 2023 consegnate le linee guide alla Regione. Poi il silenzio\u203a\u00bb<\/a>, <br>Corriere Torini, 17.1.26<\/p>\n\n\n\n<hr class=\"wp-block-separator has-alpha-channel-opacity\"\/>\n\n\n\n<h5 class=\"wp-block-heading has-text-align-center\">Marzo 2026<\/h5>\n\n\n\n<p class=\"has-text-align-center\">\u00abGarantire il diritto all\u2019autodeterminazione nel fine vita significa fare in modo che nessuno debba lottare contro lo Stato per vedere riconosciuto un diritto che la Costituzione gi\u00e0 garantisce.\u00bb<\/p>\n\n\n\n<p class=\"has-text-align-center\">Filomena Gallo,<br>segretaria nazionale dell&#8217;associazione Luca Coscioni<\/p>\n\n\n\n<p class=\"has-text-align-center\">In: <a href=\"https:\/\/www.torinoggi.it\/2026\/02\/14\/leggi-notizia\/argomenti\/cronaca-11\/articolo\/suicidio-assistito-in-provincia-di-torino-il-primo-caso-del-piemonte.html\" target=\"_blank\" rel=\"noreferrer noopener nofollow\">\u00abSuicidio assistito, in provincia di Torino il primo caso del Piemonte\u00bb<\/a>, <br>TorinOggi, 14.2.25<\/p>\n\n\n\n<hr class=\"wp-block-separator has-alpha-channel-opacity\"\/>\n\n\n\n<h5 class=\"wp-block-heading has-text-align-center\">Febbraio 2026<\/h5>\n\n\n\n<p class=\"has-text-align-center\">\u00abAvesse saputo che poteva tranquillamente morire a casa sua, forse Ezio avrebbe deciso di vivere ancora un po\u2019 e di andarsene con la sua famiglia vicino. Non conoscendo i suoi diritti, mio marito non ha potuto scegliere\u00bb.<\/p>\n\n\n\n<p class=\"has-text-align-center\">Caterina, <br>moglie di Ezio<\/p>\n\n\n\n<p class=\"has-text-align-center\">In: <a href=\"https:\/\/www.lastampa.it\/cronaca\/2026\/01\/26\/news\/la_denuncia_di_caterina_mio_marito_malato_si_e_ucciso_non_conosceva_i_suoi_diritti-15482279\" target=\"_blank\" rel=\"noreferrer noopener\">\u00abLa denuncia di Caterina: \u2039Mio marito malato si \u00e8 ucciso, non conosceva i suoi diritti\u203a\u00bb<\/a>, <br>La Stampa, 26.1.26<\/p>\n\n\n\n<hr class=\"wp-block-separator has-alpha-channel-opacity\"\/>\n\n\n\n<h5 class=\"wp-block-heading has-text-align-center\">Gennaio 2026<\/h5>\n\n\n\n<p class=\"has-text-align-center\">\u00abPer me l\u2019autonomia \u00e8 fondamentale, non voglio dipendere da nessuno, senza autonomia non \u00e8 vita. [\u2026] Voglio fare riflettere sul diritto al fine vita.\u00bb<\/p>\n\n\n\n<p class=\"has-text-align-center\">Roberto, 67 anni, <br>colpito da glioma diffuso<\/p>\n\n\n\n<p class=\"has-text-align-center\">In: <a href=\"https:\/\/corrieredelveneto.corriere.it\/notizie\/padova\/cronaca\/25_dicembre_05\/roberto-la-lotta-per-smettere-di-soffrire-imploro-il-suicidio-assistito-lasciatemi-morire-nella-mia-citta-con-gli-amici-accanto-edfedd1a-db2e-4124-ab5d-5f9efc076xlk.shtml\" target=\"_blank\" rel=\"noreferrer noopener\">\u00abRoberto, la lotta per smettere di soffrire: \u2039Imploro il suicidio assistito. <\/a><br><a href=\"https:\/\/corrieredelveneto.corriere.it\/notizie\/padova\/cronaca\/25_dicembre_05\/roberto-la-lotta-per-smettere-di-soffrire-imploro-il-suicidio-assistito-lasciatemi-morire-nella-mia-citta-con-gli-amici-accanto-edfedd1a-db2e-4124-ab5d-5f9efc076xlk.shtml\" target=\"_blank\" rel=\"noreferrer noopener\">Lasciatemi morire nella mia citt\u00e0 con gli amici accanto\u203a\u00bb<\/a>,<br>Corriere del Veneto, 5.12.25<\/p>\n\n\n\n<hr class=\"wp-block-separator has-alpha-channel-opacity\"\/>\n\n\n\n<h5 class=\"wp-block-heading has-text-align-center\">Dicembre 2025<\/h5>\n\n\n\n<p class=\"has-text-align-center\">\u00abVoglio sapere di poter decidere quando andarmene, e voglio sapere di avere il sostegno della nostra sanit\u00e0 per poterlo fare vicino alle persone che amo, in totale libert\u00e0 [&#8230;] Voglio cambiare le cose, e voglio che succeda adesso.\u00bb <\/p>\n\n\n\n<p class=\"has-text-align-center\">Stefano Gheller,<br>il primo in Veneto e il terzo in Italia ad accedere legalmente al suicidio assistito<\/p>\n\n\n\n<p class=\"has-text-align-center\">In: <a href=\"https:\/\/www.formatrieti.it\/2025\/10\/28\/marco-cappato-a-rieti-per-la-proiezione-del-documentario-su-stefano-gheller-lasciatemi-morire-ridendo\/\" target=\"_blank\" rel=\"noreferrer noopener\">\u00abMarco Cappato a Rieti per la proiezione del documentario su Stefano Gheller \u2039Lasciatemi morire ridendo\u203a\u00bb<\/a>, <br>Format, 28.10.25<\/p>\n\n\n\n<hr class=\"wp-block-separator has-alpha-channel-opacity\"\/>\n\n\n\n<h5 class=\"wp-block-heading has-text-align-center\">Novembre 2025<\/h5>\n\n\n\n<p class=\"has-text-align-center\">\u00abServe una legge per garantire a tutti gli stessi diritti, senza discriminazioni. Oggi a me \u00e8 stato accordato il criterio del sostegno vitale perch\u00e9 ho avuto la fortuna di una commissione umana, che si \u00e8 resa conto che le persone che si prendono cura di me mi tengono letteralmente in vita. Martina [\u2026] non ha avuto la mia fortuna. \u00c8 morta da esiliata. Non si pu\u00f2 affidare alla discrezionalit\u00e0 la sorte di un essere umano. Serve una legge che difenda il diritto all\u2019autodeterminazione di tutti\u00bb.<\/p>\n\n\n\n<p class=\"has-text-align-center\">Ada, <br>Paziente affetta da SLA<\/p>\n\n\n\n<p class=\"has-text-align-center\">In: <a href=\"https:\/\/napoli.corriere.it\/notizie\/cronaca\/25_ottobre_11\/ada-malata-di-sla-e-il-si-al-suicidio-assistito-non-ho-piu-paura-del-futuro-sorrido-di-piu-perche-moriro-con-dignita-7e49a8ab-b863-41a0-9984-91241bde7xlk.shtml\" target=\"_blank\" rel=\"noreferrer noopener\">\u00abAda, la Sla e il \u2039s\u00ec\u203a al suicidio assistito: \u2039Non ho pi\u00f9 paura del futuro, ora sorrido perch\u00e9 me ne andr\u00f2 con dignit\u00e0\u203a\u00bb<\/a>, <br>Corriere della Sera, 11.10.25<\/p>\n\n\n\n<hr class=\"wp-block-separator has-alpha-channel-opacity\"\/>\n\n\n\n<h5 class=\"wp-block-heading has-text-align-center\">Ottobre 2025<\/h5>\n\n\n\n<p class=\"has-text-align-center\">\u00abLa Corte [Costituzionale] ha chiarito che il requisito del trattamento&nbsp;di sostegno vitale comprende anche tutte quelle forme di&nbsp;assistenza senza le quali la persona non potrebbe sopravvivere,&nbsp;incluse quelle garantite quotidianamente da caregiver e familiari.&nbsp;Negare questa evidenza significa violare i diritti fondamentali di una&nbsp;persona malata che soffre, privandola della possibilit\u00e0 di esercitare ora,&nbsp;mentre \u00e8 ancora capace di autodeterminarsi, la libert\u00e0 di scegliere il proprio fine vita\u00bb.<\/p>\n\n\n\n<p class=\"has-text-align-center\">Filomena Gallo, Associazione Luca Coscioni<\/p>\n\n\n\n<p class=\"has-text-align-center\">In: <a href=\"https:\/\/www.lavocedigenova.it\/2025\/09\/13\/leggi-notizia\/argomenti\/attualita-4\/articolo\/chiede-suicidio-assistito-ma-la-asl-nega-rifiuto-illegittimo.html\" target=\"_blank\" rel=\"noreferrer noopener\">\u00abChiede suicidio assistito, ma la Asl nega: \u2039Rifiuto illegittimo\u203a\u00bb<\/a>,&nbsp;<br>La Voce di Genova, 13.9.25<\/p>\n\n\n\n<hr class=\"wp-block-separator has-alpha-channel-opacity\"\/>\n\n\n\n<h5 class=\"wp-block-heading has-text-align-center\">Settembre 2025<\/h5>\n\n\n\n<p class=\"has-text-align-center\">\u00abLa vita \u00e8 degna di essere vissuta, se uno lo vuole,&nbsp;anche fino a 100 anni e nelle condizioni pi\u00f9 feroci&nbsp;<br>&#8211; le sue ultime parole &#8211; ma dobbiamo essere noi che&nbsp;viviamo questa sofferenza estrema a decidere e nessun altro\u00bb. <\/p>\n\n\n\n<p class=\"has-text-align-center\">Laura Santi, giornalista<\/p>\n\n\n\n<p class=\"has-text-align-center\">In: <a href=\"https:\/\/torinocronaca.it\/news\/torino\/547254\/fine-vita-un-picco-di-domande-in-piemonte-in-un-anno-oltre-mille-richieste-di-informazioni.html\" target=\"_blank\" rel=\"noreferrer noopener\">\u00abFine vita, un picco di domande in Piemonte:&nbsp;\u2039In un anno oltre mille richieste di informazioni\u203a\u00bb<\/a>,&nbsp;<br>Torino Cronaca, 23.8.25<\/p>\n\n\n\n<hr class=\"wp-block-separator has-alpha-channel-opacity\"\/>\n\n\n\n<h5 class=\"wp-block-heading has-text-align-center\">Agosto 2025<\/h5>\n\n\n\n<p class=\"has-text-align-center\">\u00abI miei tempi non sono quelli della politica. I parlamentari hanno rinviato la discussione sul fine vita a settembre,&nbsp;come se la mia malattia potesse prendersi una pausa estiva.&nbsp;I miei tempi non sono neanche quelli della giustizia. I giudici chiedono&nbsp;altra documentazione [\u2026] Ma ogni giorno in pi\u00f9, per me, \u00e8&nbsp;\u2039sofferenza\u203a, \u2039tortura\u203a, \u2039umiliazione\u203a. Vi chiedo una sola cosa: fate presto.\u00bb<\/p>\n\n\n\n<p class=\"has-text-align-center\">Libera<\/p>\n\n\n\n<p class=\"has-text-align-center\">Nel: \u00abFine vita, nuovo appello di \u2039Libera\u203a alla politica. Ass. Coscioni:&nbsp;\u2039La Consulta non ha detto no all\u2019eutanasia, la nostra battaglia va avanti\u203a\u00bb,&nbsp;<a href=\"https:\/\/www.novaradio.info\/2025\/07\/28\/fine-vita-associazione-coscioni-la-consulta-non-ha-detto-no-nel-merito-la-nostra-battaglia-per-libera-e-gli-altri-va-avanti-ascolta\/\" target=\"_blank\" rel=\"noreferrer noopener\"><br>Nova Radio<\/a>, 28.7.25<\/p>\n\n\n\n<hr class=\"wp-block-separator has-alpha-channel-opacity\"\/>\n\n\n\n<h5 class=\"wp-block-heading has-text-align-center\">Luglio 2025<\/h5>\n\n\n\n<p class=\"has-text-align-center\">\u00abLa legge toscana sul fine vita, frutto di un&#8217;iniziativa popolare sostenuta da oltre 11.000 persone, \u00e8 un atto di civilt\u00e0 e responsabilit\u00e0 che garantisce tempi certi per l&#8217;accesso all&#8217;aiuto medico alla morte volontaria, applicando quanto gi\u00e0 stabilito dalla Corte costituzionale\u00bb.<\/p>\n\n\n\n<p class=\"has-text-align-center\">Filomena Gallo und Marco Cappato, <br>Associazione Luca Coscioni<\/p>\n\n\n\n<p class=\"has-text-align-center\">In: <a href=\"https:\/\/www.ansa.it\/toscana\/notizie\/2025\/06\/11\/suicidio-assistito-in-toscana-e-il-primo-caso-dopo-la-legge-regionale_fce54d07-b65f-4243-8af3-fc3de6d8a1e8.html\" target=\"_blank\" rel=\"noreferrer noopener\">\u00abSuicidio assistito in Toscana, \u00e8 il primo caso dopo la legge regionale\u00bb<\/a>, <br>Ansa.it, 12.6.25<\/p>\n\n\n\n<hr class=\"wp-block-separator has-alpha-channel-opacity\"\/>\n\n\n\n<h5 class=\"wp-block-heading has-text-align-center\">Giugno 2025<\/h5>\n\n\n\n<p class=\"has-text-align-center\">\u00abDiventa quindi cruciale garantire adeguate forme di sostegno sociale, di assistenza sanitaria e sociosanitaria domiciliare continuativa, perch\u00e9 la presenza o meno di queste forme di assistenza condiziona le scelte della persona malata e pu\u00f2 costituire lo spartiacque tra la scelta di vita e la richiesta di morte.\u00bb <\/p>\n\n\n\n<p class=\"has-text-align-center\">Corte costituzionale<\/p>\n\n\n\n<p class=\"has-text-align-center\">In: \u00abFine vita, la Corte costituzionale insiste: \u2039Una legge sul suicidio assistito\u203a. Ma in Senato salta il testo base\u00bb, <br><a href=\"https:\/\/www.corriere.it\/cronache\/25_maggio_20\/fine-vita-la-corte-costituzionale-insiste-una-legge-sul-suicidio-assistito-ma-in-senato-salta-il-testo-base-bf988e0d-b61c-43a1-aae4-f07bba593xlk.shtml\" target=\"_blank\" rel=\"noreferrer noopener\">Corriere della Sera<\/a>, 20.5.25<\/p>\n\n\n\n<hr class=\"wp-block-separator has-alpha-channel-opacity\"\/>\n\n\n\n<h5 class=\"wp-block-heading has-text-align-center\">Maggio 2025<\/h5>\n\n\n\n<p class=\"has-text-align-center\">\u00abHo conosciuto il dolore fisico lancinante, che poi per fortuna, sono riuscito ad arginare con dei farmaci, ancora ora non so che strada prender\u00e0, non ci voglio pensare, ma potrebbe anche accadere che non sia pi\u00f9 governabile e pu\u00f2 accadere a chiunque di trovarsi di fronte a un dolore fisico insopportabile. Per cui il tema bioetico del suicidio assistito \u00e8 molto importante e deve essere affrontato. Lo stato non pu\u00f2 intromettersi in una questione cos\u00ec profonda e cos\u00ec vicina all\u2019individualit\u00e0. Dal punto di vista filosofico \u00e8 semplice: tu mi dai tutte le possibilit\u00e0 di scelta poi io secondo la mia fede e la mia ideologia posso scegliere. Voglio vivere in una societ\u00e0 che mi d\u00e0 tutte le possibilit\u00e0.\u00bb<\/p>\n\n\n\n<p class=\"has-text-align-center\">Giovanni Allevi<br>Musicista<\/p>\n\n\n\n<p class=\"has-text-align-center\">in: \u00abCi vorrebbe un via libera sul suicidio assistito, lo stato dovrebbe dare a tutti la possibilit\u00e0 di scegliere\u203a\u00bb, <br><a href=\"https:\/\/www.vanityfair.it\/article\/giovanni-allevi-al-vanity-fair-stories-ci-vorrebbe-un-via-libera-sul-suicidio-assistito-lo-stato-dovrebbe-dare-a-tutti-la-possibilita-di-scegliere\" target=\"_blank\" rel=\"noreferrer noopener\">Vanity Fair<\/a>, 23.11.24<\/p>\n\n\n\n<hr class=\"wp-block-separator has-alpha-channel-opacity\"\/>\n\n\n\n<h5 class=\"wp-block-heading has-text-align-center\">Aprile 2025<\/h5>\n\n\n\n<p class=\"has-text-align-center\">\u00abLui ha sempre detto che se la vita lo avesse messo davanti a una scelta, avrebbe voluto essere libero di farla e quando purtroppo \u00e8 successo, dopo tre anni di battaglia con la malattia, ha detto: adesso basta, io non accetto di non essere libero.\u00bb<\/p>\n\n\n\n<p class=\"has-text-align-center\">Figlio di Romano<\/p>\n\n\n\n<p class=\"has-text-align-center\">In: \u00abFine vita, i figli di Elena e Romano alla Consulta: \u2039Hanno scelto di non cadere nel baratro\u203a\u00bb<br><a href=\"https:\/\/www.ilfattoquotidiano.it\/2025\/03\/26\/fine-vita-i-figli-di-elena-e-romano-alla-consulta-hanno-scelto-di-non-cadere-nel-baratro\/7929273\/\" target=\"_blank\" rel=\"noreferrer noopener\">Il Fatto Quotidiano<\/a>, 26.3.25<\/p>\n\n\n\n<hr class=\"wp-block-separator has-alpha-channel-opacity\"\/>\n\n\n\n<h5 class=\"wp-block-heading has-text-align-center\">Marzo 2025<\/h5>\n\n\n\n<p class=\"has-text-align-center\">\u00abLa vita \u00e8 divina o umana? Appartiene all\u2019uomo o \u00e8 un dono di Dio? L\u2019eutanasia \u00e8 un atto di libert\u00e0 o una sconfitta dell\u2019umanit\u00e0? C\u2019\u00e8 un vero confine tra aiuto a morire e aiuto nel morire? E soprattutto [\u2026] La scelta di farla finita ha che fare con la libert\u00e0 e la dignit\u00e0 o con l\u2019incapacit\u00e0 della societ\u00e0 di alleviare le pene dei sofferenti, colmandoli dell\u2019amore e della speranza necessari per continuare a portare la croce?\u00bb<\/p>\n\n\n\n<p class=\"has-text-align-center\">Francesco Caringella, <br>autore e giurista<\/p>\n\n\n\n<p class=\"has-text-align-center\">In <a href=\"https:\/\/www.mondadori.it\/voce-all-autore-mondadori\/suicidio-assistito-e-eutanasia-la-parola-a-francesco-caringella-e-al-suo-romanzo\/\" target=\"_blank\" rel=\"noreferrer noopener\">un&#8217;intervista<\/a> con la casa editrice Mondadori: \u00abSuicidio assistito ed eutanasia, la parola a Francesco Caringella e al suo romanzo\u00bb, <br>17.2.25<\/p>\n\n\n\n<hr class=\"wp-block-separator has-alpha-channel-opacity\"\/>\n\n\n\n<h5 class=\"wp-block-heading has-text-align-center\">Febbraio 2025<\/h5>\n\n\n\n<p class=\"has-text-align-center\">\u00abIl suicidio assistito in Italia \u00e8 gi\u00e0 possibile grazie alla sentenza della Corte Costituzionale, ma la mancanza di regole chiare e tempi certi continua a costringere le persone a combattere per anni.\u00bb<\/p>\n\n\n\n<p class=\"has-text-align-center\">Filomena Gallo e Marco Cappato, <br>segretaria e tesoriere dell&#8217;Associazione Luca Coscioni<\/p>\n\n\n\n<p class=\"has-text-align-center\">In: \u00abFine vita, associazione Coscioni: \u2039In Lombardia via libera per un paziente\u203a\u00bb,<br><a href=\"https:\/\/www.ansa.it\/lombardia\/notizie\/2024\/11\/18\/fine-vita-ass.coscioni-in-lombardia-via-libera-per-un-paziente_9b7c501c-732e-4436-abc7-4ac8839ce158.html\" target=\"_blank\" rel=\"noreferrer noopener\">ANSA.it<\/a>, 19.11.24<\/p>\n\n\n\n<hr class=\"wp-block-separator has-alpha-channel-opacity\"\/>\n\n\n\n<h5 class=\"wp-block-heading has-text-align-center\">Gennaio 2025<\/h5>\n\n\n\n<p class=\"has-text-align-center\">\u00abIo non vi dico di prepararvi all\u2019altra vita, ma di usare bene quest\u2019unica vita che vi \u00e8 data, per affrontare, quando verr\u00e0, l\u2019unica morte di cui avrete mai esperienza. \u00c8 necessario meditare prima, e molte volte, sull\u2019arte del morire, per riuscire dopo a farlo bene una sola volta.\u00bb<\/p>\n\n\n\n<p class=\"has-text-align-center\">Umberto Eco,<br>filosofo e scrittore<\/p>\n\n\n\n<p class=\"has-text-align-center\">in: \u00abL\u2019isola del giorno prima\u00bb<\/p>\n\n\n\n<hr class=\"wp-block-separator has-alpha-channel-opacity\"\/>\n\n\n\n<h5 class=\"wp-block-heading has-text-align-center\">Dicembre 2024<\/h5>\n\n\n\n<p class=\"has-text-align-center\">\u00abMa io sapr\u00f2 gestire tutto il peso di questa libert\u00e0. Sapr\u00f2 apprezzare come e ancora pi\u00f9 di prima i piccoli scampoli di tregua dalla malattia, sempre pi\u00f9 risicati, e i momenti residui di bellezza e affetto che ancora questa vita come tutte le vite pu\u00f2 riservarmi. Mi affaccer\u00f2 con rispetto e consapevolezza a quel &#8216;parapetto&#8217; da cui tanto desideravo affacciarmi. Mi sentir\u00f2 ancora pi\u00f9 di prima connessa agli affetti e al mondo, perch\u00e9 nonostante la sofferenza individuale, il mondo con le sue ingiustizie e le sue dinamiche resta tremendamente interessante. E la vita, che per me \u00e8 una e soltanto una, non va lasciata in un momento di perdita di lucidit\u00e0 ma va goduta fino in fondo, assaporata fino in fondo, anche sofferta, fino in fondo. Se la quotidianit\u00e0 \u00e8 diventata una gabbia di cemento per una malattia che ti ha tolto negli anni tutto, il chiavistello di quella gabbia da oggi ce l&#8217;hai soltanto tu. \u00c8 una libert\u00e0 spaventosa, per quanto \u00e8 grande. E io sono sicura che sapr\u00f2 rispettarla, tenergli testa, farne buon uso per tutto il tempo che vorr\u00f2 ancora vivere. Malata, compromessa, inerte, ma di nuovo e finalmente per l&#8217;ultima volta padrona della mia esistenza.\u00bb<\/p>\n\n\n\n<p class=\"has-text-align-center\">Laura Santi e Stefano Massoli<\/p>\n\n\n\n<p class=\"has-text-align-center\">In: \u00abIo, Stefano e la sclerosi multipla: la libert\u00e0 pi\u00f9 grande\u00bb, <br><a href=\"https:\/\/www.vanityfair.it\/article\/io-stefano-e-la-sclerosi-multipla-la-liberta-piu-grande\" target=\"_blank\" rel=\"noreferrer noopener\">Vanity Fair<\/a>, 18.11.24<\/p>\n\n\n\n<hr class=\"wp-block-separator has-alpha-channel-opacity\"\/>\n\n\n\n<h5 class=\"wp-block-heading has-text-align-center\">Novembre 2024<\/h5>\n\n\n\n<p class=\"has-text-align-center\"><em>\u00abRecentemente, Pedro Almod\u00f3var ha vinto il Leone d\u2019Oro con The room next door, un film che affronta il tema dell\u2019eutanasia. Nel suo discorso di ringraziamento, il regista ha sottolineato l\u2019importanza di trattare questo argomento non solo dal punto di vista politico, ma anche umano, e la sua dichiarazione ha suscitato un dibattito internazionale. Secondo lei, \u00e8 possibile separare la dimensione politica e quella umana?<\/em><\/p>\n\n\n\n<p class=\"has-text-align-center\">Purtroppo no, perch\u00e9 nel momento in cui le leggi dello Stato impediscono alle persone di scegliere liberamente, il problema politico e quello umano si intrecciano e non possono essere separati. Dobbiamo distinguere tra la realt\u00e0 del problema, vissuta quotidianamente dalle persone, e l\u2019atteggiamento della politica, dei leader di partito e delle Istituzioni. Il successo del film di Almod\u00f3var \u00e8 la conferma di ci\u00f2 che accade da vent\u2019anni: la societ\u00e0 \u00e8 pronta ad affrontare il tema del fine vita. Questo argomento \u00e8 gi\u00e0 parte del vissuto delle persone, come dimostrano i sondaggi che in Italia indicano una maggioranza chiacciante a favore della legalizzazione dell\u2019eutanasia. Cultura e arte riflettono questa sensibilit\u00e0 da tempo, basti pensare a film come Mare Dentro o Le invasioni barbariche. Sono passati anni, ma questi temi sono rimasti rilevanti.\u00bb<\/p>\n\n\n\n<p class=\"has-text-align-center\">Marco Cappato,<br>Tesoriere Associazione Luca Coscioni<\/p>\n\n\n\n<p class=\"has-text-align-center\">in: \u00abVerso la fine\u00bb,&nbsp;<br><a href=\"https:\/\/ilmondo-rivista.it\/verso-la-fine\/\" target=\"_blank\" rel=\"noreferrer noopener\">Il Mondo<\/a>, 15.10.24<\/p>\n\n\n\n<hr class=\"wp-block-separator has-alpha-channel-opacity\"\/>\n\n\n\n<h5 class=\"wp-block-heading has-text-align-center\">Ottobre 2024<\/h5>\n\n\n\n<p class=\"has-text-align-center\">\u00abLo Stato dovrebbe dare a tutti la possibilit\u00e0 di scegliere il modo in cui terminare la propria vita, lo Stato non pu\u00f2 intromettersi in questioni cos\u00ec delicate ed individuali per questioni ideologiche. Cos\u00ec \u00e8 avvenuto nel caso dell\u2019aborto e divorzio, grandi battaglie del passato.\u00bb<\/p>\n\n\n\n<p class=\"has-text-align-center\">Giovanni Allevi,<br>musicista<\/p>\n\n\n\n<p class=\"has-text-align-center\">In: \u00abEutanasia tra arte e politica\u00bb, 27.9.24, <br><a href=\"https:\/\/www.associazionelucacoscioni.it\/notizie\/blog\/eutanasia-tra-arte-e-politica\" target=\"_blank\" rel=\"noreferrer noopener\">Blog<\/a> dell&#8217;Associazione Luca Coscioni<\/p>\n\n\n\n<hr class=\"wp-block-separator has-alpha-channel-opacity\"\/>\n\n\n\n<h5 class=\"wp-block-heading has-text-align-center\">Settembre 2024<\/h5>\n\n\n\n<p class=\"has-text-align-center\">\u00abImmaginate cosa voglia dire non andare pi\u00f9 in vacanza, a mangiare, a bere, godere la vita. Eppure io cerco di farmela piacere uguale, chiusa in casa. Ho tutto il mondo dentro, \u00e8 doloroso. Un normodotato non pu\u00f2 neanche immaginare.\u00bb<\/p>\n\n\n\n<p class=\"has-text-align-center\">Martina Oppellio<\/p>\n\n\n\n<p class=\"has-text-align-center\">in: \u00abSuicidio assistito, Martina Oppelli denuncia l&#8217;Asl per tortura: \u2039Valuto sempre l&#8217;ipotesi di andare all&#8217;estero\u203a\u00bb <br>=&gt; <a href=\"https:\/\/www.ansa.it\/sito\/notizie\/cronaca\/2024\/08\/29\/suicidio-assistito-martina-denuncia-lasl-per-tortura-_a0377bd9-aa50-4751-a2b7-ce6274ca8512.html\" target=\"_blank\" rel=\"noreferrer noopener\">di pi\u00f9<\/a><\/p>\n\n\n\n<hr class=\"wp-block-separator has-alpha-channel-opacity\"\/>\n\n\n\n<h5 class=\"wp-block-heading has-text-align-center\">Aprile 2024<\/h5>\n\n\n\n<p class=\"has-text-align-center\">\u00abSull\u2019eutanasia ogni Stato membro deve poter legiferare sulla base della propria tradizione giuridica e amministrativa, ma sempre rispettando i principi riconosciuti dalla stessa Corte europea dei diritti umani, secondo la quale ciascun individuo ha diritto a decidere con quali mezzi e in che momento porre fine alla propria vita. Essendo l\u2019Unione europea anche uno spazio di libera circolazione delle persone, \u00e8 fondamentale che lo sia anche relativamente al diritto alla salute nelle scelte di fine vita.\u00bb<\/p>\n\n\n\n<p class=\"has-text-align-center\">Marco Cappato, Tesoriere <a href=\"https:\/\/www.associazionelucacoscioni.it\/cosa-facciamo\/fine-vita-e-eutanasia?_gl=1*7jkw92*_up*MQ..*_ga*ODgzMzU3MjkwLjE3MTIzMzI3NTQ.*_ga_QQMZLR1HRV*MTcxMjMzMjc1NC4xLjAuMTcxMjMzMzAyMC4wLjAuMA..\" target=\"_blank\" rel=\"noreferrer noopener\">Associazione Luca Coscioni, <\/a>Presidente <a href=\"https:\/\/www.eumans.eu\/\" target=\"_blank\" rel=\"noreferrer noopener\">EUMANS! &#8211; il movimento paneuropeo dei cittadini<\/a><\/p>\n\n\n\n<p class=\"has-text-align-center\">in: \u00ab28 Ong da tutta Europa lanciano petizione per inserire morte assistita volontaria tra diritti Ue\u00bb =&gt; <a href=\"https:\/\/websalute.it\/eutanasia-28-ong-da-tutta-europa-lanciano-petizione-per-inserire-morte-assistita-volontaria-tra-diritti-ue\/\" target=\"_blank\" rel=\"noreferrer noopener\">di pi\u00f9<\/a><\/p>\n\n\n\n<hr class=\"wp-block-separator has-alpha-channel-opacity\"\/>\n\n\n\n<h5 class=\"wp-block-heading has-text-align-center\">Marzo 2017<\/h5>\n\n\n\n<p class=\"has-text-align-center\">\u00ab\u00c8 veramente una vergogna che nessuno dei parlamentari abbia il coraggio de mettere la faccia per una legge che \u00e8 dedicata alle persone che soffrono, e non possono morire a casa propria, e che devono andare negli altri paesi per godere di una legge che potrebbe esserci anche in Italia.\u00bb<\/p>\n\n\n\n<p class=\"has-text-align-center\">Fabiano Antoniani (\u00abDJ Fabo\u00bb)<\/p>\n\n\n\n<p class=\"has-small-font-size\"><em><a href=\"#cit-in-alto\">in alto<\/a><\/em><\/p>\n","protected":false},"excerpt":{"rendered":"<p>Aprile 2026 E come uomo, invece?\u00abLa questione mi tocca molto. Se mi trovassi in una condizione di grave sofferenza senza possibilit\u00e0 di migliorare, vorrei poter decidere del mio destino e autodeterminarmi, certo\u00bb. Antonio Rinaudo, presidente del Comitato etico territoriale e ex magistrato In: \u00abSuicidio assistito in Piemonte, il presidente del Comitato etico Rinaudo: \u2039Nel 2023 [&hellip;]<\/p>\n","protected":false},"author":1,"featured_media":0,"parent":0,"menu_order":0,"comment_status":"closed","ping_status":"closed","template":"","meta":{"_acf_changed":false,"_editorskit_title_hidden":false,"_editorskit_reading_time":0,"_editorskit_is_block_options_detached":false,"_editorskit_block_options_position":"{}","footnotes":""},"class_list":["post-1564","page","type-page","status-publish","hentry"],"acf":[],"_links":{"self":[{"href":"https:\/\/dignitas.ch\/it\/wp-json\/wp\/v2\/pages\/1564","targetHints":{"allow":["GET"]}}],"collection":[{"href":"https:\/\/dignitas.ch\/it\/wp-json\/wp\/v2\/pages"}],"about":[{"href":"https:\/\/dignitas.ch\/it\/wp-json\/wp\/v2\/types\/page"}],"author":[{"embeddable":true,"href":"https:\/\/dignitas.ch\/it\/wp-json\/wp\/v2\/users\/1"}],"replies":[{"embeddable":true,"href":"https:\/\/dignitas.ch\/it\/wp-json\/wp\/v2\/comments?post=1564"}],"version-history":[{"count":27,"href":"https:\/\/dignitas.ch\/it\/wp-json\/wp\/v2\/pages\/1564\/revisions"}],"predecessor-version":[{"id":11377,"href":"https:\/\/dignitas.ch\/it\/wp-json\/wp\/v2\/pages\/1564\/revisions\/11377"}],"wp:attachment":[{"href":"https:\/\/dignitas.ch\/it\/wp-json\/wp\/v2\/media?parent=1564"}],"curies":[{"name":"wp","href":"https:\/\/api.w.org\/{rel}","templated":true}]}}