    {"id":1489,"date":"2023-09-11T11:18:49","date_gmt":"2023-09-11T09:18:49","guid":{"rendered":"https:\/\/dev.dignitas.bertastrasse1.ch\/literatur\/"},"modified":"2025-07-22T17:17:10","modified_gmt":"2025-07-22T15:17:10","slug":"letteratura","status":"publish","type":"page","link":"https:\/\/dignitas.ch\/it\/da-sapere\/letteratura\/","title":{"rendered":"Letteratura"},"content":{"rendered":"\n<h4 class=\"wp-block-heading\">Poesia Errabonda<\/h4>\n\n\n\n<p>in forma di lettera d&#8217;addioa parenti, amici e conoscenti<br>di Nail Chiodo (pseudonimo of Luigi Attardi) <a href=\"http:\/\/nailchiodo.com\/\" target=\"_blank\" rel=\"noopener\">www.nailchiodo.com<\/a><\/p>\n\n\n\n<p>originale in inglese; traduzione francese di Fr\u00e9d\u00e9ric D\u00e9v\u00e9 e italiana di Franceso Dalessandro <\/p>\n\n\n\n<p>Libretto disponibile da \/ ordini a:<br>Edizioni Empiria<br>Via Bacchina <br>7900184 Roma, Italia<br>Tel &amp; fax +39 058 0177 1006<br><a href=\"http:\/\/www.empiria.com\" target=\"_blank\" rel=\"noopener\">www.empiria.com<\/a> \/   <a href=\"mailto:mail@empiria.com\">mail@empiria.com<\/a><\/p>\n","protected":false},"excerpt":{"rendered":"<p>Poesia Errabonda in forma di lettera d&#8217;addioa parenti, amici e conoscentidi Nail Chiodo (pseudonimo of Luigi Attardi) www.nailchiodo.com originale in inglese; traduzione francese di Fr\u00e9d\u00e9ric D\u00e9v\u00e9 e italiana di Franceso Dalessandro Libretto disponibile da \/ ordini a:Edizioni EmpiriaVia Bacchina 7900184 Roma, ItaliaTel &amp; fax +39 058 0177 1006www.empiria.com \/ mail@empiria.com<\/p>\n","protected":false},"author":1,"featured_media":0,"parent":343,"menu_order":0,"comment_status":"closed","ping_status":"closed","template":"","meta":{"_acf_changed":false,"_editorskit_title_hidden":false,"_editorskit_reading_time":0,"_editorskit_is_block_options_detached":false,"_editorskit_block_options_position":"{}","footnotes":""},"class_list":["post-1489","page","type-page","status-publish","hentry"],"acf":[],"_links":{"self":[{"href":"https:\/\/dignitas.ch\/it\/wp-json\/wp\/v2\/pages\/1489","targetHints":{"allow":["GET"]}}],"collection":[{"href":"https:\/\/dignitas.ch\/it\/wp-json\/wp\/v2\/pages"}],"about":[{"href":"https:\/\/dignitas.ch\/it\/wp-json\/wp\/v2\/types\/page"}],"author":[{"embeddable":true,"href":"https:\/\/dignitas.ch\/it\/wp-json\/wp\/v2\/users\/1"}],"replies":[{"embeddable":true,"href":"https:\/\/dignitas.ch\/it\/wp-json\/wp\/v2\/comments?post=1489"}],"version-history":[{"count":7,"href":"https:\/\/dignitas.ch\/it\/wp-json\/wp\/v2\/pages\/1489\/revisions"}],"predecessor-version":[{"id":9167,"href":"https:\/\/dignitas.ch\/it\/wp-json\/wp\/v2\/pages\/1489\/revisions\/9167"}],"up":[{"embeddable":true,"href":"https:\/\/dignitas.ch\/it\/wp-json\/wp\/v2\/pages\/343"}],"wp:attachment":[{"href":"https:\/\/dignitas.ch\/it\/wp-json\/wp\/v2\/media?parent=1489"}],"curies":[{"name":"wp","href":"https:\/\/api.w.org\/{rel}","templated":true}]}}