    {"id":1438,"date":"2023-09-11T11:13:04","date_gmt":"2023-09-11T09:13:04","guid":{"rendered":"https:\/\/dev.dignitas.bertastrasse1.ch\/wissen\/lexicon\/"},"modified":"2024-06-25T17:48:04","modified_gmt":"2024-06-25T15:48:04","slug":"glossario","status":"publish","type":"page","link":"https:\/\/dignitas.ch\/it\/da-sapere\/glossario\/","title":{"rendered":"Glossario"},"content":{"rendered":"\n<p id=\"glossario-in-alto\"><\/p>\n\n\n\n<p>Accompagnamento alla morte volontaria, suicidio assistito ed eutanasia non sono la stessa cosa:<\/p>\n\n\n\n<p><em><strong>A<\/strong>ccompagnamento alla morte<\/em>: comprende ogni sostegno medico e assistenza umana al morente, purch\u00e9 non si accorci la vita. Il paziente non viene lasciato da solo, bens\u00ec accompagnato. C\u2019\u00e8 qualcuno al suo fianco.<\/p>\n\n\n\n<p><em><strong>A<\/strong>ccompagnamento alla morte volontaria \/ suicidio accompagnato<\/em>: questa forma comprende elementi dell\u2019aiuto al suicidio e dell\u2019accompagnamento alla morte. \u00c8 quella che organizzazioni come DIGNITAS, EXIT ecc. offrono ai loro membri. Il paziente commette un suicidio ben preparato e ponderato, ma non viene lasciato solo. \u00c8 accompagnato e assistito, se possibile a casa, in presenza di familiari e amici.<\/p>\n\n\n\n<p><em><strong>A<\/strong>iuto al suicidio<\/em>: al contrario dell\u2019eutanasia, nel caso dell\u2019aiuto al suicidio il paziente mantiene il controllo degli eventi. Egli decide autonomamente in merito alla sua vita ed \u00e8 lui a compiere l\u2019atto finale. In Svizzera, questo aiuto \u00e8 ammesso, purch\u00e9 non entrino in gioco motivi egoistici (art. 115 del Codice penale svizzero).<\/p>\n\n\n\n<p><em><strong>E<\/strong>utanasia<\/em>: \u00e8 un termine greco che significa \u00abbuona morte\u00bb. Esso viene utilizzato in una moltitudine di contesti, che variano dall\u2019omicidio su richiesta alla soppressione di animali, agli atti orripilanti commessi ai tempi nel nazionalsocialismo. Visto che \u00e8 poco preciso, questo termine non dovrebbe essere utilizzato parlando di accompagnamento alla morte volontaria.<\/p>\n\n\n\n<p><em><strong>E<\/strong>utanasia attiva diretta su richiesta<\/em>: il paziente chiede a un terzo di porre fine alla sua vita, p.es. con l\u2019iniezione di un medicinale letale. In Svizzera \u00e8 vietato. A severissime condizioni, i medici sono autorizzati a praticarlo in Belgio, Olanda e Lussemburgo.<\/p>\n\n\n\n<p><em><strong>E<\/strong>utanasia attiva diretta senza una richiesta esplicita<\/em>: vietato.<\/p>\n\n\n\n<p><em><strong>E<\/strong>utanasia attiva indiretta<\/em>: per lenirne le sofferenze, al paziente vengono somministrati medicinali, i cui effetti collaterali, involontari ma non sempre evitabili, possono ridurre la durata di vita o accelerare il decesso. Esempio: cura palliativa per i malati terminali di cancro. Questa forma di suicidio assistito non \u00e8 regolata esplicitamente nella legge, ma fondamentalmente \u00e8 considerata ammessa ed \u00e8 praticata in tutto il mondo.<\/p>\n\n\n\n<p><em><strong>E<\/strong>utanasia passiva (\u00ablasciar morire\u00bb)<\/em>: rinuncia a svolgere terapie volte a tenere in vita il paziente o ad allungarne la vita, interruzione delle cure e della somministrazione di cibo e liquidi. Questa forma \u00e8 legale.<\/p>\n\n\n\n<p class=\"has-small-font-size\"><em><a href=\"#glossario-in-alto\" class=\"ek-link\">in alto<\/a><\/em><\/p>\n","protected":false},"excerpt":{"rendered":"<p>Accompagnamento alla morte volontaria, suicidio assistito ed eutanasia non sono la stessa cosa: Accompagnamento alla morte: comprende ogni sostegno medico e assistenza umana al morente, purch\u00e9 non si accorci la vita. Il paziente non viene lasciato da solo, bens\u00ec accompagnato. C\u2019\u00e8 qualcuno al suo fianco. Accompagnamento alla morte volontaria \/ suicidio accompagnato: questa forma comprende [&hellip;]<\/p>\n","protected":false},"author":1,"featured_media":0,"parent":343,"menu_order":0,"comment_status":"closed","ping_status":"closed","template":"","meta":{"_acf_changed":false,"_editorskit_title_hidden":false,"_editorskit_reading_time":0,"_editorskit_is_block_options_detached":false,"_editorskit_block_options_position":"{}","footnotes":""},"class_list":["post-1438","page","type-page","status-publish","hentry"],"acf":[],"_links":{"self":[{"href":"https:\/\/dignitas.ch\/it\/wp-json\/wp\/v2\/pages\/1438","targetHints":{"allow":["GET"]}}],"collection":[{"href":"https:\/\/dignitas.ch\/it\/wp-json\/wp\/v2\/pages"}],"about":[{"href":"https:\/\/dignitas.ch\/it\/wp-json\/wp\/v2\/types\/page"}],"author":[{"embeddable":true,"href":"https:\/\/dignitas.ch\/it\/wp-json\/wp\/v2\/users\/1"}],"replies":[{"embeddable":true,"href":"https:\/\/dignitas.ch\/it\/wp-json\/wp\/v2\/comments?post=1438"}],"version-history":[{"count":4,"href":"https:\/\/dignitas.ch\/it\/wp-json\/wp\/v2\/pages\/1438\/revisions"}],"predecessor-version":[{"id":5235,"href":"https:\/\/dignitas.ch\/it\/wp-json\/wp\/v2\/pages\/1438\/revisions\/5235"}],"up":[{"embeddable":true,"href":"https:\/\/dignitas.ch\/it\/wp-json\/wp\/v2\/pages\/343"}],"wp:attachment":[{"href":"https:\/\/dignitas.ch\/it\/wp-json\/wp\/v2\/media?parent=1438"}],"curies":[{"name":"wp","href":"https:\/\/api.w.org\/{rel}","templated":true}]}}