    {"id":1363,"date":"2023-09-11T11:03:57","date_gmt":"2023-09-11T09:03:57","guid":{"rendered":"https:\/\/dev.dignitas.bertastrasse1.ch\/dokumentation\/broschuere-dignitas-kurzportrait\/"},"modified":"2025-12-02T16:49:21","modified_gmt":"2025-12-02T15:49:21","slug":"breve-presentazione","status":"publish","type":"page","link":"https:\/\/dignitas.ch\/it\/documenti\/breve-presentazione\/","title":{"rendered":"Breve presentazione di DIGNITAS"},"content":{"rendered":"\n<p id=\"breve-presentazione-in-alto\"><\/p>\n\n\n\n<h4 class=\"wp-block-heading\">Chi siamo e che cosa facciamo?<\/h4>\n\n\n\n<p>\u00abDIGNITAS \u2013 Vivere degnamente \u2013 Morire degnamente\u00bb \u00e8 un\u2019associazione di pubblica utilit\u00e0 costituita nel 1998 con sede in Svizzera e membri e sostenitori in tutto il mondo. DIGNITAS si impegna per la promozione, l\u2019esercizio e la salvaguardia della libert\u00e0 di scelta, dell\u2019autodeterminazione e della responsabilit\u00e0 individuale in vita e alla fine della vita. Ci\u00f2 comprende anche il diritto di ogni persona di decidere in quale modo e in quale momento la sua vita deve terminare.<\/p>\n\n\n\n<p>DIGNITAS si impegna in Svizzera e all\u2019estero per i diritti umani seguendo le vie giuridica e politica, e con la sua quotidiana opera di consulenza per persone in cerca di aiuto da tutto il mondo.<\/p>\n\n\n\n<h4 class=\"wp-block-heading\">Le nostre attivit\u00e0 principali<\/h4>\n\n\n\n<p>\u2022 Approfondita consulenza e informazione su questioni inerenti alla qualit\u00e0 di vita, all\u2019organizzazione della vita e della fine della vita, alle disposizioni del paziente, alle possibilit\u00e0 di cure palliative ecc.<br>\u2022 Prevenzione del suicidio e dei tentativi di suicidio<br>\u2022 Evoluzione del diritto per la promozione e la salvaguardia della libert\u00e0 di scelta e dell\u2019autodeterminazione<br>\u2022 Scambio di conoscenze con istituzioni ed esperti in campo giuridico e medico<br>\u2022 Accompagnamento alla morte volontaria<\/p>\n\n\n\n<h4 class=\"wp-block-heading\">Che cosa desideriamo ottenere nel mondo?<\/h4>\n\n\n\n<p>Per quale motivo una persona che ha sempre vissuto in modo autodeterminato e guidato dalla responsabilit\u00e0 individuale non dovrebbe poter porre fine nello stesso modo alla propria vita? Perch\u00e9 rifiutarle l\u2019accesso legale all\u2019opzione da lei scelta?<\/p>\n\n\n\n<p>Ogni persona ha il diritto di decidere autonomamente in quale modo e in quale momento la sua vita deve terminare, un diritto riconosciuto dal Tribunale federale svizzero e dalla Corte europea dei diritti dell\u2019uomo nel quadro di una procedura giudiziaria aperta da DIGNITAS. Ogni persona dovrebbe inoltre ricevere sostegno per concretizzare tale decisione qualora, per qualsivoglia motivo, patisse gravi sofferenze e, dopo aver attentamente ponderato tutte le opzioni, giungesse alla conclusione di non disporre pi\u00f9 di alcuna possibilit\u00e0 accettabile per continuare a vivere.<\/p>\n\n\n\n<p>DIGNITAS si impegna in tutto il mondo per far prevalere la libert\u00e0 e i diritti in queste decisioni personali. Lo scopo ultimo \u00e8 quello di diventare un\u2019organizzazione obsoleta. Il giorno in cui l\u2019accesso a un aiuto legale e sicuro per l\u2019attuazione dei desideri concernenti la fine della propria vita sar\u00e0 integrato nel sistema sanitario di tutti i paesi, infatti, nessuno avr\u00e0 pi\u00f9 bisogno del sostegno di DIGNITAS.<\/p>\n\n\n\n<p>Una vita e una fine della vita autodeterminate devono essere scontate!<\/p>\n\n\n\n<h4 class=\"wp-block-heading\">La Svizzera quale modello<\/h4>\n\n\n\n<p>Con una legislazione progressista in molti ambiti, come il suicidio assistito, le disposizioni dei pazienti e le cure palliative, la Svizzera funge da modello nel mondo. DIGNITAS si impegna per la conservazione e l\u2019ulteriore sviluppo di questo approccio umanitario.<\/p>\n\n\n\n<p>DIGNITAS opera accompagnamenti alla morte volontaria con sostegno medico nel quadro delle disposizioni legali svizzere per persone con domicilio in Svizzera e all\u2019estero. L\u2019associazione lavora in modo indipendente dal sistema sanitario pubblico, interfacciandosi con ospedali, istituti di cura, case di cure per lungodegenti, specialisti ecc. Al fine di migliorare la qualit\u00e0 della presa a carico e la libert\u00e0 di scelta, DIGNITAS adotta un approccio globale nella sensibilizzazione e nell\u2019eliminazione di lacune informative, sia tra le persone gravemente malate, sia tra le persone, le istituzioni e gli specialisti che le curano e assistono.<\/p>\n\n\n\n<p>Oltre all\u2019opera di sensibilizzazione e di trasmissione delle conoscenze, DIGNITAS mira a che tutte le sue attivit\u00e0 diventino parte integrante del sistema sanitario pubblico, come avviene gi\u00e0 in Belgio e in Olanda.<\/p>\n\n\n\n<p><strong>Solo chi \u00e8 informato gode di un\u2019autentica libert\u00e0 di scelta!<\/strong><\/p>\n\n\n\n<p><em>Il opuscolo \u00abDignitas &#8211; Breve presentazione\u00bb \u00e8 anche disponibile per <a href=\"http:\/\/dignitas.ch\/images\/stories\/pdf\/kurzportrait-i.pdf\" target=\"_blank\" rel=\"noreferrer noopener\">il download<\/a> in formato PDF.<\/em><\/p>\n\n\n\n<p class=\"has-small-font-size\"><em><a href=\"#breve-presentazione-in-alto\">in alto<\/a><\/em><\/p>\n\n\n\n<p><\/p>\n","protected":false},"excerpt":{"rendered":"<p>Chi siamo e che cosa facciamo? \u00abDIGNITAS \u2013 Vivere degnamente \u2013 Morire degnamente\u00bb \u00e8 un\u2019associazione di pubblica utilit\u00e0 costituita nel 1998 con sede in Svizzera e membri e sostenitori in tutto il mondo. DIGNITAS si impegna per la promozione, l\u2019esercizio e la salvaguardia della libert\u00e0 di scelta, dell\u2019autodeterminazione e della responsabilit\u00e0 individuale in vita e [&hellip;]<\/p>\n","protected":false},"author":1,"featured_media":0,"parent":304,"menu_order":0,"comment_status":"closed","ping_status":"closed","template":"","meta":{"_acf_changed":false,"_editorskit_title_hidden":false,"_editorskit_reading_time":0,"_editorskit_is_block_options_detached":false,"_editorskit_block_options_position":"{}","footnotes":""},"class_list":["post-1363","page","type-page","status-publish","hentry"],"acf":[],"_links":{"self":[{"href":"https:\/\/dignitas.ch\/it\/wp-json\/wp\/v2\/pages\/1363","targetHints":{"allow":["GET"]}}],"collection":[{"href":"https:\/\/dignitas.ch\/it\/wp-json\/wp\/v2\/pages"}],"about":[{"href":"https:\/\/dignitas.ch\/it\/wp-json\/wp\/v2\/types\/page"}],"author":[{"embeddable":true,"href":"https:\/\/dignitas.ch\/it\/wp-json\/wp\/v2\/users\/1"}],"replies":[{"embeddable":true,"href":"https:\/\/dignitas.ch\/it\/wp-json\/wp\/v2\/comments?post=1363"}],"version-history":[{"count":4,"href":"https:\/\/dignitas.ch\/it\/wp-json\/wp\/v2\/pages\/1363\/revisions"}],"predecessor-version":[{"id":10699,"href":"https:\/\/dignitas.ch\/it\/wp-json\/wp\/v2\/pages\/1363\/revisions\/10699"}],"up":[{"embeddable":true,"href":"https:\/\/dignitas.ch\/it\/wp-json\/wp\/v2\/pages\/304"}],"wp:attachment":[{"href":"https:\/\/dignitas.ch\/it\/wp-json\/wp\/v2\/media?parent=1363"}],"curies":[{"name":"wp","href":"https:\/\/api.w.org\/{rel}","templated":true}]}}