    {"id":1353,"date":"2023-09-11T11:02:26","date_gmt":"2023-09-11T09:02:26","guid":{"rendered":"https:\/\/dev.dignitas.bertastrasse1.ch\/dokumentation\/faq\/"},"modified":"2025-03-17T17:29:08","modified_gmt":"2025-03-17T16:29:08","slug":"faq","status":"publish","type":"page","link":"https:\/\/dignitas.ch\/it\/documenti\/faq\/","title":{"rendered":"FAQ"},"content":{"rendered":"\n<p id=\"faq-in-alto\"><\/p>\n\n\n\n<p><em><strong>D<\/strong>: Desidero un\u2019eutanasia attiva diretta \u2026<\/em><br><strong>R<\/strong>: L\u2019eutanasia attiva diretta \u00e8 vietata in Svizzera, cos\u00ec come in Germania, in Austria e nella maggior parte degli altri paesi. In Svizzera \u00e8 consentita l\u2019assistenza al suicidio, purch\u00e9 non sia mossa da motivi egoistici. In determinate circostanze, DIGNITAS pu\u00f2 quindi organizzare un accompagnamento alla morte volontaria per i suoi membri.<br><em>Sapere di pi\u00f9: <a href=\"https:\/\/dignitas.ch\/it\/da-sapere\/glossario\/\" target=\"_blank\" rel=\"noreferrer noopener\">glossario<\/a><\/em><\/p>\n\n\n\n<p><em><strong>D<\/strong>: Che cosa significa \u00abper i suoi membri\u00bb?<\/em><br><strong>R<\/strong>: DIGNITAS \u00e8 un\u2019associazione di diritto svizzero non commerciale e senza scopo di lucro. La maggior parte dei servizi \u00e8 destinata solo ai membri. Fondamentalmente, ogni persona adulta e capace di discernimento pu\u00f2 <a href=\"https:\/\/dignitas.ch\/it\/associazione\/adesione\/\" data-type=\"page\" data-id=\"1119\" target=\"_blank\" rel=\"noreferrer noopener\">aderire<\/a> a DIGNITAS.<\/p>\n\n\n\n<p><em><strong>D<\/strong>: DIGNITAS \u00e8 un\u2019organizzazione di aiuto al suicidio?<\/em><br><strong>R<\/strong>: No, l\u2019attivit\u00e0 di DIGNITAS va ben oltre l\u2019accompagnamento alla morte volontaria. Essa \u00e8 infatti incentrata sulla prevenzione del suicidio, sull\u2019evoluzione del diritto, sulla consulenza ai medici, ai pazienti e ai familiari, su questioni giuridiche legate alla vita e ai diritti del paziente ecc.<\/p>\n\n\n\n<p><em><strong>D<\/strong>: Qual \u00e8 lo scopo di DIGNITAS?<\/em><br><strong>R<\/strong>: Quello di diventare un\u2019associazione superflua, di sparire. Se il concetto di consulenza di DIGNITAS nel campo delle cure palliative, della prevenzione del suicido, delle disposizioni del paziente e dell\u2019accompagnamento alla morte volontaria, nonch\u00e9 il diritto all\u2019autodeterminazione e alla libert\u00e0 di scelta in vita e in fin di vita venissero implementati nel settore sanitario e sociale pubblico, nessuno dovrebbe pi\u00f9 rivolgersi a DIGNITAS.<\/p>\n\n\n\n<p><em><strong>D<\/strong>: Come aderisco a DIGNITAS?<\/em><br><strong>R<\/strong>: Occorre dapprima ordinare e leggere <a aria-label=\"l\u2019opuscolo informativo (opens in a new tab)\" class=\"ek-link\" href=\"https:\/\/dignitas.ch\/it\/documenti\/informations-broschuere\/\" target=\"_blank\" rel=\"noreferrer noopener\">l\u2019opuscolo informativo<\/a>. In seguito, la dichiarazione di adesione va compilata e inviata a DIGNITAS.<\/p>\n\n\n\n<p><em><strong>D<\/strong>: Con la dichiarazione di adesione devo versare anche un contributo di membro?<\/em><br><strong>R<\/strong>: No. Alla conferma scritta dell\u2019adesione alleghiamo la fattura.<\/p>\n\n\n\n<p><em><strong>D<\/strong>: Ho una malattia psichica e\/o soffro di depressione. DIGNITAS pu\u00f2 organizzare un accompagnamento alla morte volontaria?<\/em><br><strong>R<\/strong>: \u00c8 molto difficile, si tratta di un percorso lungo e costellato di ostacoli, senza la garanzia di ricevere alla fine la cosiddetta luce verde provvisoria. Fa stato la qualit\u00e0 dei rapporti medici: diagnosi chiara della malattia, informazioni sull\u2019origine e il decorso, comprova di tutte le terapie tentate (con o senza successo), nonch\u00e9 una perizia psichiatrica che informi sulla capacit\u00e0 di intendere e di discernimento, e che attesti che il desiderio di morire non sia un sintomo della malattia psichiatrica, bens\u00ec una decisione ben ponderata.<\/p>\n\n\n\n<p><em><strong>D<\/strong>: Ho una grave malattia\/una malattia allo stadio terminale. DIGNITAS pu\u00f2 organizzare un accompagnamento alla morte volontaria?<\/em><br><strong>R:<\/strong> Invitiamo a leggere l\u2019opuscolo informativo, in particolare il capitolo <a href=\"https:\/\/dignitas.ch\/it\/documenti\/informations-broschuere\/#opuscolo-premesse\" target=\"_blank\" rel=\"noreferrer noopener\">\u00abPremesse\u00bb<\/a>.<\/p>\n\n\n\n<p><em><strong>D<\/strong>: Chi decide in merito alla mia richiesta di accompagnamento alla morte volontaria?<\/em><br><strong>R<\/strong>: Vengono svolte perizie sia da DIGNITAS sia da medici svizzeri indipendenti. La procedura prevede anche due visite mediche individuali. La decisione finale non viene presa da DIGNITAS, bens\u00ec sempre da un medico.<\/p>\n\n\n\n<p><em><strong>D<\/strong>: Quanto dura la preparazione all\u2019accompagnamento alla morte volontaria?<\/em><br><strong>R<\/strong>: In genere, tre-quattro mesi dal primo contatto fino alla trasferta presso DIGNITAS. Per le persone domiciliate in Svizzera il cui medico curante sostiene i preparativi, in determinate circostanze la procedura pu\u00f2 velocizzarsi.<\/p>\n\n\n\n<p><em><strong>D<\/strong>: Desidero sostenere DIGNITAS. Che cosa posso fare?<\/em><br><strong>R<\/strong>: Il miglior modo \u00e8 aderirvi, cos\u00ec da fornirci un sempre benvenuto aiuto finanziario e da unire le forze con gli altri <a href=\"https:\/\/dignitas.ch\/it\/associazione\/adesione\/\" data-type=\"page\" data-id=\"1119\" target=\"_blank\" rel=\"noreferrer noopener\">membri<\/a>. Pi\u00f9 sono gli aderenti a DIGNITAS, pi\u00f9 peso ha l\u2019associazione nei confronti dell\u2019opinione pubblica. Accettiamo con piacere anche <a href=\"https:\/\/dignitas.ch\/it\/associazione\/donazioni\/\" data-type=\"page\" data-id=\"1139\" target=\"_blank\" rel=\"noreferrer noopener\">donazioni<\/a>.<\/p>\n\n\n\n<p class=\"has-small-font-size\"><em><a href=\"#faq-in-alto\" class=\"ek-link\">in alto<\/a><\/em><\/p>\n","protected":false},"excerpt":{"rendered":"<p>D: Desidero un\u2019eutanasia attiva diretta \u2026R: L\u2019eutanasia attiva diretta \u00e8 vietata in Svizzera, cos\u00ec come in Germania, in Austria e nella maggior parte degli altri paesi. In Svizzera \u00e8 consentita l\u2019assistenza al suicidio, purch\u00e9 non sia mossa da motivi egoistici. In determinate circostanze, DIGNITAS pu\u00f2 quindi organizzare un accompagnamento alla morte volontaria per i suoi [&hellip;]<\/p>\n","protected":false},"author":1,"featured_media":0,"parent":304,"menu_order":0,"comment_status":"closed","ping_status":"closed","template":"","meta":{"_acf_changed":false,"_editorskit_title_hidden":false,"_editorskit_reading_time":0,"_editorskit_is_block_options_detached":false,"_editorskit_block_options_position":"{}","footnotes":""},"class_list":["post-1353","page","type-page","status-publish","hentry"],"acf":[],"_links":{"self":[{"href":"https:\/\/dignitas.ch\/it\/wp-json\/wp\/v2\/pages\/1353","targetHints":{"allow":["GET"]}}],"collection":[{"href":"https:\/\/dignitas.ch\/it\/wp-json\/wp\/v2\/pages"}],"about":[{"href":"https:\/\/dignitas.ch\/it\/wp-json\/wp\/v2\/types\/page"}],"author":[{"embeddable":true,"href":"https:\/\/dignitas.ch\/it\/wp-json\/wp\/v2\/users\/1"}],"replies":[{"embeddable":true,"href":"https:\/\/dignitas.ch\/it\/wp-json\/wp\/v2\/comments?post=1353"}],"version-history":[{"count":15,"href":"https:\/\/dignitas.ch\/it\/wp-json\/wp\/v2\/pages\/1353\/revisions"}],"predecessor-version":[{"id":6865,"href":"https:\/\/dignitas.ch\/it\/wp-json\/wp\/v2\/pages\/1353\/revisions\/6865"}],"up":[{"embeddable":true,"href":"https:\/\/dignitas.ch\/it\/wp-json\/wp\/v2\/pages\/304"}],"wp:attachment":[{"href":"https:\/\/dignitas.ch\/it\/wp-json\/wp\/v2\/media?parent=1353"}],"curies":[{"name":"wp","href":"https:\/\/api.w.org\/{rel}","templated":true}]}}