    {"id":1262,"date":"2023-09-11T10:48:10","date_gmt":"2023-09-11T08:48:10","guid":{"rendered":"https:\/\/dev.dignitas.bertastrasse1.ch\/taetigkeit\/patientenverfuegung-vorsorge\/"},"modified":"2025-11-25T16:42:59","modified_gmt":"2025-11-25T15:42:59","slug":"dichiarazione-volonta-testamento-biologico","status":"publish","type":"page","link":"https:\/\/dignitas.ch\/it\/attivita\/dichiarazione-volonta-testamento-biologico\/","title":{"rendered":"Dichiarazione di volont\u00e0 \/ Testamento biologico e prepararsi"},"content":{"rendered":"\n<p>Molte persone temono che un giorno finiscano in ospedale, incoscienti o in uno stato disperato, per poi dipenderei da trattamenti di sostegno vitale per un periodo indefinito. Temono anche operazioni inutili e trattamenti farmacologici inefficaci.<\/p>\n\n\n\n<p>Per evitare di essere alla merc\u00e9 di questa medicina disumanizzata, c&#8217;\u00e8 una soluzione provata: una dichiarazione di volont\u00e0 legalmente riconosciuta per il diritto di morire con dignit\u00e0 (direttive anticipate). Affinch\u00e9 tale dichiarazione sia valida, il suo testo deve essere redatto da specialisti esperti in modo non ambiguo e vincolante. D&#8217;altro canto, \u00e8 necessario poter contare su un&#8217;organizzazione efficiente, come DIGNITAS, che sia in grado di far valere la dichiarazione &#8211; se necessario contro l&#8217;opposizione di altri.<\/p>\n\n\n\n<p>DIGNITAS fornisce ai suoi membri una dichiarazione legalmente riconosciuta per la fase di fine vita. Deve essere osservata dai medici e dal personale infermieristico dell&#8217;ospedale. DIGNITAS fornisce ai suoi membri il supporto di un avvocato, se necessario.<\/p>\n\n\n\n<p>Poich\u00e9 le direttive anticipate sono strettamente legate al diritto del Paese in cui vengono emanate, questo servizio pu\u00f2 essere fornito solo in Svizzera.<\/p>\n\n\n\n<p><strong>Ulteriori informazioni<\/strong> sono disponibili anche sulla pagina dell\u2019Ufficio federale della sanit\u00e0 pubblica (UFSP) <a href=\"https:\/\/www.bag.admin.ch\/it\/rafforzare-la-volonta-del-paziente-procedura\" data-type=\"link\" data-id=\"https:\/\/www.bag.admin.ch\/it\/rafforzare-la-volonta-del-paziente-procedura\" target=\"_blank\" rel=\"noreferrer noopener\">\u00abRafforzare la volont\u00e0 del paziente: come procedere?\u00bb<\/a> <\/p>\n","protected":false},"excerpt":{"rendered":"<p>Molte persone temono che un giorno finiscano in ospedale, incoscienti o in uno stato disperato, per poi dipenderei da trattamenti di sostegno vitale per un periodo indefinito. Temono anche operazioni inutili e trattamenti farmacologici inefficaci. Per evitare di essere alla merc\u00e9 di questa medicina disumanizzata, c&#8217;\u00e8 una soluzione provata: una dichiarazione di volont\u00e0 legalmente riconosciuta [&hellip;]<\/p>\n","protected":false},"author":1,"featured_media":0,"parent":319,"menu_order":0,"comment_status":"closed","ping_status":"closed","template":"","meta":{"_acf_changed":false,"_editorskit_title_hidden":false,"_editorskit_reading_time":0,"_editorskit_is_block_options_detached":false,"_editorskit_block_options_position":"{}","footnotes":""},"class_list":["post-1262","page","type-page","status-publish","hentry"],"acf":[],"_links":{"self":[{"href":"https:\/\/dignitas.ch\/it\/wp-json\/wp\/v2\/pages\/1262","targetHints":{"allow":["GET"]}}],"collection":[{"href":"https:\/\/dignitas.ch\/it\/wp-json\/wp\/v2\/pages"}],"about":[{"href":"https:\/\/dignitas.ch\/it\/wp-json\/wp\/v2\/types\/page"}],"author":[{"embeddable":true,"href":"https:\/\/dignitas.ch\/it\/wp-json\/wp\/v2\/users\/1"}],"replies":[{"embeddable":true,"href":"https:\/\/dignitas.ch\/it\/wp-json\/wp\/v2\/comments?post=1262"}],"version-history":[{"count":6,"href":"https:\/\/dignitas.ch\/it\/wp-json\/wp\/v2\/pages\/1262\/revisions"}],"predecessor-version":[{"id":10394,"href":"https:\/\/dignitas.ch\/it\/wp-json\/wp\/v2\/pages\/1262\/revisions\/10394"}],"up":[{"embeddable":true,"href":"https:\/\/dignitas.ch\/it\/wp-json\/wp\/v2\/pages\/319"}],"wp:attachment":[{"href":"https:\/\/dignitas.ch\/it\/wp-json\/wp\/v2\/media?parent=1262"}],"curies":[{"name":"wp","href":"https:\/\/api.w.org\/{rel}","templated":true}]}}