    {"id":1139,"date":"2023-09-11T10:17:25","date_gmt":"2023-09-11T08:17:25","guid":{"rendered":"https:\/\/dev.dignitas.bertastrasse1.ch\/verein-2\/spenden\/"},"modified":"2025-12-02T16:38:18","modified_gmt":"2025-12-02T15:38:18","slug":"donazioni","status":"publish","type":"page","link":"https:\/\/dignitas.ch\/it\/associazione\/donazioni\/","title":{"rendered":"Donazioni"},"content":{"rendered":"\n<h4 class=\"wp-block-heading\">Informazioni sulle donazioni: Difendete la libert\u00e0 di scelta!<\/h4>\n\n\n\n<p>\u00abDignitas \u2013 Vivere degnamente \u2013 Morire degnamente\u00bb \u00e8 un&#8217;associazione svizzera senza scopo di lucro che si impegna per l&#8217;autodeterminazione, la libert\u00e0 di scelta e la dignit\u00e0 umana fino alla fine della vita. Un obiettivo importante delle nostre attivit\u00e0 \u00e8 di far rispettare e salvaguardare la libert\u00e0 e il diritto di ogni essere umano di decidere in quale modo e in quale momento debba terminare la propria vita.<\/p>\n\n\n\n<h4 class=\"wp-block-heading\">Per cosa donare?<\/h4>\n\n\n\n<p>Con la vostra donazione potete sostenere le operazioni della nostra associazione o uno dei due fondi istituiti in onore di due ex membri del Consiglio di Dignitas, che nel 1998 hanno contribuito alla fondazione dell&#8217;associazione e hanno consigliato in modo eccellente la direzione dell&#8217;associazione.<\/p>\n\n\n\n<h5 class=\"wp-block-heading\">Il \u00abFondo Manfred Kuhn\u00bb:<br>Sostegno alle attivit\u00e0 politiche e giuridiche internazionali di Dignitas <\/h5>\n\n\n\n<p>Ognuno dovrebbe avere la possibilit\u00e0 di esercitare questo diritto nel luogo in cui vive&nbsp;\u2013 in modo legale, sicuro e in presenza dei propri familiari. Per far rispettare questo diritto e questa libert\u00e0, l&#8217;associazione \u00abDignitas \u2013 Vivere degnamente \u2013 Morire degnamente\u00bb conduce procedimenti giudiziari in diversi paesi, sostiene e partecipa a procedimenti di terzi, partecipa alle procedure di consultazione politica per le modifiche legislative, fornisce consulenza per la stesura di nuove leggi ecc.<\/p>\n\n\n\n<p>Con la vostra donazione al \u00abFondo Manfred Kuhn\u00bb contribuite a coprire le spese che ne derivano, in particolare per procedimenti giudiziari e avvocati.<\/p>\n\n\n\n<p>L\u2019avvocato Manfred Kuhn (1930-2003) era vicepresidente di EXIT (Svizzera tedesca) e amico del fondatore di Dignitas Ludwig A. Minelli. Dopo la fondazione di Dignitas, \u00e8 passato da EXIT a Dignitas e ha giocato un ruolo decisivo nello sviluppo dell&#8217;associazione.<\/p>\n\n\n\n<p>Maggiori informazioni sulle nostre attivit\u00e0 politiche e legali sono disponibili sul nostro sito web <a href=\"http:\/\/www.dignitas.ch\" target=\"_blank\" rel=\"noreferrer noopener\">www.dignitas.ch<\/a>.<strong><br><\/strong><\/p>\n\n\n\n<h5 class=\"wp-block-heading\">Il \u00abFondo Wolfgang Hopff\u00bb:<br>Assistenza alle persone in situazioni economiche modeste<\/h5>\n\n\n\n<p>Anche le persone con scarse o nulle risorse finanziarie dovrebbero poter aderire all\u2019associazione \u00abDignitas&nbsp;\u2013&nbsp;Vivere degnamente&nbsp;\u2013&nbsp;Morire degnamente\u00bb e, se necessario, chiedere aiuto al suicidio assistito. L&#8217;articolo 9, capoverso 6 degli statuti di Dignitas prevede che i soci che vivono in condizioni economiche molto modeste possono, su richiesta motivata, essere esonerati in tutto o in parte dal pagamento della tassa d\u2019adesione e\/o della quota annuale nonch\u00e9 di contributi e di contributi supplementari. &nbsp;<\/p>\n\n\n\n<p>Con una donazione al \u00abFondo Wolfgang Hopff\u00bb, aiutate Dignitas a permettere a persone in situazioni economiche modeste di ridurre i loro contributi e di concedere esenzioni.<\/p>\n\n\n\n<p>Il prof. dr. med. e phil. Wolfgang Hopff (1930-2005) \u00e8 stato farmacologo all&#8217;Universit\u00e0 di Zurigo. Dopo la fondazione di Dignitas, ha consigliato la direzione dell&#8217;associazione nella somministrazione di farmaci per l\u2019aiuto al suicidio.<\/p>\n\n\n\n<h4 class=\"wp-block-heading\">Come donare?<\/h4>\n\n\n\n<p><strong>Bonifico bancario<\/strong><br>Dignitas, casella postale 17, 8127 Forch, Svizzera<br>Banca: POSTFINANCE AG, Mingerstrasse 20, 3030 Berna, Svizzera<br>IBAN : CH79 0900 0000 8706 4492 2 \/ BIC \/ SWIFT: POFICHBEXXX<br>Conto bancario: 87-64492-2 \/ Numero di clearing bancario 9000<\/p>\n\n\n\n<p><strong>PayPal<\/strong><br>tramite <a href=\"http:\/\/www.PayPal.com\" target=\"_blank\" rel=\"noreferrer noopener\">www.PayPal.com<\/a> al nostro indirizzo e-mail <a href=\"mailto:dignitas@dignitas.ch\">dignitas@dignitas.ch<\/a><br>(si prega di notare che PayPal trattiene il 5&nbsp;% di commissione)<\/p>\n\n\n\n<p><strong>Si prega die annotare sul trasferimento lo scopo della donazione: <\/strong>\u00ab<strong>donazione generale<\/strong>\u00bb<strong>, <\/strong>\u00ab<strong>Fondo Manfred Kuhn<\/strong>\u00bb<strong> o <\/strong>\u00ab<strong>Fondo Wolfgang Hopff<\/strong>\u00bb.<\/p>\n\n\n\n<p>Desiderate <a href=\"http:\/\/www.dignitas.ch\/images\/stories\/pdf\/beitrittserklaerung-italiano-dichiarazione-adesione.pdf\" target=\"_blank\" rel=\"noreferrer noopener\">aderire\u00a0a\u00a0Dignitas<\/a>?\u00a0 I\u00a0contributi\u00a0regolari\u00a0dei\u00a0membri\u00a0ci\u00a0permettono\u00a0di\u00a0pianificare le nostre  attivit\u00e0.<\/p>\n\n\n\n<p><strong>Grazie per il vostro sostegno!<\/strong><\/p>\n\n\n\n<p><\/p>\n","protected":false},"excerpt":{"rendered":"<p>Informazioni sulle donazioni: Difendete la libert\u00e0 di scelta! \u00abDignitas \u2013 Vivere degnamente \u2013 Morire degnamente\u00bb \u00e8 un&#8217;associazione svizzera senza scopo di lucro che si impegna per l&#8217;autodeterminazione, la libert\u00e0 di scelta e la dignit\u00e0 umana fino alla fine della vita. Un obiettivo importante delle nostre attivit\u00e0 \u00e8 di far rispettare e salvaguardare la libert\u00e0 e [&hellip;]<\/p>\n","protected":false},"author":1,"featured_media":0,"parent":296,"menu_order":0,"comment_status":"closed","ping_status":"closed","template":"","meta":{"_acf_changed":false,"_editorskit_title_hidden":false,"_editorskit_reading_time":0,"_editorskit_is_block_options_detached":false,"_editorskit_block_options_position":"{}","footnotes":""},"class_list":["post-1139","page","type-page","status-publish","hentry"],"acf":[],"_links":{"self":[{"href":"https:\/\/dignitas.ch\/it\/wp-json\/wp\/v2\/pages\/1139","targetHints":{"allow":["GET"]}}],"collection":[{"href":"https:\/\/dignitas.ch\/it\/wp-json\/wp\/v2\/pages"}],"about":[{"href":"https:\/\/dignitas.ch\/it\/wp-json\/wp\/v2\/types\/page"}],"author":[{"embeddable":true,"href":"https:\/\/dignitas.ch\/it\/wp-json\/wp\/v2\/users\/1"}],"replies":[{"embeddable":true,"href":"https:\/\/dignitas.ch\/it\/wp-json\/wp\/v2\/comments?post=1139"}],"version-history":[{"count":14,"href":"https:\/\/dignitas.ch\/it\/wp-json\/wp\/v2\/pages\/1139\/revisions"}],"predecessor-version":[{"id":10691,"href":"https:\/\/dignitas.ch\/it\/wp-json\/wp\/v2\/pages\/1139\/revisions\/10691"}],"up":[{"embeddable":true,"href":"https:\/\/dignitas.ch\/it\/wp-json\/wp\/v2\/pages\/296"}],"wp:attachment":[{"href":"https:\/\/dignitas.ch\/it\/wp-json\/wp\/v2\/media?parent=1139"}],"curies":[{"name":"wp","href":"https:\/\/api.w.org\/{rel}","templated":true}]}}