    {"id":1119,"date":"2023-09-11T10:14:12","date_gmt":"2023-09-11T08:14:12","guid":{"rendered":"https:\/\/dev.dignitas.bertastrasse1.ch\/verein-2\/mitgliedschaft\/"},"modified":"2025-12-02T16:36:13","modified_gmt":"2025-12-02T15:36:13","slug":"adesione","status":"publish","type":"page","link":"https:\/\/dignitas.ch\/it\/associazione\/adesione\/","title":{"rendered":"Adesione"},"content":{"rendered":"\n<p id=\"adesione-in-alto\"><\/p>\n\n\n\n<p class=\"has-medium-font-size\"><strong>Si prega di leggere attentamente <a href=\"https:\/\/dignitas.ch\/it\/documenti\/informations-broschuere\/\" data-type=\"page\" data-id=\"1331\" target=\"_blank\" rel=\"noreferrer noopener\">l&#8217;opuscolo informativo<\/a> prima di fare domanda di adesione.<\/strong><\/p>\n\n\n\n<p>DIGNITAS \u00e8 per principio aperta a tutte le persone maggiorenni, anche se non sono domiciliate in Svizzera o sono di nazionalit\u00e0 straniera. Va tuttavia notato che per ragioni giuridiche l&#8217;associazione pu\u00f2 offrire il suo aiuto solo su territorio elvetico.<\/p>\n\n\n\n<p>I membri che desiderano beneficiare di una prestazione hanno diritto a un testamento biologico giuridicamente vincolante che contempla il diritto all&#8217;accompagnamento in fin di vita e l&#8217;aiuto in caso di richiesta di morte volontaria. Hanno inoltre l&#8217;opportunit\u00e0 di usufruire nella misura del possibile della consulenza offerta dall&#8217;associazione sul tema della dignit\u00e0 umana, nella vita come nella morte. DIGNITAS si impegna a mettere a disposizione dei propri membri interlocutori di provata umanit\u00e0. Il motto di DIGNITAS, \u00abVivere degnamente &#8211; Morire degnamente\u00bb \u00e8 un impegno che l&#8217;associazione si assume nei confronti di tutti e per questo merita fiducia.<\/p>\n\n\n\n<p>Per aderire a DIGNITAS basta compilare l\u2019apposita dichiarazione e ritornarla all\u2019associazione. DIGNITAS conferma l\u2019adesione con una lettera e invia il modulo per il testamento biologico, una fattura e le informazioni su come pagare la tassa di adesione e il contributo di membro. Il membro compila il testamento biologico e rispedisce l\u2019originale a DIGNITAS, che lo registra, lo archivia e invia il necessario numero di copie al membro. Cos\u00ec si conclude la procedura di adesione a DIGNITAS.<\/p>\n\n\n\n<h4 class=\"wp-block-heading\">Dichiarazione di adesione<\/h4>\n\n\n\n<p>Dichiaro la mia adesione a \u00abDIGNITAS &#8211; Vivere degnamente &#8211; Morire degnamente\u00bb e ho letto e capito l\u2019opuscolo informativo di DIGNITAS.<\/p>\n\n\n\n<p>Conosco le condizioni:<\/p>\n\n\n\n<p>Tassa d&#8217;iscrizione unica franchi svizzeri (CHF) 220 ( ~ Euro \u20ac 222); quota annua lasciato alle discrezione personale, per\u00f2 minima di CHF 80 ( ~ Euro \u20ac 81). Persone con mezzi economici modesti possono domandare una riduzione o all&#8217;esenzione dal pagamento delle quote. La riduzione o l&#8217;esenzione dal pagamento devono tuttavia essere previamente discussi e convenuti.<\/p>\n\n\n\n<p><a class=\"ek-link\" href=\"http:\/\/dignitas.ch\/images\/stories\/pdf\/beitrittserklaerung-italiano-dichiarazione-adesione.pdf\" target=\"_blank\" rel=\"noreferrer noopener\"><strong>Dichiarazione di adesione<\/strong><\/a> (PDF)<\/p>\n\n\n\n<p class=\"has-small-font-size\"><em><a href=\"#adesione-in-alto\" class=\"ek-link\">in alto<\/a><\/em><\/p>\n","protected":false},"excerpt":{"rendered":"<p>Si prega di leggere attentamente l&#8217;opuscolo informativo prima di fare domanda di adesione. DIGNITAS \u00e8 per principio aperta a tutte le persone maggiorenni, anche se non sono domiciliate in Svizzera o sono di nazionalit\u00e0 straniera. Va tuttavia notato che per ragioni giuridiche l&#8217;associazione pu\u00f2 offrire il suo aiuto solo su territorio elvetico. I membri che [&hellip;]<\/p>\n","protected":false},"author":1,"featured_media":0,"parent":296,"menu_order":0,"comment_status":"closed","ping_status":"closed","template":"","meta":{"_acf_changed":false,"_editorskit_title_hidden":false,"_editorskit_reading_time":0,"_editorskit_is_block_options_detached":false,"_editorskit_block_options_position":"{}","footnotes":""},"class_list":["post-1119","page","type-page","status-publish","hentry"],"acf":[],"_links":{"self":[{"href":"https:\/\/dignitas.ch\/it\/wp-json\/wp\/v2\/pages\/1119","targetHints":{"allow":["GET"]}}],"collection":[{"href":"https:\/\/dignitas.ch\/it\/wp-json\/wp\/v2\/pages"}],"about":[{"href":"https:\/\/dignitas.ch\/it\/wp-json\/wp\/v2\/types\/page"}],"author":[{"embeddable":true,"href":"https:\/\/dignitas.ch\/it\/wp-json\/wp\/v2\/users\/1"}],"replies":[{"embeddable":true,"href":"https:\/\/dignitas.ch\/it\/wp-json\/wp\/v2\/comments?post=1119"}],"version-history":[{"count":11,"href":"https:\/\/dignitas.ch\/it\/wp-json\/wp\/v2\/pages\/1119\/revisions"}],"predecessor-version":[{"id":10690,"href":"https:\/\/dignitas.ch\/it\/wp-json\/wp\/v2\/pages\/1119\/revisions\/10690"}],"up":[{"embeddable":true,"href":"https:\/\/dignitas.ch\/it\/wp-json\/wp\/v2\/pages\/296"}],"wp:attachment":[{"href":"https:\/\/dignitas.ch\/it\/wp-json\/wp\/v2\/media?parent=1119"}],"curies":[{"name":"wp","href":"https:\/\/api.w.org\/{rel}","templated":true}]}}