    {"id":988,"date":"2023-09-11T09:28:31","date_gmt":"2023-09-11T07:28:31","guid":{"rendered":"https:\/\/dev.dignitas.bertastrasse1.ch\/home\/"},"modified":"2026-01-05T12:18:16","modified_gmt":"2026-01-05T11:18:16","slug":"home","status":"publish","type":"page","link":"https:\/\/dignitas.ch\/fr\/","title":{"rendered":"Bienvenue"},"content":{"rendered":"\n<p>Bienvenue chez \u00ab\u00a0DIGNITAS \u2013 Vivre dignement \u2013 Mourir dignement\u00a0\u00bb. En qualit\u00e9 d\u2019association d\u2018utilit\u00e9 publique, nous nous engageons pour l\u2019autod\u00e9termination, la libert\u00e9 de choix et la dignit\u00e9 humaine jusqu\u2019au dernier instant de la vie. Nos activit\u00e9s de conseil englobent les sujets des soins palliatifs, de la pr\u00e9vention des tentatives de suicide, des directives anticip\u00e9es et du suicide accompagn\u00e9. Ainsi, nous proposons \u00e0 nos membres les bases de d\u00e9cision qui leur permettent de conserver jusqu\u2019\u00e0 la fin la ma\u00eetrise de leur existence. Depuis 1998, nous agissons sur le plan international pour le respect de \u00ab l\u2019ultime droit humain \u00bb.<\/p>\n","protected":false},"excerpt":{"rendered":"<p>Bienvenue chez \u00ab\u00a0DIGNITAS \u2013 Vivre dignement \u2013 Mourir dignement\u00a0\u00bb. En qualit\u00e9 d\u2019association d\u2018utilit\u00e9 publique, nous nous engageons pour l\u2019autod\u00e9termination, la libert\u00e9 de choix et la dignit\u00e9 humaine jusqu\u2019au dernier instant de la vie. Nos activit\u00e9s de conseil englobent les sujets des soins palliatifs, de la pr\u00e9vention des tentatives de suicide, des directives anticip\u00e9es et du [&hellip;]<\/p>\n","protected":false},"author":1,"featured_media":0,"parent":0,"menu_order":0,"comment_status":"closed","ping_status":"closed","template":"","meta":{"_acf_changed":false,"_editorskit_title_hidden":false,"_editorskit_reading_time":0,"_editorskit_is_block_options_detached":false,"_editorskit_block_options_position":"{}","footnotes":""},"class_list":["post-988","page","type-page","status-publish","hentry"],"acf":[],"_links":{"self":[{"href":"https:\/\/dignitas.ch\/fr\/wp-json\/wp\/v2\/pages\/988","targetHints":{"allow":["GET"]}}],"collection":[{"href":"https:\/\/dignitas.ch\/fr\/wp-json\/wp\/v2\/pages"}],"about":[{"href":"https:\/\/dignitas.ch\/fr\/wp-json\/wp\/v2\/types\/page"}],"author":[{"embeddable":true,"href":"https:\/\/dignitas.ch\/fr\/wp-json\/wp\/v2\/users\/1"}],"replies":[{"embeddable":true,"href":"https:\/\/dignitas.ch\/fr\/wp-json\/wp\/v2\/comments?post=988"}],"version-history":[{"count":30,"href":"https:\/\/dignitas.ch\/fr\/wp-json\/wp\/v2\/pages\/988\/revisions"}],"predecessor-version":[{"id":10874,"href":"https:\/\/dignitas.ch\/fr\/wp-json\/wp\/v2\/pages\/988\/revisions\/10874"}],"wp:attachment":[{"href":"https:\/\/dignitas.ch\/fr\/wp-json\/wp\/v2\/media?parent=988"}],"curies":[{"name":"wp","href":"https:\/\/api.w.org\/{rel}","templated":true}]}}