    {"id":6471,"date":"2024-06-19T11:44:49","date_gmt":"2024-06-19T09:44:49","guid":{"rendered":"https:\/\/dev.dignitas.bertastrasse1.ch\/?page_id=6471"},"modified":"2025-10-20T09:27:45","modified_gmt":"2025-10-20T07:27:45","slug":"suicide-accompagne","status":"publish","type":"page","link":"https:\/\/dignitas.ch\/fr\/suicide-accompagne\/","title":{"rendered":"Suicide accompagn\u00e9"},"content":{"rendered":"\n<p class=\"has-medium-font-size\"><strong>Veuillez lire attentivement la <a href=\"https:\/\/dignitas.ch\/fr\/documentation\/brochure-dinformation\/\" target=\"_blank\" rel=\"noreferrer noopener\">brochure d\u2019information<\/a> avant de faire une demande d\u2019adh\u00e9sion.<\/strong><\/p>\n\n\n\n<p>Pour plus de d\u00e9tails, veuillez consulter les rubriques suivantes. Vous trouverez aussi certaines r\u00e9ponses dans les <a href=\"https:\/\/dignitas.ch\/fr\/documentation\/faq\/\" data-type=\"page\" data-id=\"1352\" target=\"_blank\" rel=\"noreferrer noopener\">FAQ<\/a>.<\/p>\n\n\n\n<p><strong>Rubriques<\/strong><br><a href=\"https:\/\/dignitas.ch\/fr\/quest-ce-que-cest\/\" data-type=\"page\" data-id=\"6473\" target=\"_blank\" rel=\"noreferrer noopener\">Qu&rsquo;est-ce que c&rsquo;est?<\/a><br><a href=\"https:\/\/dignitas.ch\/fr\/conditions-a-remplir\/\" data-type=\"page\" data-id=\"6478\" target=\"_blank\" rel=\"noreferrer noopener\">Conditions \u00e0 remplir<\/a><br><a href=\"https:\/\/dignitas.ch\/fr\/suicide-accompagne\/deroulement\/\" data-type=\"page\" data-id=\"6486\" target=\"_blank\" rel=\"noreferrer noopener\">D\u00e9roulement<\/a><br><a href=\"https:\/\/dignitas.ch\/fr\/suicide-accompagne\/information-sur-les-couts\/\" data-type=\"page\" data-id=\"6491\" target=\"_blank\" rel=\"noreferrer noopener\">Information sur les co\u00fbts<\/a><br><a href=\"https:\/\/dignitas.ch\/fr\/presence-des-proches\/\" data-type=\"page\" data-id=\"6488\" target=\"_blank\" rel=\"noreferrer noopener\">Pr\u00e9sence des proches<\/a><\/p>\n","protected":false},"excerpt":{"rendered":"<p>Veuillez lire attentivement la brochure d\u2019information avant de faire une demande d\u2019adh\u00e9sion. Pour plus de d\u00e9tails, veuillez consulter les rubriques suivantes. Vous trouverez aussi certaines r\u00e9ponses dans les FAQ. RubriquesQu&rsquo;est-ce que c&rsquo;est?Conditions \u00e0 remplirD\u00e9roulementInformation sur les co\u00fbtsPr\u00e9sence des proches<\/p>\n","protected":false},"author":5,"featured_media":0,"parent":0,"menu_order":0,"comment_status":"closed","ping_status":"closed","template":"","meta":{"_acf_changed":false,"_editorskit_title_hidden":false,"_editorskit_reading_time":0,"_editorskit_is_block_options_detached":false,"_editorskit_block_options_position":"{}","footnotes":""},"class_list":["post-6471","page","type-page","status-publish","hentry"],"acf":[],"_links":{"self":[{"href":"https:\/\/dignitas.ch\/fr\/wp-json\/wp\/v2\/pages\/6471","targetHints":{"allow":["GET"]}}],"collection":[{"href":"https:\/\/dignitas.ch\/fr\/wp-json\/wp\/v2\/pages"}],"about":[{"href":"https:\/\/dignitas.ch\/fr\/wp-json\/wp\/v2\/types\/page"}],"author":[{"embeddable":true,"href":"https:\/\/dignitas.ch\/fr\/wp-json\/wp\/v2\/users\/5"}],"replies":[{"embeddable":true,"href":"https:\/\/dignitas.ch\/fr\/wp-json\/wp\/v2\/comments?post=6471"}],"version-history":[{"count":8,"href":"https:\/\/dignitas.ch\/fr\/wp-json\/wp\/v2\/pages\/6471\/revisions"}],"predecessor-version":[{"id":10120,"href":"https:\/\/dignitas.ch\/fr\/wp-json\/wp\/v2\/pages\/6471\/revisions\/10120"}],"wp:attachment":[{"href":"https:\/\/dignitas.ch\/fr\/wp-json\/wp\/v2\/media?parent=6471"}],"curies":[{"name":"wp","href":"https:\/\/api.w.org\/{rel}","templated":true}]}}