    {"id":342,"date":"2023-06-28T16:45:09","date_gmt":"2023-06-28T14:45:09","guid":{"rendered":"https:\/\/dev.dignitas.bertastrasse1.ch\/wissen\/"},"modified":"2025-09-16T12:18:42","modified_gmt":"2025-09-16T10:18:42","slug":"savoir","status":"publish","type":"page","link":"https:\/\/dignitas.ch\/fr\/savoir\/","title":{"rendered":"Savoir"},"content":{"rendered":"\n<p>Pourquoi est-il faux de dire que DIGNITAS pratiquerait l&rsquo;euthanasie active ? Est-il vrai que seulement une minorit\u00e9 des adh\u00e9rents font effectivement usage de la possibilit\u00e9 d&rsquo;un suicide assist\u00e9 ? Combien de membres de DIGNITAS vivent en Turquie ? Et que veut dire l&rsquo;expression \u00ab\u00a0suicide accompagn\u00e9\u00a0\u00bb ?<\/p>\n\n\n\n<p>Vous trouverez ici les r\u00e9ponses \u00e0 ces questions et \u00e0 d&rsquo;autres encore.<\/p>\n\n\n\n<p><strong>Rubriques<\/strong><br><a href=\"https:\/\/dignitas.ch\/fr\/savoir\/lexique\/\" data-type=\"page\" data-id=\"1437\" target=\"_blank\" rel=\"noreferrer noopener\">Lexique<\/a><br><a href=\"https:\/\/dignitas.ch\/fr\/savoir\/sondages\/\" data-type=\"page\" data-id=\"1468\" target=\"_blank\" rel=\"noreferrer noopener\">Sondages<\/a><br><a href=\"https:\/\/dignitas.ch\/fr\/association\/statistiques\/\" data-type=\"page\" data-id=\"1168\" target=\"_blank\" rel=\"noreferrer noopener\">Statistiques<\/a><br><a href=\"https:\/\/dignitas.ch\/fr\/savoir\/litterature\/\" data-type=\"page\" data-id=\"1488\" target=\"_blank\" rel=\"noreferrer noopener\">Litt\u00e9rature<\/a><\/p>\n\n\n\n<p>Des suggestions ? Des questions ? N&rsquo;h\u00e9sitez pas \u00e0 nous contacter par e-mail : <a href=\"mailto:dignitas@dignitas.ch\" target=\"_blank\" aria-label=\"dignitas@dignitas.ch (opens in a new tab)\" rel=\"noreferrer noopener\" class=\"ek-link\">dignitas@dignitas.ch<\/a><\/p>\n","protected":false},"excerpt":{"rendered":"<p>Pourquoi est-il faux de dire que DIGNITAS pratiquerait l&rsquo;euthanasie active ? Est-il vrai que seulement une minorit\u00e9 des adh\u00e9rents font effectivement usage de la possibilit\u00e9 d&rsquo;un suicide assist\u00e9 ? Combien de membres de DIGNITAS vivent en Turquie ? Et que veut dire l&rsquo;expression \u00ab\u00a0suicide accompagn\u00e9\u00a0\u00bb ? Vous trouverez ici les r\u00e9ponses \u00e0 ces questions et [&hellip;]<\/p>\n","protected":false},"author":1,"featured_media":0,"parent":0,"menu_order":0,"comment_status":"closed","ping_status":"closed","template":"","meta":{"_acf_changed":false,"_editorskit_title_hidden":false,"_editorskit_reading_time":0,"_editorskit_is_block_options_detached":false,"_editorskit_block_options_position":"{}","footnotes":""},"class_list":["post-342","page","type-page","status-publish","hentry"],"acf":[],"_links":{"self":[{"href":"https:\/\/dignitas.ch\/fr\/wp-json\/wp\/v2\/pages\/342","targetHints":{"allow":["GET"]}}],"collection":[{"href":"https:\/\/dignitas.ch\/fr\/wp-json\/wp\/v2\/pages"}],"about":[{"href":"https:\/\/dignitas.ch\/fr\/wp-json\/wp\/v2\/types\/page"}],"author":[{"embeddable":true,"href":"https:\/\/dignitas.ch\/fr\/wp-json\/wp\/v2\/users\/1"}],"replies":[{"embeddable":true,"href":"https:\/\/dignitas.ch\/fr\/wp-json\/wp\/v2\/comments?post=342"}],"version-history":[{"count":3,"href":"https:\/\/dignitas.ch\/fr\/wp-json\/wp\/v2\/pages\/342\/revisions"}],"predecessor-version":[{"id":9693,"href":"https:\/\/dignitas.ch\/fr\/wp-json\/wp\/v2\/pages\/342\/revisions\/9693"}],"wp:attachment":[{"href":"https:\/\/dignitas.ch\/fr\/wp-json\/wp\/v2\/media?parent=342"}],"curies":[{"name":"wp","href":"https:\/\/api.w.org\/{rel}","templated":true}]}}