    {"id":324,"date":"2023-07-03T16:56:48","date_gmt":"2023-07-03T14:56:48","guid":{"rendered":"https:\/\/dev.dignitas.bertastrasse1.ch\/taetigkeit\/rechtsfortentwicklung-und-politik\/"},"modified":"2025-10-08T16:12:17","modified_gmt":"2025-10-08T14:12:17","slug":"developpement-du-droit","status":"publish","type":"page","link":"https:\/\/dignitas.ch\/fr\/activites\/developpement-du-droit\/","title":{"rendered":"D\u00e9veloppement du droit"},"content":{"rendered":"\n<p>Chaque personne doit avoir la possibilit\u00e9 d&rsquo;exercer son droit \u00e0 une fin de vie autod\u00e9termin\u00e9e l\u00e0 o\u00f9 se trouve son centre de vie &#8211; de mani\u00e8re l\u00e9gale et s\u00e9curis\u00e9e et en pr\u00e9sence des proches. Afin de faire valoir ce droit au niveau international, Dignitas m\u00e8ne des proc\u00e9dures judiciaires dans diff\u00e9rents pays, participe \u00e0 des proc\u00e9dures de tiers, s&rsquo;engage dans des proc\u00e9dures de consultation politique pour des modifications de lois et conseille lors de l&rsquo;\u00e9laboration de (nouvelles) lois.<\/p>\n\n\n\n<p>Des articles sur les d\u00e9veloppements en <a href=\"https:\/\/dignitas.ch\/fr\/activites\/developpement-du-droit\/schweiz\/\" data-type=\"page\" data-id=\"1229\" target=\"_blank\" rel=\"noreferrer noopener\">Suisse<\/a> et au <a href=\"\/en\/activities\/development-of-law\/international\/\" target=\"_blank\" rel=\"noreferrer noopener\">niveau international <\/a>(en anglais) sont publi\u00e9s d\u00e8s qu&rsquo;il y a des nouveaut\u00e9s significatives.<\/p>\n","protected":false},"excerpt":{"rendered":"<p>Chaque personne doit avoir la possibilit\u00e9 d&rsquo;exercer son droit \u00e0 une fin de vie autod\u00e9termin\u00e9e l\u00e0 o\u00f9 se trouve son centre de vie &#8211; de mani\u00e8re l\u00e9gale et s\u00e9curis\u00e9e et en pr\u00e9sence des proches. Afin de faire valoir ce droit au niveau international, Dignitas m\u00e8ne des proc\u00e9dures judiciaires dans diff\u00e9rents pays, participe \u00e0 des proc\u00e9dures [&hellip;]<\/p>\n","protected":false},"author":1,"featured_media":0,"parent":318,"menu_order":0,"comment_status":"closed","ping_status":"closed","template":"","meta":{"_acf_changed":false,"_editorskit_title_hidden":false,"_editorskit_reading_time":0,"_editorskit_is_block_options_detached":false,"_editorskit_block_options_position":"{}","footnotes":""},"class_list":["post-324","page","type-page","status-publish","hentry"],"acf":[],"_links":{"self":[{"href":"https:\/\/dignitas.ch\/fr\/wp-json\/wp\/v2\/pages\/324","targetHints":{"allow":["GET"]}}],"collection":[{"href":"https:\/\/dignitas.ch\/fr\/wp-json\/wp\/v2\/pages"}],"about":[{"href":"https:\/\/dignitas.ch\/fr\/wp-json\/wp\/v2\/types\/page"}],"author":[{"embeddable":true,"href":"https:\/\/dignitas.ch\/fr\/wp-json\/wp\/v2\/users\/1"}],"replies":[{"embeddable":true,"href":"https:\/\/dignitas.ch\/fr\/wp-json\/wp\/v2\/comments?post=324"}],"version-history":[{"count":11,"href":"https:\/\/dignitas.ch\/fr\/wp-json\/wp\/v2\/pages\/324\/revisions"}],"predecessor-version":[{"id":9839,"href":"https:\/\/dignitas.ch\/fr\/wp-json\/wp\/v2\/pages\/324\/revisions\/9839"}],"up":[{"embeddable":true,"href":"https:\/\/dignitas.ch\/fr\/wp-json\/wp\/v2\/pages\/318"}],"wp:attachment":[{"href":"https:\/\/dignitas.ch\/fr\/wp-json\/wp\/v2\/media?parent=324"}],"curies":[{"name":"wp","href":"https:\/\/api.w.org\/{rel}","templated":true}]}}