    {"id":321,"date":"2023-07-03T16:39:29","date_gmt":"2023-07-03T14:39:29","guid":{"rendered":"https:\/\/dev.dignitas.bertastrasse1.ch\/taetigkeit\/aufklaerung-und-weiterbildung\/"},"modified":"2025-06-26T17:27:49","modified_gmt":"2025-06-26T15:27:49","slug":"education-et-formation","status":"publish","type":"page","link":"https:\/\/dignitas.ch\/fr\/activites\/education-et-formation\/","title":{"rendered":"Education et formation"},"content":{"rendered":"\n<p>Afin d\u2019am\u00e9liorer la qualit\u00e9 de l\u2019assistance et de la libert\u00e9 de choix (notamment en fin de vie), Dignitas adopte une approche globale visant \u00e0 informer et \u00e0 combler les lacunes en mati\u00e8re d\u2019information, aussi bien chez les personnes (gravement) malades que chez les institutions, les professionnels et les proches qui les accompagnent.<\/p>\n\n\n\n<p>Grande importance est \u00e9galement accord\u00e9e au d\u00e9veloppement continu de l\u2019\u00e9quipe de Dignitas. Les crit\u00e8res de comp\u00e9tence professionnelle et personnelle ainsi que de flexibilit\u00e9 des collaborateurs sont \u00e9lev\u00e9s. C\u2019est pourquoi une formation approfondie et de longue dur\u00e9e est dispens\u00e9e. Les formations continues, les discussions r\u00e9guli\u00e8res sur les cas, l\u2019\u00e9change interne d\u2019informations ainsi que l\u2019optimisation des processus et de la documentation jouent un r\u00f4le essentiel dans le travail de conseil, le traitement des demandes, ainsi que la pr\u00e9paration et enfin la r\u00e9alisation des suicides accompagn\u00e9s.<\/p>\n","protected":false},"excerpt":{"rendered":"<p>Afin d\u2019am\u00e9liorer la qualit\u00e9 de l\u2019assistance et de la libert\u00e9 de choix (notamment en fin de vie), Dignitas adopte une approche globale visant \u00e0 informer et \u00e0 combler les lacunes en mati\u00e8re d\u2019information, aussi bien chez les personnes (gravement) malades que chez les institutions, les professionnels et les proches qui les accompagnent. Grande importance est [&hellip;]<\/p>\n","protected":false},"author":1,"featured_media":0,"parent":318,"menu_order":0,"comment_status":"closed","ping_status":"closed","template":"","meta":{"_acf_changed":false,"_editorskit_title_hidden":false,"_editorskit_reading_time":0,"_editorskit_is_block_options_detached":false,"_editorskit_block_options_position":"{}","footnotes":""},"class_list":["post-321","page","type-page","status-publish","hentry"],"acf":[],"_links":{"self":[{"href":"https:\/\/dignitas.ch\/fr\/wp-json\/wp\/v2\/pages\/321","targetHints":{"allow":["GET"]}}],"collection":[{"href":"https:\/\/dignitas.ch\/fr\/wp-json\/wp\/v2\/pages"}],"about":[{"href":"https:\/\/dignitas.ch\/fr\/wp-json\/wp\/v2\/types\/page"}],"author":[{"embeddable":true,"href":"https:\/\/dignitas.ch\/fr\/wp-json\/wp\/v2\/users\/1"}],"replies":[{"embeddable":true,"href":"https:\/\/dignitas.ch\/fr\/wp-json\/wp\/v2\/comments?post=321"}],"version-history":[{"count":7,"href":"https:\/\/dignitas.ch\/fr\/wp-json\/wp\/v2\/pages\/321\/revisions"}],"predecessor-version":[{"id":8673,"href":"https:\/\/dignitas.ch\/fr\/wp-json\/wp\/v2\/pages\/321\/revisions\/8673"}],"up":[{"embeddable":true,"href":"https:\/\/dignitas.ch\/fr\/wp-json\/wp\/v2\/pages\/318"}],"wp:attachment":[{"href":"https:\/\/dignitas.ch\/fr\/wp-json\/wp\/v2\/media?parent=321"}],"curies":[{"name":"wp","href":"https:\/\/api.w.org\/{rel}","templated":true}]}}