    {"id":318,"date":"2023-06-28T16:42:31","date_gmt":"2023-06-28T14:42:31","guid":{"rendered":"https:\/\/dev.dignitas.bertastrasse1.ch\/taetigkeit\/"},"modified":"2025-09-16T15:36:45","modified_gmt":"2025-09-16T13:36:45","slug":"activites","status":"publish","type":"page","link":"https:\/\/dignitas.ch\/fr\/activites\/","title":{"rendered":"Activit\u00e9s"},"content":{"rendered":"\n<h1 class=\"wp-block-heading\">Nos services<\/h1>\n\n\n\n<p><a href=\"https:\/\/dignitas.ch\/fr\/activites\/conseil\/\" data-type=\"page\" data-id=\"1246\" target=\"_blank\" rel=\"noreferrer noopener\">Conseil<\/a><br><a href=\"https:\/\/dignitas.ch\/fr\/association\/adhesion\/\" data-type=\"page\" data-id=\"1118\" target=\"_blank\" rel=\"noreferrer noopener\">Adh\u00e9sion<\/a><br><a href=\"https:\/\/dignitas.ch\/fr\/activites\/prevention-du-tentative-suicide\/\" data-type=\"page\" data-id=\"327\" target=\"_blank\" rel=\"noreferrer noopener\">Pr\u00e9vention du suicide et pr\u00e9vention des tentatives de suicide<\/a><br><a href=\"https:\/\/dignitas.ch\/fr\/activites\/directives-anticipees\/\" data-type=\"page\" data-id=\"1261\" target=\"_blank\" rel=\"noreferrer noopener\">Directives anticip\u00e9es<\/a><br><a href=\"https:\/\/dignitas.ch\/fr\/suicide-accompagne\/\" data-type=\"page\" data-id=\"6471\" target=\"_blank\" rel=\"noreferrer noopener\">Accompagnement en fin de vie et aide au suicide (suicide accompagn\u00e9)<\/a><\/p>\n","protected":false},"excerpt":{"rendered":"<p>Nos services ConseilAdh\u00e9sionPr\u00e9vention du suicide et pr\u00e9vention des tentatives de suicideDirectives anticip\u00e9esAccompagnement en fin de vie et aide au suicide (suicide accompagn\u00e9)<\/p>\n","protected":false},"author":1,"featured_media":0,"parent":0,"menu_order":0,"comment_status":"closed","ping_status":"closed","template":"","meta":{"_acf_changed":false,"_editorskit_title_hidden":false,"_editorskit_reading_time":0,"_editorskit_is_block_options_detached":false,"_editorskit_block_options_position":"{}","footnotes":""},"class_list":["post-318","page","type-page","status-publish","hentry"],"acf":[],"_links":{"self":[{"href":"https:\/\/dignitas.ch\/fr\/wp-json\/wp\/v2\/pages\/318","targetHints":{"allow":["GET"]}}],"collection":[{"href":"https:\/\/dignitas.ch\/fr\/wp-json\/wp\/v2\/pages"}],"about":[{"href":"https:\/\/dignitas.ch\/fr\/wp-json\/wp\/v2\/types\/page"}],"author":[{"embeddable":true,"href":"https:\/\/dignitas.ch\/fr\/wp-json\/wp\/v2\/users\/1"}],"replies":[{"embeddable":true,"href":"https:\/\/dignitas.ch\/fr\/wp-json\/wp\/v2\/comments?post=318"}],"version-history":[{"count":7,"href":"https:\/\/dignitas.ch\/fr\/wp-json\/wp\/v2\/pages\/318\/revisions"}],"predecessor-version":[{"id":9707,"href":"https:\/\/dignitas.ch\/fr\/wp-json\/wp\/v2\/pages\/318\/revisions\/9707"}],"wp:attachment":[{"href":"https:\/\/dignitas.ch\/fr\/wp-json\/wp\/v2\/media?parent=318"}],"curies":[{"name":"wp","href":"https:\/\/api.w.org\/{rel}","templated":true}]}}