    {"id":295,"date":"2023-06-28T16:46:34","date_gmt":"2023-06-28T14:46:34","guid":{"rendered":"https:\/\/dev.dignitas.bertastrasse1.ch\/verein-2\/"},"modified":"2025-11-26T15:43:55","modified_gmt":"2025-11-26T14:43:55","slug":"association","status":"publish","type":"page","link":"https:\/\/dignitas.ch\/fr\/association\/","title":{"rendered":"L&rsquo;association"},"content":{"rendered":"\n<p>L\u2019association \u00ab\u00a0DIGNITAS \u2013 Vivre dignement \u2013 Mourir dignement\u00a0\u00bb a \u00e9t\u00e9 fond\u00e9e le 17\u00a0mai\u00a01998 \u00e0 Forch (pr\u00e8s de Zurich). L\u2019organisation ne poursuit aucun int\u00e9r\u00eat commercial. Selon ses statuts, elle a pour but d\u2019assurer \u00e0 ses adh\u00e9rents une vie dans la dignit\u00e9 ainsi qu\u2019une mort dans la dignit\u00e9, valeurs dont elle entend \u00e9galement faire b\u00e9n\u00e9ficier un plus large cercle de personnes.<\/p>\n\n\n\n<p>Conform\u00e9ment \u00e0 ce but, les activit\u00e9s de DIGNITAS sont notamment les suivantes :<\/p>\n\n\n\n<ul class=\"wp-block-list\">\n<li>conseils sur toutes les questions concernant la fin de vie\u00a0;<\/li>\n\n\n\n<li>collaboration avec des m\u00e9decins, des cliniques ainsi que d\u2019autres organisations\u00a0;<\/li>\n\n\n\n<li>d\u00e9marches visant \u00e0 faire respecter la d\u00e9claration pour le droit de mourir dans la dignit\u00e9 (directives anticip\u00e9es) et les droits des patients\u00a0;<\/li>\n\n\n\n<li>pr\u00e9vention du suicide et des tentatives de suicide\u00a0;<\/li>\n\n\n\n<li>soutien en cas de conflit avec les autorit\u00e9s, la direction des \u00e9tablissements m\u00e9dico-sociaux et les m\u00e9decins que le patient n\u2019a pas choisis\u00a0;<\/li>\n\n\n\n<li>d\u00e9veloppement du droit sur les questions touchant la fin de vie\u00a0;<\/li>\n\n\n\n<li>accompagnement en fin de vie et aide au suicide (suicide accompagn\u00e9).<\/li>\n<\/ul>\n\n\n\n<p>Chaque jour, DIGNITAS est contact\u00e9e par des personnes qui cherchent du conseil authentique et honn\u00eate concernant des questions autour de la qualit\u00e9 de vie, vivre et mourir, sans tabou, sans paternalisme et sans stigmatisation. Une trentaine d&#8217;employ\u00e9s \u00e0 temps partiel s\u2019occupent directement ou indirectement des int\u00e9r\u00eats de nos adh\u00e9rents et d&rsquo;autres personnes.<\/p>\n","protected":false},"excerpt":{"rendered":"<p>L\u2019association \u00ab\u00a0DIGNITAS \u2013 Vivre dignement \u2013 Mourir dignement\u00a0\u00bb a \u00e9t\u00e9 fond\u00e9e le 17\u00a0mai\u00a01998 \u00e0 Forch (pr\u00e8s de Zurich). L\u2019organisation ne poursuit aucun int\u00e9r\u00eat commercial. Selon ses statuts, elle a pour but d\u2019assurer \u00e0 ses adh\u00e9rents une vie dans la dignit\u00e9 ainsi qu\u2019une mort dans la dignit\u00e9, valeurs dont elle entend \u00e9galement faire b\u00e9n\u00e9ficier un plus [&hellip;]<\/p>\n","protected":false},"author":1,"featured_media":0,"parent":0,"menu_order":0,"comment_status":"closed","ping_status":"closed","template":"","meta":{"_acf_changed":false,"_editorskit_title_hidden":false,"_editorskit_reading_time":0,"_editorskit_is_block_options_detached":false,"_editorskit_block_options_position":"{}","footnotes":""},"class_list":["post-295","page","type-page","status-publish","hentry"],"acf":[],"_links":{"self":[{"href":"https:\/\/dignitas.ch\/fr\/wp-json\/wp\/v2\/pages\/295","targetHints":{"allow":["GET"]}}],"collection":[{"href":"https:\/\/dignitas.ch\/fr\/wp-json\/wp\/v2\/pages"}],"about":[{"href":"https:\/\/dignitas.ch\/fr\/wp-json\/wp\/v2\/types\/page"}],"author":[{"embeddable":true,"href":"https:\/\/dignitas.ch\/fr\/wp-json\/wp\/v2\/users\/1"}],"replies":[{"embeddable":true,"href":"https:\/\/dignitas.ch\/fr\/wp-json\/wp\/v2\/comments?post=295"}],"version-history":[{"count":9,"href":"https:\/\/dignitas.ch\/fr\/wp-json\/wp\/v2\/pages\/295\/revisions"}],"predecessor-version":[{"id":10510,"href":"https:\/\/dignitas.ch\/fr\/wp-json\/wp\/v2\/pages\/295\/revisions\/10510"}],"wp:attachment":[{"href":"https:\/\/dignitas.ch\/fr\/wp-json\/wp\/v2\/media?parent=295"}],"curies":[{"name":"wp","href":"https:\/\/api.w.org\/{rel}","templated":true}]}}