    {"id":1528,"date":"2023-09-11T11:23:28","date_gmt":"2023-09-11T09:23:28","guid":{"rendered":"https:\/\/dev.dignitas.bertastrasse1.ch\/verein\/film-video\/"},"modified":"2026-02-17T16:18:11","modified_gmt":"2026-02-17T15:18:11","slug":"video-podcast","status":"publish","type":"page","link":"https:\/\/dignitas.ch\/fr\/a-voir\/video-podcast\/","title":{"rendered":"Vid\u00e9o \/ Podcast"},"content":{"rendered":"\n<p id=\"video-en-haut\"><\/p>\n\n\n\n<h4 class=\"wp-block-heading\">\u00ab\u00a0Exit, la douleur des proches\u00a0\u00bb<\/h4>\n\n\n\n<p>Un reportage de Marie Abbet et Xavier Nicol (2024)<\/p>\n\n\n\n<p><a href=\"https:\/\/www.rts.ch\/play\/tv\/temps-present\/video\/exit-la-douleur-des-proches?urn=urn:rts:video:14769895\" target=\"_blank\" rel=\"noreferrer noopener\">Lien au portail vid\u00e9o du RTS Temps pr\u00e9sent<\/a><\/p>\n\n\n\n<p>\u00ab\u00a0Le Plan A c\u2019\u00e9tait survivre, Le Plan B c\u2019\u00e9tait partir avec DIGNITAS.\u00a0\u00bb<\/p>\n\n\n\n<p>\u00ab\u00a0Elle ne le voyait pas du tout comme un moment dramatique, plut\u00f4t comme un d\u00e9part, un peu comme un d\u00e9part en vacances. L&rsquo;image est un peu particuli\u00e8re. C&rsquo;est aussi un peu paradoxal mais je ne l&rsquo;ai presque jamais vu autant en forme que depuis qu&rsquo;elle a annonc\u00e9 qu&rsquo;elle allait d\u00e9c\u00e9der.\u00a0\u00bb<\/p>\n\n\n\n<p>\u00ab\u00a0Je n\u2019arrive pas \u00e0 comprendre qu\u2019en France on ne puisse pas avoir les m\u00eames possibilit\u00e9s. C\u2019est inadmissible.\u00a0\u00bb<\/p>\n\n\n\n<hr class=\"wp-block-separator has-alpha-channel-opacity\"\/>\n\n\n\n<h4 class=\"wp-block-heading\">Dignitas &#8211; la mort sur ordonnance<\/h4>\n\n\n\n<p>Un documentaire de haute qualit\u00e9 et un reportage bouleversant sur l\u2019assistance au suicide et DIGNITAS \u2013 du TSR T\u00e9l\u00e9vision Suisse Romande (2011)<\/p>\n\n\n\n<p><a href=\"https:\/\/www.rts.ch\/emissions\/temps-present\/2011\/video\/dignitas-la-mort-sur-ordonnance-26372790.html\" target=\"_blank\" rel=\"noreferrer noopener\">Lien au portail vid\u00e9o du TSR<\/a><\/p>\n\n\n\n<p>Le reportage a re\u00e7u un prix international (categorie documentaire), le \u00ab\u00a0Prix du Documentaire\u00a0\u00bb chez le Festival Europ\u00e9enne de Journalisme \u00e0 Lille, France.<\/p>\n\n\n\n<hr class=\"wp-block-separator has-alpha-channel-opacity\"\/>\n\n\n\n<h4 class=\"wp-block-heading\">EXIT &#8211; Le Droit de Mourir<\/h4>\n\n\n\n<p>Un documentaire r\u00e9alis\u00e9 en 2005 sur le fonctionnement d&rsquo; Exit A.D.M.D. Suisse romande<\/p>\n\n\n\n<p><a href=\"https:\/\/www.youtube.com\/watch?v=7iNYTj_G03k&amp;feature=youtu.be\" target=\"_blank\" rel=\"noreferrer noopener\">Lien au portail vid\u00e9o Youtube<\/a><\/p>\n\n\n\n<p class=\"has-small-font-size\"><em><a href=\"#video-en-haut\">en haut<\/a><\/em><\/p>\n","protected":false},"excerpt":{"rendered":"<p>\u00ab\u00a0Exit, la douleur des proches\u00a0\u00bb Un reportage de Marie Abbet et Xavier Nicol (2024) Lien au portail vid\u00e9o du RTS Temps pr\u00e9sent \u00ab\u00a0Le Plan A c\u2019\u00e9tait survivre, Le Plan B c\u2019\u00e9tait partir avec DIGNITAS.\u00a0\u00bb \u00ab\u00a0Elle ne le voyait pas du tout comme un moment dramatique, plut\u00f4t comme un d\u00e9part, un peu comme un d\u00e9part en [&hellip;]<\/p>\n","protected":false},"author":1,"featured_media":0,"parent":1406,"menu_order":0,"comment_status":"closed","ping_status":"closed","template":"","meta":{"_acf_changed":false,"_editorskit_title_hidden":false,"_editorskit_reading_time":0,"_editorskit_is_block_options_detached":false,"_editorskit_block_options_position":"{}","footnotes":""},"class_list":["post-1528","page","type-page","status-publish","hentry"],"acf":[],"_links":{"self":[{"href":"https:\/\/dignitas.ch\/fr\/wp-json\/wp\/v2\/pages\/1528","targetHints":{"allow":["GET"]}}],"collection":[{"href":"https:\/\/dignitas.ch\/fr\/wp-json\/wp\/v2\/pages"}],"about":[{"href":"https:\/\/dignitas.ch\/fr\/wp-json\/wp\/v2\/types\/page"}],"author":[{"embeddable":true,"href":"https:\/\/dignitas.ch\/fr\/wp-json\/wp\/v2\/users\/1"}],"replies":[{"embeddable":true,"href":"https:\/\/dignitas.ch\/fr\/wp-json\/wp\/v2\/comments?post=1528"}],"version-history":[{"count":11,"href":"https:\/\/dignitas.ch\/fr\/wp-json\/wp\/v2\/pages\/1528\/revisions"}],"predecessor-version":[{"id":11191,"href":"https:\/\/dignitas.ch\/fr\/wp-json\/wp\/v2\/pages\/1528\/revisions\/11191"}],"up":[{"embeddable":true,"href":"https:\/\/dignitas.ch\/fr\/wp-json\/wp\/v2\/pages\/1406"}],"wp:attachment":[{"href":"https:\/\/dignitas.ch\/fr\/wp-json\/wp\/v2\/media?parent=1528"}],"curies":[{"name":"wp","href":"https:\/\/api.w.org\/{rel}","templated":true}]}}