    {"id":1508,"date":"2023-09-11T11:21:38","date_gmt":"2023-09-11T09:21:38","guid":{"rendered":"https:\/\/dev.dignitas.bertastrasse1.ch\/verein\/stellungsnahmen-interviews-usw\/"},"modified":"2025-08-11T16:47:34","modified_gmt":"2025-08-11T14:47:34","slug":"prises-de-positions-commentaires","status":"publish","type":"page","link":"https:\/\/dignitas.ch\/fr\/a-voir\/prises-de-positions-commentaires\/","title":{"rendered":"Prises de position et commentaires"},"content":{"rendered":"\n<p class=\"has-small-font-size\"><em>28 juin 2018<\/em><\/p>\n\n\n\n<h4 class=\"wp-block-heading\">Consultation sur l&rsquo;avant-projet de loi sur la sant\u00e9 Canton Valais<\/h4>\n\n\n\n<p>Le 9 avril 2018, la direction g\u00e9n\u00e9rale de la sant\u00e9, des affaires sociales et de la culture (DSSC) du canton du Valais a inform\u00e9 que l&rsquo;actuelle loi sur la sant\u00e9 adopt\u00e9e par le Grand Conseil le 14 f\u00e9vrier 2008 n\u00e9cessitait quelques ajustements en raison de l&rsquo;\u00e9volution du droit f\u00e9d\u00e9ral, mais aussi pour am\u00e9liorer certaines dispositions relatives aux droits des patients, \u00e0 la qualit\u00e9 des soins et \u00e0 la supervision. En cons\u00e9quence, la DSSC avait pr\u00e9par\u00e9 un projet de loi, qui a \u00e9t\u00e9 soumis au public pour consultation avec l&rsquo;autorisation du Conseil d&rsquo;\u00c9tat.<br>DIGNITAS \u2013 Vivre dignement \u2013 Mourir dignement a examin\u00e9 l&rsquo;avant-projet de loi et constate qu&rsquo;il n&rsquo;est pas conforme \u00e0 plusieurs endroits \u00e0 la force d\u00e9rogatoire applicable et ignore compl\u00e8tement l&rsquo;aspect selon lequel le nombre de tentatives au suicide peut \u00eatre r\u00e9duit par une approche ouverte et progressive des questions de fin de vie. C&rsquo;est pourquoi DIGNITAS demande une r\u00e9vision du projet.<\/p>\n\n\n\n<p><a href=\"http:\/\/dignitas.ch\/images\/stories\/pdf\/diginpublic\/stellungnahme-gesundheitsgesetz-wallis-f-28062018.pdf\" target=\"_blank\" rel=\"noreferrer noopener\" class=\"ek-link\">Prise de position de DIGNITAS \u00e0 l\u2019attention de la D\u00e9partement de la Sant\u00e9, des Affaires Sociales et de la Culture <\/a><a href=\"http:\/\/dignitas.ch\/images\/stories\/pdf\/diginpublic\/stellungnahme-gesundheitsgesetz-wallis-f-28062018.pdf\" class=\"ek-link\">(PDF)<\/a><\/p>\n","protected":false},"excerpt":{"rendered":"<p>28 juin 2018 Consultation sur l&rsquo;avant-projet de loi sur la sant\u00e9 Canton Valais Le 9 avril 2018, la direction g\u00e9n\u00e9rale de la sant\u00e9, des affaires sociales et de la culture (DSSC) du canton du Valais a inform\u00e9 que l&rsquo;actuelle loi sur la sant\u00e9 adopt\u00e9e par le Grand Conseil le 14 f\u00e9vrier 2008 n\u00e9cessitait quelques ajustements [&hellip;]<\/p>\n","protected":false},"author":1,"featured_media":0,"parent":1406,"menu_order":0,"comment_status":"closed","ping_status":"closed","template":"","meta":{"_acf_changed":false,"_editorskit_title_hidden":false,"_editorskit_reading_time":0,"_editorskit_is_block_options_detached":false,"_editorskit_block_options_position":"{}","footnotes":""},"class_list":["post-1508","page","type-page","status-publish","hentry"],"acf":[],"_links":{"self":[{"href":"https:\/\/dignitas.ch\/fr\/wp-json\/wp\/v2\/pages\/1508","targetHints":{"allow":["GET"]}}],"collection":[{"href":"https:\/\/dignitas.ch\/fr\/wp-json\/wp\/v2\/pages"}],"about":[{"href":"https:\/\/dignitas.ch\/fr\/wp-json\/wp\/v2\/types\/page"}],"author":[{"embeddable":true,"href":"https:\/\/dignitas.ch\/fr\/wp-json\/wp\/v2\/users\/1"}],"replies":[{"embeddable":true,"href":"https:\/\/dignitas.ch\/fr\/wp-json\/wp\/v2\/comments?post=1508"}],"version-history":[{"count":6,"href":"https:\/\/dignitas.ch\/fr\/wp-json\/wp\/v2\/pages\/1508\/revisions"}],"predecessor-version":[{"id":9464,"href":"https:\/\/dignitas.ch\/fr\/wp-json\/wp\/v2\/pages\/1508\/revisions\/9464"}],"up":[{"embeddable":true,"href":"https:\/\/dignitas.ch\/fr\/wp-json\/wp\/v2\/pages\/1406"}],"wp:attachment":[{"href":"https:\/\/dignitas.ch\/fr\/wp-json\/wp\/v2\/media?parent=1508"}],"curies":[{"name":"wp","href":"https:\/\/api.w.org\/{rel}","templated":true}]}}