    {"id":1488,"date":"2023-09-11T11:18:49","date_gmt":"2023-09-11T09:18:49","guid":{"rendered":"https:\/\/dev.dignitas.bertastrasse1.ch\/literatur\/"},"modified":"2025-12-04T14:44:37","modified_gmt":"2025-12-04T13:44:37","slug":"litterature","status":"publish","type":"page","link":"https:\/\/dignitas.ch\/fr\/savoir\/litterature\/","title":{"rendered":"Litt\u00e9rature"},"content":{"rendered":"\n<h4 class=\"wp-block-heading\" id=\"litterature-dessus\">\u00ab\u00a0Le m\u00e9decin, la libert\u00e9 et la mort\u00a0\u00bb<\/h4>\n\n\n\n<p>Le docteur Denis Labayle est l\u2019un des tr\u00e8s rares m\u00e9decins en France \u00e0 d\u00e9fendre depuis plus de vingt ans le droit des \u00eatres humains \u00e0 choisir leur fin de vie ainsi qu\u2019une nouvelle conception de l\u2019\u00e9thique m\u00e9dicale ajoutant au c\u00e9l\u00e8bre serment d\u2019Hippocrate\u00a0: \u00ab\u00a0J\u2019accompagnerai mes malades jusqu\u2019\u00e0 la fin de leur vie et je respecterai leur choix.\u00a0\u00bb<\/p>\n\n\n\n<p>Auteur\u00a0: Denis Labayle<br>paru 2022<br>Editions PLON<br>ISBN 978-2-259-31052-9<\/p>\n\n\n\n<hr class=\"wp-block-separator has-alpha-channel-opacity\"\/>\n\n\n\n<h4 class=\"wp-block-heading\" id=\"litterature-dessus\">\u00ab&nbsp;L\u2019apr\u00e8s-midi sera courte &#8211; Plaidoyer pour le droit \u00e0 l&rsquo;euthanasie&nbsp;\u00bb<\/h4>\n\n\n\n<p>Ce livre fait parti d&rsquo;une collection consacr\u00e9e \u00e0 la La\u00efcit\u00e9. Au d\u00e9part de l&rsquo;exp\u00e9rience de la mort choisie de sa maman, l&rsquo;auteur explore les diff\u00e9rentes facettes de l&rsquo;euthanasie.<\/p>\n\n\n\n<p>Auteur&nbsp;: Nadia Geerts<br>paru 2018<br>L&rsquo;Harmattan<br>ISBN 978-2-343-16181-5<\/p>\n\n\n\n<hr class=\"wp-block-separator has-alpha-channel-opacity\"\/>\n\n\n\n<h4 class=\"wp-block-heading\">\u00ab&nbsp;L\u2019autonomie en fin de vie&nbsp;: le d\u00e9bat allemand des pistes pour la Suisse en enjeu pour nous tous&nbsp;\u00bb<\/h4>\n\n\n\n<p>Un livre qui invite \u00e0 une r\u00e9flexion sur notre propre attitude face \u00e0 la mort. Il ne propose aucune recette mais rend compte de nombreuses situations v\u00e9cues qui illustrent, de mani\u00e8re tr\u00e8s concr\u00e8te, comment les choses peuvent se passer druant la derni\u00e8re phase de notre vie, et ce qu\u2019il faut faire pour que celle-ci se d\u00e9roule au plus pr\u00e8s de nos souhaites.<\/p>\n\n\n\n<p>Auteur&nbsp;: Gian Domenico Borasio<br>paru 2017<br>Presses polytechniques et universitaires romandes<br>Titre original : \u00abSelbstbestimmt sterben\u00bb<br>ISBN 978-2-88915-222-3<\/p>\n\n\n\n<hr class=\"wp-block-separator has-alpha-channel-opacity\"\/>\n\n\n\n<h4 class=\"wp-block-heading\">\u00ab&nbsp;Le Fasicule De S\u00fbre-vie \u2013 Le manuel pour une vie plus s\u00fbre&nbsp;\u00bb<\/h4>\n\n\n\n<p>Ecrire ses Directives Anticip\u00e9es, nommer sa Personne de Confiance<\/p>\n\n\n\n<p>Extrait de pr\u00e9face: Vous, comme nous tous, arriverez un jour au bout de ce voyage que nous appelons la vie. Dans quel \u00e9tat&nbsp;? Avec quels handicaps&nbsp;? douleurs ? conditions de vie&nbsp;? \u2026 personne ne le sait, ni peut le pr\u00e9dire pour vous. L\u2019objet de ce document est de vous permettre dans le cadre de la l\u00e9gislation fran\u00e7aise actuelle de faire un travail personnel pour arriver \u00e0 \u00e9crire de fa\u00e7on clair ce que vous voulez ou ne voulez pas dans cette p\u00e9riode que l\u2019on appelle \u00abla fin de vie\u00bb.<\/p>\n\n\n\n<p>Auteur&nbsp;: Pascal Landa, Pr\u00e9sident de AAVIVRE \u2026 sa fin de vie<br>Contact : 92, bd de Port Royal, 75005, Paris<br>ISBN 978-2-9556603-0-0<br>paru 2016<\/p>\n\n\n\n<hr class=\"wp-block-separator has-alpha-channel-opacity\"\/>\n\n\n\n<h4 class=\"wp-block-heading\">Po\u00e9sie Errante<\/h4>\n\n\n\n<p>en forme de lettre d&rsquo;adieu<br>\u00e0 mes parents, amis et connaissances<\/p>\n\n\n\n<p>\u00e9crit par Nail Chiodo (pseudonyme de Luigi Attardi) <a href=\"http:\/\/nailchiodo.com\" target=\"_blank\" rel=\"noreferrer noopener\">www.nailchiodo.com<\/a><br>original en anglais&nbsp;; traduction fran\u00e7ais par Fr\u00e9d\u00e9ric D\u00e9v\u00e9 et italien par Franceso Dalessandro<\/p>\n\n\n\n<p>Plaquette disponible de \/ veuillez adresser votre ordre \u00e0&nbsp;:<\/p>\n\n\n\n<p>Edizioni Empiria<br>Via Bacchina, 79<br>00184 Roma, Italia<br>Tel &amp; fax +39 058 0177 1006<br><a href=\"http:\/\/www.empiria.com\" target=\"_blank\" rel=\"noreferrer noopener\">www.empiria.com<\/a> \/ <a href=\"mailto:mail@empiria.com\">mail@empiria.com<\/a><\/p>\n\n\n\n<hr class=\"wp-block-separator has-alpha-channel-opacity\"\/>\n\n\n\n<h4 class=\"wp-block-heading\">\u00ab&nbsp;Je Vous Tiendrai La Main&nbsp;\u00bb<\/h4>\n\n\n\n<p>L\u2019euthanasie n\u2019est pas qu\u2019un sujet de conversation. Elle est aussi, d\u00e9sormais, une r\u00e9alit\u00e9 pour beaucoup des militants, de m\u00e9decins et de malades que les progr\u00e8s de la m\u00e9decine jettent, paradoxalement, dans des situations toujours plus douloureuse.<\/p>\n\n\n\n<p>Auteur&nbsp;: Paulina Dalmayer<br>paru 2015<br>\u00c9ditions Plein Jour, France<br>ISBN 978-2-37067-007-6<\/p>\n\n\n\n<hr class=\"wp-block-separator has-alpha-channel-opacity\"\/>\n\n\n\n<h4 class=\"wp-block-heading\">\u00ab&nbsp;Pour une loi sur l&rsquo;euthanasie et l&rsquo;aide au suicide: l&rsquo;exemple belge&nbsp;\u00bb<\/h4>\n\n\n\n<p>Dans sa premi\u00e8re partie, l\u2019auteur d\u00e9crit son exp\u00e9rience personnelle de la lutte de son \u00e9pouse contre le cancer et de l&rsquo;ultime d\u00e9livrance de celle-ci gr\u00e2ce \u00e0 l&rsquo;euthanasie. Dans la deuxi\u00e8me partie, il explicite le contenu de la loi belge qui a permis cette fin de vie dans la dignit\u00e9, y compris un dernier chapitre attirant l&rsquo;attention sur quelques faiblesses et manques dans cette loi.<\/p>\n\n\n\n<p>Auteur&nbsp;: Alain Canneel<br>paru 2013<br>ISBN 978-2-9535174-2-2<\/p>\n\n\n\n<hr class=\"wp-block-separator has-alpha-channel-opacity\"\/>\n\n\n\n<h4 class=\"wp-block-heading\">\u00ab&nbsp;L\u2019aide au suicide&nbsp;\u00bb<\/h4>\n\n\n\n<p>Contre l\u2019acharnement th\u00e9rapeutique et palliatif<br>Pour le droit de mourir dans la dignit\u00e9<\/p>\n\n\n\n<p>Ce livre parle de vous personnellement, il traite de l\u2019\u00e9tape finale de votre vie. Le pass\u00e9 dont vous ne voulez rien savoir, vous vous condamnez \u00e0 le r\u00e9p\u00e9ter, dit-on; mais la fatalit\u00e9 que vous voudriez ignorer s\u2019accomplira sous sa forme la plus inacceptable. Si le droit \u00e0 la vie est fondamental, il appara\u00eet tout aussi fondamental de pouvoir choisir sa propre mort, et de faire appel \u00e0 l\u2019assistance d\u2019un sp\u00e9cialiste.<\/p>\n\n\n\n<p>Auteurs&nbsp;: Dr. J\u00e9r\u00f4me Sobel et Michel Th\u00e9voz<br>paru 2009<br>\u00c9ditions Favre SA, Lausanne<br>ISBN 978-2-8289-1136-2<\/p>\n\n\n\n<p class=\"has-small-font-size\"><em><a href=\"#litterature-en-haut\">en haut<\/a><\/em><\/p>\n","protected":false},"excerpt":{"rendered":"<p>\u00ab\u00a0Le m\u00e9decin, la libert\u00e9 et la mort\u00a0\u00bb Le docteur Denis Labayle est l\u2019un des tr\u00e8s rares m\u00e9decins en France \u00e0 d\u00e9fendre depuis plus de vingt ans le droit des \u00eatres humains \u00e0 choisir leur fin de vie ainsi qu\u2019une nouvelle conception de l\u2019\u00e9thique m\u00e9dicale ajoutant au c\u00e9l\u00e8bre serment d\u2019Hippocrate\u00a0: \u00ab\u00a0J\u2019accompagnerai mes malades jusqu\u2019\u00e0 la fin [&hellip;]<\/p>\n","protected":false},"author":1,"featured_media":0,"parent":342,"menu_order":0,"comment_status":"closed","ping_status":"closed","template":"","meta":{"_acf_changed":false,"_editorskit_title_hidden":false,"_editorskit_reading_time":0,"_editorskit_is_block_options_detached":false,"_editorskit_block_options_position":"{}","footnotes":""},"class_list":["post-1488","page","type-page","status-publish","hentry"],"acf":[],"_links":{"self":[{"href":"https:\/\/dignitas.ch\/fr\/wp-json\/wp\/v2\/pages\/1488","targetHints":{"allow":["GET"]}}],"collection":[{"href":"https:\/\/dignitas.ch\/fr\/wp-json\/wp\/v2\/pages"}],"about":[{"href":"https:\/\/dignitas.ch\/fr\/wp-json\/wp\/v2\/types\/page"}],"author":[{"embeddable":true,"href":"https:\/\/dignitas.ch\/fr\/wp-json\/wp\/v2\/users\/1"}],"replies":[{"embeddable":true,"href":"https:\/\/dignitas.ch\/fr\/wp-json\/wp\/v2\/comments?post=1488"}],"version-history":[{"count":8,"href":"https:\/\/dignitas.ch\/fr\/wp-json\/wp\/v2\/pages\/1488\/revisions"}],"predecessor-version":[{"id":10724,"href":"https:\/\/dignitas.ch\/fr\/wp-json\/wp\/v2\/pages\/1488\/revisions\/10724"}],"up":[{"embeddable":true,"href":"https:\/\/dignitas.ch\/fr\/wp-json\/wp\/v2\/pages\/342"}],"wp:attachment":[{"href":"https:\/\/dignitas.ch\/fr\/wp-json\/wp\/v2\/media?parent=1488"}],"curies":[{"name":"wp","href":"https:\/\/api.w.org\/{rel}","templated":true}]}}