    {"id":1468,"date":"2023-09-11T11:16:29","date_gmt":"2023-09-11T09:16:29","guid":{"rendered":"https:\/\/dev.dignitas.bertastrasse1.ch\/wissen\/umfragen\/"},"modified":"2026-02-26T11:47:34","modified_gmt":"2026-02-26T10:47:34","slug":"sondages","status":"publish","type":"page","link":"https:\/\/dignitas.ch\/fr\/savoir\/sondages\/","title":{"rendered":"Sondages"},"content":{"rendered":"\n<p class=\"has-small-font-size\" id=\"sondages-en-haut\"><em>F\u00e9vrier 2026<\/em><\/p>\n\n\n\n<h4 class=\"wp-block-heading\">Les Fran\u00e7ais et la proposition de loi sur la fin de vie<\/h4>\n\n\n\n<p>Sondage Ifop pour l&rsquo;ADMD\u00a0: Les Fran\u00e7ais et la proposition de loi sur la fin de vie<\/p>\n\n\n\n<p id=\"sondages-en-haut\"><a href=\"https:\/\/www.ifop.com\/article\/les-francais-et-la-proposition-de-loi-sur-la-fin-de-vie\/\" target=\"_blank\" rel=\"noreferrer noopener\">Sommaire des r\u00e9sultats de sondage<\/a><\/p>\n\n\n\n<hr class=\"wp-block-separator has-alpha-channel-opacity\"\/>\n\n\n\n<p class=\"has-small-font-size\"><em>Avril 2025<\/em><\/p>\n\n\n\n<h4 class=\"wp-block-heading\">Les m\u00e9decins et la fin de vie<\/h4>\n\n\n\n<p>Sondage Ifop pour l&rsquo;ADMD&nbsp;: Les m\u00e9decins et la fin de vie<\/p>\n\n\n\n<p><a href=\"https:\/\/www.ifop.com\/publication\/les-medecins-et-la-fin-de-vie\/\" target=\"_blank\" rel=\"noreferrer noopener\">R\u00e9sultats de sondage<\/a><\/p>\n\n\n\n<hr class=\"wp-block-separator has-alpha-channel-opacity\"\/>\n\n\n\n<p class=\"has-small-font-size\"><em>Mai 2024<\/em><\/p>\n\n\n\n<h4 class=\"wp-block-heading\">Le regard des Fran\u00e7ais sur la fin de vie<\/h4>\n\n\n\n<p>Sondage Ifop pour l&rsquo;ADMD&nbsp;: Le regard des Fran\u00e7ais sur la fin de vie<\/p>\n\n\n\n<p><a href=\"https:\/\/www.ifop.com\/publication\/le-regard-des-francais-sur-la-fin-de-vie-6\/\" target=\"_blank\" rel=\"noreferrer noopener\">R\u00e9sultats de sondage<\/a><\/p>\n\n\n\n<hr class=\"wp-block-separator has-alpha-channel-opacity\"\/>\n\n\n\n<p class=\"has-small-font-size\"><em>Septembre 2023<\/em><\/p>\n\n\n\n<h4 class=\"wp-block-heading\">Le regard des Fran\u00e7ais sur l\u2019euthanasie et le suicide assist\u00e9<\/h4>\n\n\n\n<p>Sondage Cluster17 pour Le Point : regard des Fran\u00e7ais sur l\u2019euthanasie et le suicide assist\u00e9<\/p>\n\n\n\n<p><a href=\"https:\/\/cluster17.com\/wp-content\/uploads\/2023\/10\/Sondage-Le-Point-fin-de-vie.pdf\" target=\"_blank\" rel=\"noreferrer noopener\" class=\"ek-link\">R\u00e9sultats de sondage (PDF)<\/a><\/p>\n\n\n\n<hr class=\"wp-block-separator has-alpha-channel-opacity\"\/>\n\n\n\n<p class=\"has-small-font-size\"><em>Juin 2023<\/em><\/p>\n\n\n\n<h4 class=\"wp-block-heading\">Le regard des Fran\u00e7ais sur la fin de vie<\/h4>\n\n\n\n<p>Sondage Ifop pour l&rsquo;ADMD&nbsp;: le regard des Fran\u00e7ais sur la fin de vie<\/p>\n\n\n\n<p><a href=\"http:\/\/www.dignitas.ch\/images\/stories\/pdf\/ifop-admd-findevie-juin2023.pdf\" target=\"_blank\" rel=\"noreferrer noopener\" class=\"ek-link\">R\u00e9sultats de sondage (PDF)<\/a><\/p>\n\n\n\n<hr class=\"wp-block-separator has-alpha-channel-opacity\"\/>\n\n\n\n<p class=\"has-small-font-size\"><em>Mars 2023<\/em><\/p>\n\n\n\n<h4 class=\"wp-block-heading\">Les Fran\u00e7ais et la Convention citoyenne sur la fin de vie<\/h4>\n\n\n\n<p>Sondage Ifop pour le JDD&nbsp;: les Fran\u00e7ais et la Convention citoyenne sur la fin de vie<\/p>\n\n\n\n<p><a href=\"http:\/\/www.dignitas.ch\/images\/stories\/pdf\/ifop-jdd-findevie-convention-mars2023.pdf\" target=\"_blank\" rel=\"noreferrer noopener\" class=\"ek-link\">R\u00e9sultats de sondage (PDF)<\/a><\/p>\n\n\n\n<hr class=\"wp-block-separator has-alpha-channel-opacity\"\/>\n\n\n\n<p class=\"has-small-font-size\"><em>Octobre 2022<\/em><\/p>\n\n\n\n<h4 class=\"wp-block-heading\">Regard des Fran\u00e7ais sur la fin de vie<\/h4>\n\n\n\n<p>Sondage Ifop pour l&rsquo;ADMD&nbsp;: le regard des Fran\u00e7ais sur la fin de vie<\/p>\n\n\n\n<p><a href=\"http:\/\/www.dignitas.ch\/images\/stories\/pdf\/ifop-admd-findevie-octobre2022.pdf\" target=\"_blank\" rel=\"noreferrer noopener\" class=\"ek-link\">R\u00e9sultats de sondage (PDF)<\/a><\/p>\n\n\n\n<hr class=\"wp-block-separator has-alpha-channel-opacity\"\/>\n\n\n\n<p class=\"has-small-font-size\"><em>Juillet 2020<\/em><\/p>\n\n\n\n<h4 class=\"wp-block-heading\">France&nbsp;: 71% des m\u00e9decins sont favorables \u00e0 la l\u00e9galisation<\/h4>\n\n\n\n<p>Sondage en France par Medscape&nbsp;: 71% des m\u00e9decins sont favorables \u00e0 la l\u00e9galisation de l\u2019euthanasie ou au suicide m\u00e9dicalement assist\u00e9<\/p>\n\n\n<p><a class=\"ek-link\" href=\"https:\/\/login.medscape.com\/login\/sso\/getlogin?lang=fr&amp;ac=401&amp;urlCache=aHR0cHM6Ly9mcmFuY2Fpcy5tZWRzY2FwZS5jb20vaG9tZQ%3D%3D\" target=\"_blank\" rel=\"noreferrer noopener\">R\u00e9sultats de sondage (<\/a><a class=\"ek-link\" href=\"https:\/\/login.medscape.com\/login\/sso\/getlogin?lang=fr&amp;ac=401&amp;urlCache=aHR0cHM6Ly9mcmFuY2Fpcy5tZWRzY2FwZS5jb20vaG9tZQ%3D%3D\" target=\"_blank\" rel=\"noreferrer noopener\">enqu\u00eate r\u00e9serv\u00e9e aux abonn\u00e9s du site<\/a><a class=\"ek-link\" href=\"https:\/\/login.medscape.com\/login\/sso\/getlogin?lang=fr&amp;ac=401&amp;urlCache=aHR0cHM6Ly9mcmFuY2Fpcy5tZWRzY2FwZS5jb20vaG9tZQ%3D%3D\" target=\"_blank\" rel=\"noreferrer noopener\">)<\/a><\/p>\n\n\n<hr class=\"wp-block-separator has-alpha-channel-opacity\"\/>\n\n\n\n<p class=\"has-small-font-size\"><em>Mars 2019<\/em><\/p>\n\n\n\n<h4 class=\"wp-block-heading\">France&nbsp;: 96 % des personnes interrog\u00e9es se sont prononc\u00e9es en faveur de l&rsquo;euthanasie<\/h4>\n\n\n\n<p>Dans un sondage r\u00e9alis\u00e9 en France par l&rsquo;Institut ipsos en mars 2019, une \u00e9crasante majorit\u00e9 de 96 % des personnes interrog\u00e9es se sont prononc\u00e9es en faveur de l&rsquo;euthanasie; 60 % en cas de souffrances graves et incurables d\u2019une personne&nbsp;; 36 % quelles que soient les conditions de sant\u00e9.<\/p>\n\n\n\n<p><a class=\"ek-link\" href=\"https:\/\/www.ipsos.com\/sites\/default\/files\/ct\/news\/documents\/2019-04\/ipsos_lire_la_politique_mars_2019.pdf\" target=\"_blank\" rel=\"noreferrer noopener\">R\u00e9sultats de sondage (PDF)<\/a>&nbsp;; question sur l&rsquo;euthanasie: page 23 du document.<\/p>\n\n\n\n<hr class=\"wp-block-separator has-alpha-channel-opacity\"\/>\n\n\n\n<p class=\"has-small-font-size\"><em>Septembre &#8211; octobre 2012<\/em><\/p>\n\n\n\n<h4 class=\"wp-block-heading\">Enqu\u00eate en ligne sur l\u2019autod\u00e9termination en fin de vie vue par les europ\u00e9ens<\/h4>\n\n\n\n<p>La <a href=\"http:\/\/www.medizinalrecht.org\/index.php?id=16\" target=\"_blank\" rel=\"noreferrer noopener\">F\u00e9d\u00e9ration des Avocats du Droit M\u00e9dical Suisse (SMLA)<\/a> a command\u00e9e une enqu\u00eate en ligne, effectu\u00e9e dans douze pays d&rsquo;Europe par l\u2019institut de sondage suisse ISOPUBLIC, sur l\u2019autod\u00e9termination en fin de vie vue par les europ\u00e9ens.<\/p>\n\n\n\n<p><a href=\"http:\/\/www.medizinalrecht.org\/wp-content\/uploads\/2013\/03\/Resultats_de_sondages_autodetermination_a_la_fin_de_vie.pdf\" target=\"_blank\" rel=\"noreferrer noopener\" class=\"ek-link\">R\u00e9sultats de sondage (PDF)<\/a><\/p>\n\n\n\n<p class=\"has-small-font-size\"><a href=\"#sondages-en-haut\"><em>en haut<\/em><\/a><\/p>\n","protected":false},"excerpt":{"rendered":"<p>F\u00e9vrier 2026 Les Fran\u00e7ais et la proposition de loi sur la fin de vie Sondage Ifop pour l&rsquo;ADMD\u00a0: Les Fran\u00e7ais et la proposition de loi sur la fin de vie Sommaire des r\u00e9sultats de sondage Avril 2025 Les m\u00e9decins et la fin de vie Sondage Ifop pour l&rsquo;ADMD&nbsp;: Les m\u00e9decins et la fin de vie [&hellip;]<\/p>\n","protected":false},"author":1,"featured_media":0,"parent":342,"menu_order":0,"comment_status":"closed","ping_status":"closed","template":"","meta":{"_acf_changed":false,"_editorskit_title_hidden":false,"_editorskit_reading_time":0,"_editorskit_is_block_options_detached":false,"_editorskit_block_options_position":"{}","footnotes":""},"class_list":["post-1468","page","type-page","status-publish","hentry"],"acf":[],"_links":{"self":[{"href":"https:\/\/dignitas.ch\/fr\/wp-json\/wp\/v2\/pages\/1468","targetHints":{"allow":["GET"]}}],"collection":[{"href":"https:\/\/dignitas.ch\/fr\/wp-json\/wp\/v2\/pages"}],"about":[{"href":"https:\/\/dignitas.ch\/fr\/wp-json\/wp\/v2\/types\/page"}],"author":[{"embeddable":true,"href":"https:\/\/dignitas.ch\/fr\/wp-json\/wp\/v2\/users\/1"}],"replies":[{"embeddable":true,"href":"https:\/\/dignitas.ch\/fr\/wp-json\/wp\/v2\/comments?post=1468"}],"version-history":[{"count":17,"href":"https:\/\/dignitas.ch\/fr\/wp-json\/wp\/v2\/pages\/1468\/revisions"}],"predecessor-version":[{"id":11228,"href":"https:\/\/dignitas.ch\/fr\/wp-json\/wp\/v2\/pages\/1468\/revisions\/11228"}],"up":[{"embeddable":true,"href":"https:\/\/dignitas.ch\/fr\/wp-json\/wp\/v2\/pages\/342"}],"wp:attachment":[{"href":"https:\/\/dignitas.ch\/fr\/wp-json\/wp\/v2\/media?parent=1468"}],"curies":[{"name":"wp","href":"https:\/\/api.w.org\/{rel}","templated":true}]}}