    {"id":1437,"date":"2023-09-11T11:13:04","date_gmt":"2023-09-11T09:13:04","guid":{"rendered":"https:\/\/dev.dignitas.bertastrasse1.ch\/wissen\/lexicon\/"},"modified":"2025-11-26T18:01:19","modified_gmt":"2025-11-26T17:01:19","slug":"lexique","status":"publish","type":"page","link":"https:\/\/dignitas.ch\/fr\/savoir\/lexique\/","title":{"rendered":"Lexique"},"content":{"rendered":"\n<p id=\"lexique-en-haut\"><\/p>\n\n\n\n<p><em><strong>A<\/strong>ccompagnement en fin de vie<\/em>\u00a0: ce terme d\u00e9signe les actions et comportements d\u00e9ploy\u00e9s par ceux qui, professionnels de la sant\u00e9 ou non, soutiennent et aident la personne mourante. Ces actes n\u2019ont pas pour effet de raccourcir la vie. La personne mourante est accompagn\u00e9e, elle n\u2019est pas laiss\u00e9e seule.<\/p>\n\n\n\n<p><em><strong>A<\/strong>ssistance au suicide<\/em>\u00a0: contrairement \u00e0 l\u2019euthanasie, la ma\u00eetrise de l\u2019action appartient dans ce cas \u00e0 la personne r\u00e9solue \u00e0 mourir: le patient d\u00e9cide lui-m\u00eame de mettre fin \u00e0 ses jours et ex\u00e9cute l\u2019acte final. En Suisse, cette forme d\u2019assistance est permise tant que des motifs \u00e9go\u00efstes n\u2019entrent pas en jeu (art. 115 du Code p\u00e9nal suisse).<\/p>\n\n\n\n<p><em><strong>E<\/strong>uthanasie<\/em>\u00a0: mot d\u2019origine grecque, signifiant \u00ab\u00a0bonne mort, mort douce, facile\u00a0\u00bb. Ce terme est cependant employ\u00e9 dans des contextes tr\u00e8s divers (euthanasie animale, massacres perp\u00e9tr\u00e9s par le national-socialisme). Pour cette raison, il faut \u00e9viter de l\u2019employer en rapport avec l\u2019assistance au suicide proprement dite.<\/p>\n\n\n\n<p><em><strong>E<\/strong>uthanasie active directe<\/em>\u00a0: la personne r\u00e9solue \u00e0 mourir demande \u00e0 des tiers de mettre fin \u00e0 sa vie, par ex. par l\u2019injection d\u2019un m\u00e9dicament l\u00e9tal. Ce meurtre \u00e0 la demande de la victime est interdit en Suisse \u2013 il est permis en Belgique, en Hollande et au Luxembourg, s\u2019il est accompli par un m\u00e9decin dans des conditions strictement d\u00e9finies.<\/p>\n\n\n\n<p><em><strong>E<\/strong>uthanasie active directe sans demande explicite<\/em>\u00a0: elle est interdite.<\/p>\n\n\n\n<p><em><strong>E<\/strong>uthanasie active indirecte<\/em>\u00a0: pour soulager la souffrance du patient, on lui administre des substances dont les effets secondaires non voulus mais in\u00e9vitables, sont susceptibles de r\u00e9duire la dur\u00e9e de vie ou d\u2019acc\u00e9l\u00e9rer la mort. Exemple\u00a0: soins palliatifs des canc\u00e9reux au stade terminal. Cette forme d\u2019euthanasie n\u2019est pas express\u00e9ment r\u00e9gl\u00e9e dans la loi ; elle est consid\u00e9r\u00e9e comme en principe admise, et pratiqu\u00e9e dans le monde entier.<\/p>\n\n\n\n<p><em><strong>E<\/strong>uthanasie passive (\u00ab<\/em>\u00a0<em>laisser mourir<\/em>\u00a0<em>\u00bb)<\/em>\u00a0: renonciation \u00e0 mettre en \u0153uvre des mesures de maintien de la vie ou interruption de celles-ci, arr\u00eat du traitement, arr\u00eat de l\u2019alimentation solide et liquide. Elle est l\u00e9gale.<\/p>\n\n\n\n<p><em><strong>S<\/strong>uicide accompagn\u00e9<\/em>\u00a0: solution associant l\u2019assistance au suicide et l\u2019accompagnement en fin de vie. Il s\u2019agit de celle propos\u00e9e aux membres d\u2019organisations telles que Dignitas et Exit. La personne r\u00e9solue \u00e0 mourir proc\u00e8de \u00e0 un suicide bien r\u00e9fl\u00e9chi et bien pr\u00e9par\u00e9, dans la mesure du possible \u00e0 domicile. On ne la laisse pas seule\u00a0: accompagn\u00e9e avec empathie, elle est, le plus souvent, \u00e9galement entour\u00e9e par sa famille et ses amis.<\/p>\n\n\n\n<p class=\"has-small-font-size\"><em><a href=\"#lexique-en-haut\" class=\"ek-link\">en haut<\/a><\/em><\/p>\n","protected":false},"excerpt":{"rendered":"<p>Accompagnement en fin de vie\u00a0: ce terme d\u00e9signe les actions et comportements d\u00e9ploy\u00e9s par ceux qui, professionnels de la sant\u00e9 ou non, soutiennent et aident la personne mourante. Ces actes n\u2019ont pas pour effet de raccourcir la vie. La personne mourante est accompagn\u00e9e, elle n\u2019est pas laiss\u00e9e seule. Assistance au suicide\u00a0: contrairement \u00e0 l\u2019euthanasie, la [&hellip;]<\/p>\n","protected":false},"author":1,"featured_media":0,"parent":342,"menu_order":0,"comment_status":"closed","ping_status":"closed","template":"","meta":{"_acf_changed":false,"_editorskit_title_hidden":false,"_editorskit_reading_time":0,"_editorskit_is_block_options_detached":false,"_editorskit_block_options_position":"{}","footnotes":""},"class_list":["post-1437","page","type-page","status-publish","hentry"],"acf":[],"_links":{"self":[{"href":"https:\/\/dignitas.ch\/fr\/wp-json\/wp\/v2\/pages\/1437","targetHints":{"allow":["GET"]}}],"collection":[{"href":"https:\/\/dignitas.ch\/fr\/wp-json\/wp\/v2\/pages"}],"about":[{"href":"https:\/\/dignitas.ch\/fr\/wp-json\/wp\/v2\/types\/page"}],"author":[{"embeddable":true,"href":"https:\/\/dignitas.ch\/fr\/wp-json\/wp\/v2\/users\/1"}],"replies":[{"embeddable":true,"href":"https:\/\/dignitas.ch\/fr\/wp-json\/wp\/v2\/comments?post=1437"}],"version-history":[{"count":6,"href":"https:\/\/dignitas.ch\/fr\/wp-json\/wp\/v2\/pages\/1437\/revisions"}],"predecessor-version":[{"id":10589,"href":"https:\/\/dignitas.ch\/fr\/wp-json\/wp\/v2\/pages\/1437\/revisions\/10589"}],"up":[{"embeddable":true,"href":"https:\/\/dignitas.ch\/fr\/wp-json\/wp\/v2\/pages\/342"}],"wp:attachment":[{"href":"https:\/\/dignitas.ch\/fr\/wp-json\/wp\/v2\/media?parent=1437"}],"curies":[{"name":"wp","href":"https:\/\/api.w.org\/{rel}","templated":true}]}}