    {"id":1372,"date":"2023-09-11T11:05:18","date_gmt":"2023-09-11T09:05:18","guid":{"rendered":"https:\/\/dev.dignitas.bertastrasse1.ch\/dokumentation\/broschuere-ziele-philosophie-taetigkeit-von-dignitas\/"},"modified":"2026-01-07T12:20:56","modified_gmt":"2026-01-07T11:20:56","slug":"but-philosophie-activites","status":"publish","type":"page","link":"https:\/\/dignitas.ch\/fr\/documentation\/but-philosophie-activites\/","title":{"rendered":"But \u2013 Philosophie \u2013 Activit\u00e9s de DIGNITAS"},"content":{"rendered":"\n<p id=\"but-philo-activite-en-haut\"><em>Cette brochure est disponible au format PDF \u00e0 <a href=\"https:\/\/dignitas.ch\/wp-content\/uploads\/2025\/07\/broschuere-verein-f.pdf\" target=\"_blank\" rel=\"noreferrer noopener\">t\u00e9l\u00e9charger<\/a>.<\/em><\/p>\n\n\n\n<h4 class=\"wp-block-heading\">Table des mati\u00e8res<\/h4>\n\n\n\n<p>Qui est Dignitas \u2013 Vivre dignement \u2013 Mourir dignement<br>La philosophie de Dignitas<br>Le but de Dignitas<br>Pr\u00e9vention des tentatives de suicide<br>L\u2019approche du conseil de Dignitas<br>L\u2019action de Dignitas en faveur du d\u00e9veloppement du droit international<br>Le fondement juridique de l\u2019assistance au suicide en Suisse<br>La pratique de l\u2019assistance au suicide<br>Le suicide accompagn\u00e9 avec assistance m\u00e9dicale offert par Dignitas<\/p>\n","protected":false},"excerpt":{"rendered":"<p>Cette brochure est disponible au format PDF \u00e0 t\u00e9l\u00e9charger. Table des mati\u00e8res Qui est Dignitas \u2013 Vivre dignement \u2013 Mourir dignementLa philosophie de DignitasLe but de DignitasPr\u00e9vention des tentatives de suicideL\u2019approche du conseil de DignitasL\u2019action de Dignitas en faveur du d\u00e9veloppement du droit internationalLe fondement juridique de l\u2019assistance au suicide en SuisseLa pratique de l\u2019assistance [&hellip;]<\/p>\n","protected":false},"author":1,"featured_media":0,"parent":303,"menu_order":0,"comment_status":"closed","ping_status":"closed","template":"","meta":{"_acf_changed":false,"_editorskit_title_hidden":false,"_editorskit_reading_time":0,"_editorskit_is_block_options_detached":false,"_editorskit_block_options_position":"{}","footnotes":""},"class_list":["post-1372","page","type-page","status-publish","hentry"],"acf":[],"_links":{"self":[{"href":"https:\/\/dignitas.ch\/fr\/wp-json\/wp\/v2\/pages\/1372","targetHints":{"allow":["GET"]}}],"collection":[{"href":"https:\/\/dignitas.ch\/fr\/wp-json\/wp\/v2\/pages"}],"about":[{"href":"https:\/\/dignitas.ch\/fr\/wp-json\/wp\/v2\/types\/page"}],"author":[{"embeddable":true,"href":"https:\/\/dignitas.ch\/fr\/wp-json\/wp\/v2\/users\/1"}],"replies":[{"embeddable":true,"href":"https:\/\/dignitas.ch\/fr\/wp-json\/wp\/v2\/comments?post=1372"}],"version-history":[{"count":29,"href":"https:\/\/dignitas.ch\/fr\/wp-json\/wp\/v2\/pages\/1372\/revisions"}],"predecessor-version":[{"id":10913,"href":"https:\/\/dignitas.ch\/fr\/wp-json\/wp\/v2\/pages\/1372\/revisions\/10913"}],"up":[{"embeddable":true,"href":"https:\/\/dignitas.ch\/fr\/wp-json\/wp\/v2\/pages\/303"}],"wp:attachment":[{"href":"https:\/\/dignitas.ch\/fr\/wp-json\/wp\/v2\/media?parent=1372"}],"curies":[{"name":"wp","href":"https:\/\/api.w.org\/{rel}","templated":true}]}}