    {"id":1362,"date":"2023-09-11T11:03:57","date_gmt":"2023-09-11T09:03:57","guid":{"rendered":"https:\/\/dev.dignitas.bertastrasse1.ch\/dokumentation\/broschuere-dignitas-kurzportrait\/"},"modified":"2025-03-25T16:34:09","modified_gmt":"2025-03-25T15:34:09","slug":"portrait-en-bref","status":"publish","type":"page","link":"https:\/\/dignitas.ch\/fr\/documentation\/portrait-en-bref\/","title":{"rendered":"Portrait en bref de DIGNITAS"},"content":{"rendered":"\n<p id=\"portrait-bref-en-haut\"><\/p>\n\n\n\n<h4 class=\"wp-block-heading\">Qui sommes-nous et que faisons-nous ?<\/h4>\n\n\n\n<p>DIGNITAS \u2013 Vivre dignement \u2013 Mourir dignement est une association d\u2019utilit\u00e9 publique, fond\u00e9e en 1998. Ayant son si\u00e8ge en Suisse, elle compte des membres et des sympathisants dans le monde entier. DIGNITAS se mobilise pour l\u2019encouragement, la d\u00e9fense et la garantie de la libert\u00e9 de choix, de l\u2019autod\u00e9termination et de la responsabilit\u00e9 individuelle tout au long de la vie et en fin de vie. Ce qui implique aussi le droit pour tout \u00eatre humain de d\u00e9cider lui-m\u00eame du moment et de la fa\u00e7on dont sa vie prendra fin.<\/p>\n\n\n\n<p>DIGNITAS s\u2019engage pour les droits humains, aussi bien en Suisse que dans le monde entier \u2013 au niveau juridique et politique et dans le cadre du conseil aupr\u00e8s des personnes qui demandent son aide, quel que soit leur pays d\u2019origine.<\/p>\n\n\n\n<h4 class=\"wp-block-heading\">Nos principales activit\u00e9s<\/h4>\n\n\n\n<p>\u2022 Conseil et information des personnes requ\u00e9rant de l\u2019aide sur les sujets suivants : qualit\u00e9 de vie, organisation de la vie, fin de vie, directives anticip\u00e9es et mandat pour cause d\u2019inaptitude, soins palliatifs, etc.<br>\u2022 Pr\u00e9vention des suicides et des tentatives de suicide<br>\u2022 D\u00e9veloppement du droit, afin de favoriser et de garantir la libert\u00e9 de choix et l\u2019autod\u00e9termination<br>\u2022 Echange de connaissances avec des institutions et des experts du droit et de la m\u00e9decine<br>\u2022 Suicide accompagn\u00e9<\/p>\n\n\n\n<h4 class=\"wp-block-heading\">Quels sont nos buts \u00e0 l\u2019\u00e9chelle mondiale ?<\/h4>\n\n\n\n<p>Pourquoi un individu qui a v\u00e9cu toute sa vie en jouissant de son autod\u00e9termination et de sa libert\u00e9 de choix ne pourrait-il pas mettre un terme \u00e0 son existence de la m\u00eame mani\u00e8re ? Pourquoi devrait-on lui refuser l\u2019acc\u00e8s l\u00e9gal \u00e0 la voie qu\u2019il a r\u00e9solu de prendre ?<\/p>\n\n\n\n<p>Tout \u00eatre humain a le droit de d\u00e9cider de quelle mani\u00e8re et \u00e0 quel moment sa vie prendra fin. Ce droit a \u00e9t\u00e9 reconnu par le Tribunal f\u00e9d\u00e9ral suisse et la Cour europ\u00e9enne des droits de l\u2019homme dans le cadre d\u2019une proc\u00e9dure judiciaire men\u00e9e par DIGNITAS. Tout individu doit aussi recevoir l\u2019appui qui lui est n\u00e9cessaire pour mettre en \u0153uvre sa d\u00e9cision lorsqu\u2019il endure de fortes souffrances et, apr\u00e8s avoir envisag\u00e9 s\u00e9rieusement toutes les solutions, est parvenu \u00e0 la conclusion qu\u2019il n\u2019existe plus aucune possibilit\u00e9 acceptable pour lui de continuer \u00e0 vivre.<\/p>\n\n\n\n<p>DIGNITAS intervient \u00e0 l\u2019\u00e9chelle mondiale pour que les libert\u00e9s et les droits des personnes amen\u00e9es \u00e0 prendre de telles d\u00e9cisions soient respect\u00e9s, son but \u00e9tant de devenir superflue. Lorsque l\u2019acc\u00e8s \u00e0 une aide l\u00e9gale et s\u00fbre, permettant \u00e0 tout individu de choisir le moment et la mani\u00e8re dont sa vie doit prendre fin, sera pr\u00e9vu par le syst\u00e8me de sant\u00e9 publique, personne n\u2019aura plus besoin du soutien de DIGNITAS.<br>Il doit \u00eatre normal de pouvoir choisir sa fa\u00e7on de vivre et de quitter la vie !<\/p>\n\n\n\n<h4 class=\"wp-block-heading\">Le mod\u00e8le suisse<\/h4>\n\n\n\n<p>La Suisse dispose d\u2019une l\u00e9gislation progressiste dans bien des domaines : aide au suicide, directives anticip\u00e9es, pr\u00e9voyance, soins palliatifs. Elle peut donc servir de mod\u00e8le dans le monde entier. DIGNITAS se mobilise pour la sauvegarde et le d\u00e9veloppement de cet h\u00e9ritage humanitaire.<\/p>\n\n\n\n<p>DIGNITAS effectue des accompagnements au suicide avec le soutien de m\u00e9decins. Cette activit\u00e9 compatible avec la l\u00e9gislation suisse b\u00e9n\u00e9ficie \u00e0 des personnes domicili\u00e9es en Suisse ou \u00e0 l\u2019\u00e9tranger. L\u2019association travaille ind\u00e9pendamment du syst\u00e8me de sant\u00e9 publique, tout en entretenant des contacts avec les h\u00f4pitaux, les unit\u00e9s de soins, les structures d\u2019accueil des personnes en fin de vie, les experts de la sant\u00e9, etc. Afin d\u2019am\u00e9liorer la qualit\u00e9 de la prise en charge et la libert\u00e9 de choix, DIGNITAS applique une approche globale et informe les personnes gravement malades tout comme le personnel, les institutions et les sp\u00e9cialistes qui les traitent et les soignent.<\/p>\n\n\n\n<p>Tout en se consacrant \u00e0 l\u2019information et \u00e0 la diffusion des connaissances, DIGNITAS cherche \u00e0 ce que toutes ses activit\u00e9s soient int\u00e9gr\u00e9es dans le syst\u00e8me de sant\u00e9 publique, comme en Belgique et aux Pays-Bas.<\/p>\n\n\n\n<p><strong>Seule une personne inform\u00e9e dispose d\u2019une r\u00e9elle libert\u00e9 de choix.<\/strong><\/p>\n\n\n\n<p><em>La brochure \u00ab Portrait en bref Dignitas \u00bb est \u00e9galement disponible en <a href=\"http:\/\/dignitas.ch\/images\/stories\/pdf\/kurzportrait-f.pdf\" target=\"_blank\" rel=\"noreferrer noopener\">t\u00e9l\u00e9chargement au format PDF<\/a>.<\/em><\/p>\n\n\n\n<p class=\"has-small-font-size\"><em><a href=\"#portrait-bref-en-haut\">en haut<\/a><\/em><\/p>\n","protected":false},"excerpt":{"rendered":"<p>Qui sommes-nous et que faisons-nous ? DIGNITAS \u2013 Vivre dignement \u2013 Mourir dignement est une association d\u2019utilit\u00e9 publique, fond\u00e9e en 1998. Ayant son si\u00e8ge en Suisse, elle compte des membres et des sympathisants dans le monde entier. DIGNITAS se mobilise pour l\u2019encouragement, la d\u00e9fense et la garantie de la libert\u00e9 de choix, de l\u2019autod\u00e9termination et [&hellip;]<\/p>\n","protected":false},"author":1,"featured_media":0,"parent":303,"menu_order":0,"comment_status":"closed","ping_status":"closed","template":"","meta":{"_acf_changed":false,"_editorskit_title_hidden":false,"_editorskit_reading_time":0,"_editorskit_is_block_options_detached":false,"_editorskit_block_options_position":"{}","footnotes":""},"class_list":["post-1362","page","type-page","status-publish","hentry"],"acf":[],"_links":{"self":[{"href":"https:\/\/dignitas.ch\/fr\/wp-json\/wp\/v2\/pages\/1362","targetHints":{"allow":["GET"]}}],"collection":[{"href":"https:\/\/dignitas.ch\/fr\/wp-json\/wp\/v2\/pages"}],"about":[{"href":"https:\/\/dignitas.ch\/fr\/wp-json\/wp\/v2\/types\/page"}],"author":[{"embeddable":true,"href":"https:\/\/dignitas.ch\/fr\/wp-json\/wp\/v2\/users\/1"}],"replies":[{"embeddable":true,"href":"https:\/\/dignitas.ch\/fr\/wp-json\/wp\/v2\/comments?post=1362"}],"version-history":[{"count":5,"href":"https:\/\/dignitas.ch\/fr\/wp-json\/wp\/v2\/pages\/1362\/revisions"}],"predecessor-version":[{"id":7245,"href":"https:\/\/dignitas.ch\/fr\/wp-json\/wp\/v2\/pages\/1362\/revisions\/7245"}],"up":[{"embeddable":true,"href":"https:\/\/dignitas.ch\/fr\/wp-json\/wp\/v2\/pages\/303"}],"wp:attachment":[{"href":"https:\/\/dignitas.ch\/fr\/wp-json\/wp\/v2\/media?parent=1362"}],"curies":[{"name":"wp","href":"https:\/\/api.w.org\/{rel}","templated":true}]}}