    {"id":1304,"date":"2023-09-11T10:54:58","date_gmt":"2023-09-11T08:54:58","guid":{"rendered":"https:\/\/dev.dignitas.bertastrasse1.ch\/taetigkeit\/aufklaerung-und-weiterbildung\/referate\/"},"modified":"2026-01-14T17:07:30","modified_gmt":"2026-01-14T16:07:30","slug":"exposes","status":"publish","type":"page","link":"https:\/\/dignitas.ch\/fr\/activites\/education-et-formation\/exposes\/","title":{"rendered":"Expos\u00e9s"},"content":{"rendered":"\n<p id=\"exposes-en-haut\"><\/p>\n\n\n\n<p class=\"has-small-font-size\"><em>12 janvier 2026<\/em><\/p>\n\n\n\n<h4 class=\"wp-block-heading\">Soin, choix et dispositions permettant d\u2019assurer la qualit\u00e9 de vie jusqu\u2019au dernier jour<\/h4>\n\n\n\n<h5 class=\"wp-block-heading\">\u00ab&nbsp;\u00c9tat des lieux, incluant le mod\u00e8le suisse de l&rsquo;assistance m\u00e9dicalis\u00e9e au d\u00e9c\u00e8s et l\u2019approche de DIGNITAS&nbsp;\u00bb<\/h5>\n\n\n\n<p><a href=\"https:\/\/dignitas.ch\/wp-content\/uploads\/2026\/01\/referat-ceff-12012026.pdf\" target=\"_blank\" rel=\"noreferrer noopener\">Expos\u00e9<\/a> \u00e0 ceff Centre de formation professionnelle Berne francophone, St. Imier (PDF)<\/p>\n\n\n\n<hr class=\"wp-block-separator has-alpha-channel-opacity\"\/>\n\n\n\n<p class=\"has-small-font-size\">26<em> mai 2025<\/em><\/p>\n\n\n\n<p>Expos\u00e9 \u00e0 ceff Centre de formation professionnelle Berne francophone, St. Imier<\/p>\n\n\n\n<hr class=\"wp-block-separator has-alpha-channel-opacity\"\/>\n\n\n\n<p class=\"has-small-font-size\"><em>13 janvier 2025<\/em><\/p>\n\n\n\n<p>Expos\u00e9 \u00e0 ceff Centre de formation professionnelle Berne francophone, St. Imier<\/p>\n\n\n\n<hr class=\"wp-block-separator has-alpha-channel-opacity\"\/>\n\n\n\n<p class=\"has-small-font-size\"><em>13 mai 2024<\/em><\/p>\n\n\n\n<p>Expos\u00e9 \u00e0 ceff Centre de formation professionnelle Berne francophone, St. Imier<\/p>\n\n\n\n<hr class=\"wp-block-separator has-alpha-channel-opacity\"\/>\n\n\n\n<p class=\"has-small-font-size\"><em>5 f\u00e9vrier 2024<\/em><\/p>\n\n\n\n<p>Expos\u00e9 \u00e0 ceff Centre de formation professionnelle Berne francophone, St. Imier<\/p>\n\n\n\n<hr class=\"wp-block-separator has-alpha-channel-opacity\"\/>\n\n\n\n<p class=\"has-small-font-size\"><em>31 mai 2023<\/em><\/p>\n\n\n\n<p>Expos\u00e9 \u00e0 ceff Centre de formation professionnelle\u00a0Berne francophone, St. Imier<\/p>\n\n\n\n<hr class=\"wp-block-separator has-alpha-channel-opacity\"\/>\n\n\n\n<p class=\"has-small-font-size\"><em>1 mars 2023<\/em><\/p>\n\n\n\n<p>Expos\u00e9 \u00e0 ceff Centre de formation professionnelle\u00a0Berne francophone, St. Imier<\/p>\n\n\n\n<hr class=\"wp-block-separator has-alpha-channel-opacity\"\/>\n\n\n\n<p class=\"has-small-font-size\"><em>11 d\u00e9cembre 2022<\/em><\/p>\n\n\n\n<h4 class=\"wp-block-heading\">Table-ronde : Regards internationaux sur la fin de vie<\/h4>\n\n\n\n<p>Pr\u00e9sentation \u00e0 l\u2019occasion des premi\u00e8res sessions de travail de la\u00a0<a href=\"https:\/\/conventioncitoyennesurlafindevie.lecese.fr\/\" target=\"_blank\" rel=\"noreferrer noopener\">Convention citoyenne sur la fin de vie<\/a>, Paris. (<a href=\"http:\/\/www.dignitas.ch\/images\/stories\/pdf\/20221211-convention%20citoyenne-dignitas.pdf\" target=\"_blank\" rel=\"noreferrer noopener\">PDF<\/a>;\u00a0<a href=\"https:\/\/www.youtube.com\/watch?v=gc5n-_c_NEc&amp;t=2815s\" target=\"_blank\" rel=\"noreferrer noopener\">Vid\u00e9o<\/a>)<\/p>\n\n\n\n<hr class=\"wp-block-separator has-alpha-channel-opacity\"\/>\n\n\n\n<p class=\"has-small-font-size\"><em>14 juin 2022<\/em><\/p>\n\n\n\n<p>Expos\u00e9 \u00e0 ceff Centre de formation professionnelle Berne francophone, St. Imier<\/p>\n\n\n\n<hr class=\"wp-block-separator has-alpha-channel-opacity\"\/>\n\n\n\n<p class=\"has-small-font-size\"><em>28 f\u00e9vrier 2022<\/em><\/p>\n\n\n\n<p>Expos\u00e9 \u00e0 ceff Centre de formation professionnelle Berne francophone, St. Imier<\/p>\n\n\n\n<hr class=\"wp-block-separator has-alpha-channel-opacity\"\/>\n\n\n\n<p class=\"has-small-font-size\"><em>12 septembre 2015<\/em><\/p>\n\n\n\n<h4 class=\"wp-block-heading\">\u00ab&nbsp;En Suisse, les soins palliatifs, la pr\u00e9vention des tentatives au suicide, les directives anticip\u00e9es et la possibilit\u00e9 d\u2019un suicide accompagn\u00e9e vont ensemble&nbsp;\u00bb<\/h4>\n\n\n\n<p><a href=\"http:\/\/www.dignitas.ch\/images\/stories\/pdf\/diginpublic\/referat-35assembleadmd-12092015.pdf\" target=\"_blank\" rel=\"noreferrer noopener\">Expos\u00e9<\/a> \u00e0 la 35\u00e8me assembl\u00e9e g\u00e9n\u00e9rale de l\u2019ADMD France (PDF)<\/p>\n\n\n\n<hr class=\"wp-block-separator has-alpha-channel-opacity\"\/>\n\n\n\n<p class=\"has-small-font-size\"><em>13 septembre 2014<\/em><\/p>\n\n\n\n<h4 class=\"wp-block-heading\">\u00ab&nbsp;Le droit d\u2019une personne de d\u00e9terminer la mani\u00e8re et le moment de mettre un terme \u00e0 sa vie a un effet pr\u00e9ventif aux tentatives de suicide&nbsp;\u00bb<\/h4>\n\n\n\n<p><a href=\"http:\/\/www.dignitas.ch\/images\/stories\/pdf\/diginpublic\/referat-35assembleadmd-12092015.pdf\" target=\"_blank\" rel=\"noreferrer noopener\">Expos\u00e9<\/a> \u00e0 la 34\u00e8me assembl\u00e9e g\u00e9n\u00e9rale de l\u2019ADMD France (PDF)<\/p>\n\n\n\n<hr class=\"wp-block-separator has-alpha-channel-opacity\"\/>\n\n\n\n<p class=\"has-small-font-size\"><em>15 juin 2012<\/em><\/p>\n\n\n\n<h4 class=\"wp-block-heading\">\u00ab&nbsp;La pr\u00e9vention des tentatives de suicide doit venir compl\u00e9ter la pr\u00e9vention du suicide&nbsp;\u00bb<\/h4>\n\n\n\n<p><a href=\"http:\/\/www.dignitas.ch\/images\/stories\/pdf\/diginpublic\/referat-wf-kongress-suizidversuche-f-15062012.pdf\" target=\"_blank\" rel=\"noreferrer noopener\">Expos\u00e9<\/a> de Ludwig A. Minelli chez la r\u00e9union de la F\u00e9d\u00e9ration Internationale des Associations pour le Droit de Mourir dans la Dignit\u00e9, \u00e0 Z\u00fcrich (PDF)<\/p>\n\n\n\n<hr class=\"wp-block-separator has-alpha-channel-opacity\"\/>\n\n\n\n<p class=\"has-small-font-size\"><em><a href=\"#exposes-en-haut\">en haut<\/a><\/em><\/p>\n","protected":false},"excerpt":{"rendered":"<p>12 janvier 2026 Soin, choix et dispositions permettant d\u2019assurer la qualit\u00e9 de vie jusqu\u2019au dernier jour \u00ab&nbsp;\u00c9tat des lieux, incluant le mod\u00e8le suisse de l&rsquo;assistance m\u00e9dicalis\u00e9e au d\u00e9c\u00e8s et l\u2019approche de DIGNITAS&nbsp;\u00bb Expos\u00e9 \u00e0 ceff Centre de formation professionnelle Berne francophone, St. Imier (PDF) 26 mai 2025 Expos\u00e9 \u00e0 ceff Centre de formation professionnelle Berne [&hellip;]<\/p>\n","protected":false},"author":1,"featured_media":0,"parent":321,"menu_order":0,"comment_status":"closed","ping_status":"closed","template":"","meta":{"_acf_changed":false,"_editorskit_title_hidden":false,"_editorskit_reading_time":0,"_editorskit_is_block_options_detached":false,"_editorskit_block_options_position":"{}","footnotes":""},"class_list":["post-1304","page","type-page","status-publish","hentry"],"acf":[],"_links":{"self":[{"href":"https:\/\/dignitas.ch\/fr\/wp-json\/wp\/v2\/pages\/1304","targetHints":{"allow":["GET"]}}],"collection":[{"href":"https:\/\/dignitas.ch\/fr\/wp-json\/wp\/v2\/pages"}],"about":[{"href":"https:\/\/dignitas.ch\/fr\/wp-json\/wp\/v2\/types\/page"}],"author":[{"embeddable":true,"href":"https:\/\/dignitas.ch\/fr\/wp-json\/wp\/v2\/users\/1"}],"replies":[{"embeddable":true,"href":"https:\/\/dignitas.ch\/fr\/wp-json\/wp\/v2\/comments?post=1304"}],"version-history":[{"count":9,"href":"https:\/\/dignitas.ch\/fr\/wp-json\/wp\/v2\/pages\/1304\/revisions"}],"predecessor-version":[{"id":10993,"href":"https:\/\/dignitas.ch\/fr\/wp-json\/wp\/v2\/pages\/1304\/revisions\/10993"}],"up":[{"embeddable":true,"href":"https:\/\/dignitas.ch\/fr\/wp-json\/wp\/v2\/pages\/321"}],"wp:attachment":[{"href":"https:\/\/dignitas.ch\/fr\/wp-json\/wp\/v2\/media?parent=1304"}],"curies":[{"name":"wp","href":"https:\/\/api.w.org\/{rel}","templated":true}]}}