    {"id":1261,"date":"2023-09-11T10:48:10","date_gmt":"2023-09-11T08:48:10","guid":{"rendered":"https:\/\/dev.dignitas.bertastrasse1.ch\/taetigkeit\/patientenverfuegung-vorsorge\/"},"modified":"2025-11-25T16:42:15","modified_gmt":"2025-11-25T15:42:15","slug":"directives-anticipees","status":"publish","type":"page","link":"https:\/\/dignitas.ch\/fr\/activites\/directives-anticipees\/","title":{"rendered":"Dispositions en cas de maladie \/ Directives anticip\u00e9es + se pr\u00e9parer"},"content":{"rendered":"\n<p>Bien des gens redoutent de se retrouver un jour \u00e0 l\u2019h\u00f4pital, inconscients ou dans un \u00e9tat d\u00e9sesp\u00e9r\u00e9, et d\u2019\u00eatre alors branch\u00e9s pour une p\u00e9riode prolong\u00e9e \u00e0 des appareils qui les maintiennent en vie artificiellement. Ils redoutent aussi les op\u00e9rations inutiles et les traitements m\u00e9dicamenteux inefficaces.<\/p>\n\n\n\n<p>Pour ne pas se trouver \u00e0 la merci de cette m\u00e9decine d\u00e9shumanis\u00e9e, il n\u2019existe qu\u2019une seule solution qui ait fait ses preuves : une d\u00e9claration pour le droit de mourir dans la dignit\u00e9 (directives anticip\u00e9es), reconnue juridiquement. Pour qu\u2019une telle d\u00e9claration soit valable, il faut, d\u2019une part, que son texte soit r\u00e9dig\u00e9 par des sp\u00e9cialistes exp\u00e9riment\u00e9s, de mani\u00e8re \u00e0 ce qu\u2019il soit d\u00e9pourvu d\u2019ambigu\u00eft\u00e9 et rev\u00eate un caract\u00e8re contraignant. D\u2019autre part, il est n\u00e9cessaire de pouvoir compter sur une organisation efficace, telle que DIGNITAS, capable de faire respecter la d\u00e9claration \u2013 le cas \u00e9ch\u00e9ant contre l\u2019opposition d\u2019autrui.<\/p>\n\n\n\n<p>En vue de la phase de fin de vie, DIGNITAS procure \u00e0 ses adh\u00e9rents une d\u00e9claration juridiquement reconnue. Elle doit \u00eatre observ\u00e9e par les m\u00e9decins et le personnel soignant des h\u00f4pitaux. Pour la faire respecter, DIGNITAS assure si n\u00e9cessaire \u00e0 ses membres l\u2019appui d\u2019un avocat.<\/p>\n\n\n\n<p>Etant donn\u00e9 que les directives anticip\u00e9es d\u00e9pendent \u00e9troitement du droit du pays o\u00f9 elles sont \u00e9tablies, cette prestation ne peut \u00eatre assur\u00e9e que pour le territoire Suisse.<\/p>\n\n\n\n<p>Vous trouverez \u00e9galement des <strong>informations<\/strong> sur la page de l\u2019Office f\u00e9d\u00e9ral de la sant\u00e9 publique (OFSP) <a href=\"https:\/\/www.bag.admin.ch\/fr\/renforcer-la-volonte-du-patient-procedure\" data-type=\"link\" data-id=\"https:\/\/www.bag.admin.ch\/fr\/renforcer-la-volonte-du-patient-procedure\" target=\"_blank\" rel=\"noreferrer noopener\">\u00ab Renforcer la volont\u00e9 du patient : comment proc\u00e9der ? \u00bb<\/a><\/p>\n","protected":false},"excerpt":{"rendered":"<p>Bien des gens redoutent de se retrouver un jour \u00e0 l\u2019h\u00f4pital, inconscients ou dans un \u00e9tat d\u00e9sesp\u00e9r\u00e9, et d\u2019\u00eatre alors branch\u00e9s pour une p\u00e9riode prolong\u00e9e \u00e0 des appareils qui les maintiennent en vie artificiellement. Ils redoutent aussi les op\u00e9rations inutiles et les traitements m\u00e9dicamenteux inefficaces. Pour ne pas se trouver \u00e0 la merci de cette [&hellip;]<\/p>\n","protected":false},"author":1,"featured_media":0,"parent":318,"menu_order":0,"comment_status":"closed","ping_status":"closed","template":"","meta":{"_acf_changed":false,"_editorskit_title_hidden":false,"_editorskit_reading_time":0,"_editorskit_is_block_options_detached":false,"_editorskit_block_options_position":"{}","footnotes":""},"class_list":["post-1261","page","type-page","status-publish","hentry"],"acf":[],"_links":{"self":[{"href":"https:\/\/dignitas.ch\/fr\/wp-json\/wp\/v2\/pages\/1261","targetHints":{"allow":["GET"]}}],"collection":[{"href":"https:\/\/dignitas.ch\/fr\/wp-json\/wp\/v2\/pages"}],"about":[{"href":"https:\/\/dignitas.ch\/fr\/wp-json\/wp\/v2\/types\/page"}],"author":[{"embeddable":true,"href":"https:\/\/dignitas.ch\/fr\/wp-json\/wp\/v2\/users\/1"}],"replies":[{"embeddable":true,"href":"https:\/\/dignitas.ch\/fr\/wp-json\/wp\/v2\/comments?post=1261"}],"version-history":[{"count":6,"href":"https:\/\/dignitas.ch\/fr\/wp-json\/wp\/v2\/pages\/1261\/revisions"}],"predecessor-version":[{"id":10393,"href":"https:\/\/dignitas.ch\/fr\/wp-json\/wp\/v2\/pages\/1261\/revisions\/10393"}],"up":[{"embeddable":true,"href":"https:\/\/dignitas.ch\/fr\/wp-json\/wp\/v2\/pages\/318"}],"wp:attachment":[{"href":"https:\/\/dignitas.ch\/fr\/wp-json\/wp\/v2\/media?parent=1261"}],"curies":[{"name":"wp","href":"https:\/\/api.w.org\/{rel}","templated":true}]}}