    {"id":1246,"date":"2023-09-11T10:44:39","date_gmt":"2023-09-11T08:44:39","guid":{"rendered":"https:\/\/dev.dignitas.bertastrasse1.ch\/taetigkeit\/beratung\/"},"modified":"2025-04-15T13:24:29","modified_gmt":"2025-04-15T11:24:29","slug":"conseil","status":"publish","type":"page","link":"https:\/\/dignitas.ch\/fr\/activites\/conseil\/","title":{"rendered":"Conseil"},"content":{"rendered":"\n<p>\u00ab DIGNITAS \u2013 Vivre dignement \u2013 Mourir dignement \u00bb donne des conseils, dans la mesure de ses moyens, aussi bien aux membres qu\u2019aux non-membres, sur les questions li\u00e9es \u00e0 la fin de vie et aux situations difficiles.<\/p>\n\n\n\n<p>Toute personne peut prendre contact avec DIGNITAS, quelles que soient ses raisons.<\/p>\n\n\n\n<p>L\u2019offre de conseil renferme les prestations suivantes : informations sur les directives anticip\u00e9es et le mandat pour cause d\u2019inaptitude, informations sur l\u2019aide procur\u00e9e par les services d\u2019intervention de crise aux personnes traversant une crise existentielle et courant un risque aigu de se suicider, informations sur les soins palliatifs pour les patients en phase terminale, informations sur les organisations d\u2019aide et les m\u00e9decins sp\u00e9cialistes, etc.<\/p>\n\n\n\n<p>Pour emp\u00eacher les tentatives de suicide risqu\u00e9es, solitaires, aux cons\u00e9quences souvent graves, il faut par principe accepter le suicide comme une option.<\/p>\n\n\n\n<p>DIGNITAS ajuste son activit\u00e9 de conseil \u00e0 la situation individuelle de la personne qui la consulte. Pour plus de d\u00e9tails, veuillez consulter la brochure <a href=\"http:\/\/www.dignitas.ch\/images\/stories\/pdf\/broschuere-verein-f.pdf\" target=\"_blank\" rel=\"noreferrer noopener\">\u00ab But \u2013 Philosophie \u2013 Activit\u00e9s de Dignitas\u00a0\u00bb<\/a> (PDF).<\/p>\n\n\n\n<p>Les principes \u00e9nonc\u00e9s ci-apr\u00e8s devraient constituer le d\u00e9nominateur commun de toutes celles et de tous ceux qui effectuent cette activit\u00e9 de conseil :<\/p>\n\n\n\n<ol class=\"wp-block-list\">\n<li>briser le tabou qui entoure la souffrance, le suicide et la mort ;<\/li>\n\n\n\n<li>\u00eatre pr\u00e9sent\u00b7e et \u00e9couter ;<\/li>\n\n\n\n<li>prendre la personne au s\u00e9rieux ;<\/li>\n\n\n\n<li>parler franchement et honn\u00eatement avec elle ;<\/li>\n\n\n\n<li>ne pas la rel\u00e9guer dans la cat\u00e9gorie des malades psychiques ni la stigmatiser d\u2019une autre mani\u00e8re, mais lui parler d\u2019\u00e9gal \u00e0 \u00e9gal ;<\/li>\n\n\n\n<li>communiquer objectivement, en particulier au sujet du suicide et des risques importants li\u00e9s aux tentatives de suicide sans accompagnement ;<\/li>\n\n\n\n<li>conseiller sans parti pris et en abordant tous les aspects de la situation, en d\u2019autres termes, tenir compte de toutes les options raisonnablement possibles. <\/li>\n<\/ol>\n\n\n\n<p>Cette approche peut s\u2019appliquer \u00e0 toutes les personnes qui sollicitent de l\u2019aide et des informations, qu\u2019elles soient en bonne sant\u00e9, qu\u2019elles souffrent d\u2019une affection somatique, de troubles psychiques ou soient en fin de vie.<\/p>\n\n\n\n<p>DIGNITAS consacre une bonne part de ses ressources au conseil pratique et juridique de personnes en bonne sant\u00e9, de personnes qui souffrent d\u2019une maladie, de leurs proches et de leurs ami\u00b7e\u00b7s, de membres des professions m\u00e9dicales ainsi que, bien entendu, de personnes suicidaires.<\/p>\n","protected":false},"excerpt":{"rendered":"<p>\u00ab DIGNITAS \u2013 Vivre dignement \u2013 Mourir dignement \u00bb donne des conseils, dans la mesure de ses moyens, aussi bien aux membres qu\u2019aux non-membres, sur les questions li\u00e9es \u00e0 la fin de vie et aux situations difficiles. Toute personne peut prendre contact avec DIGNITAS, quelles que soient ses raisons. L\u2019offre de conseil renferme les prestations [&hellip;]<\/p>\n","protected":false},"author":1,"featured_media":0,"parent":318,"menu_order":0,"comment_status":"closed","ping_status":"closed","template":"","meta":{"_acf_changed":false,"_editorskit_title_hidden":false,"_editorskit_reading_time":0,"_editorskit_is_block_options_detached":false,"_editorskit_block_options_position":"{}","footnotes":""},"class_list":["post-1246","page","type-page","status-publish","hentry"],"acf":[],"_links":{"self":[{"href":"https:\/\/dignitas.ch\/fr\/wp-json\/wp\/v2\/pages\/1246","targetHints":{"allow":["GET"]}}],"collection":[{"href":"https:\/\/dignitas.ch\/fr\/wp-json\/wp\/v2\/pages"}],"about":[{"href":"https:\/\/dignitas.ch\/fr\/wp-json\/wp\/v2\/types\/page"}],"author":[{"embeddable":true,"href":"https:\/\/dignitas.ch\/fr\/wp-json\/wp\/v2\/users\/1"}],"replies":[{"embeddable":true,"href":"https:\/\/dignitas.ch\/fr\/wp-json\/wp\/v2\/comments?post=1246"}],"version-history":[{"count":7,"href":"https:\/\/dignitas.ch\/fr\/wp-json\/wp\/v2\/pages\/1246\/revisions"}],"predecessor-version":[{"id":7644,"href":"https:\/\/dignitas.ch\/fr\/wp-json\/wp\/v2\/pages\/1246\/revisions\/7644"}],"up":[{"embeddable":true,"href":"https:\/\/dignitas.ch\/fr\/wp-json\/wp\/v2\/pages\/318"}],"wp:attachment":[{"href":"https:\/\/dignitas.ch\/fr\/wp-json\/wp\/v2\/media?parent=1246"}],"curies":[{"name":"wp","href":"https:\/\/api.w.org\/{rel}","templated":true}]}}