    {"id":1229,"date":"2023-09-11T10:38:38","date_gmt":"2023-09-11T08:38:38","guid":{"rendered":"https:\/\/dev.dignitas.bertastrasse1.ch\/taetigkeit\/rechtsfortentwicklung-und-politik\/schweiz\/"},"modified":"2025-06-25T11:02:59","modified_gmt":"2025-06-25T09:02:59","slug":"schweiz","status":"publish","type":"page","link":"https:\/\/dignitas.ch\/fr\/activites\/developpement-du-droit\/schweiz\/","title":{"rendered":"Suisse"},"content":{"rendered":"\n<p class=\"has-small-font-size\"><em>Juillet 2020<\/em><\/p>\n\n\n\n<h4 class=\"wp-block-heading\">Enqu\u00eate aupr\u00e8s d\u2019une population repr\u00e9sentative sur le suicide assist\u00e9 dans les \u00e9tablissements publics de sant\u00e9 dans le canton du Valais<\/h4>\n\n\n\n<p>Selon un sondage repr\u00e9sentatif r\u00e9alis\u00e9 par l&rsquo;Institut gfs-z\u00fcrich pour le compte de DIGNITAS \u2013 Vivre dignement \u2013 Mourir dignement et EXIT A.D.M.D. Suisse romande les trois quarts des 1002 personnes interrog\u00e9es sont d&rsquo;avis que les maisons de retraite et de soins devraient autoriser l&rsquo;aide au suicide dans leurs \u00e9tablissements par un organisme tel qu&rsquo;EXIT ou DIGNITAS. Les deux tiers de ces personnes seraient m\u00eame favorables \u00e0 l&rsquo;int\u00e9gration du suicide assist\u00e9 dans le syst\u00e8me de sant\u00e9. L&rsquo;\u00e9tude montre \u00e9galement que ni la position de l&rsquo;\u00e9glise ni celle des partis politiques n&rsquo;ont une influence significative sur l&rsquo;attitude de la population valaisanne \u00e0 l&rsquo;\u00e9gard du suicide assist\u00e9.<\/p>\n\n\n\n<p><a href=\"http:\/\/dignitas.ch\/images\/stories\/pdf\/gfs-umfrage-wallis-ergebnisse-f.pdf\" target=\"_blank\" rel=\"noreferrer noopener\">Les r\u00e9sultats de l&rsquo;enqu\u00eate<\/a><\/p>\n","protected":false},"excerpt":{"rendered":"<p>Juillet 2020 Enqu\u00eate aupr\u00e8s d\u2019une population repr\u00e9sentative sur le suicide assist\u00e9 dans les \u00e9tablissements publics de sant\u00e9 dans le canton du Valais Selon un sondage repr\u00e9sentatif r\u00e9alis\u00e9 par l&rsquo;Institut gfs-z\u00fcrich pour le compte de DIGNITAS \u2013 Vivre dignement \u2013 Mourir dignement et EXIT A.D.M.D. Suisse romande les trois quarts des 1002 personnes interrog\u00e9es sont d&rsquo;avis [&hellip;]<\/p>\n","protected":false},"author":1,"featured_media":0,"parent":324,"menu_order":0,"comment_status":"closed","ping_status":"closed","template":"","meta":{"_acf_changed":false,"_editorskit_title_hidden":false,"_editorskit_reading_time":0,"_editorskit_is_block_options_detached":false,"_editorskit_block_options_position":"{}","footnotes":""},"class_list":["post-1229","page","type-page","status-publish","hentry"],"acf":[],"_links":{"self":[{"href":"https:\/\/dignitas.ch\/fr\/wp-json\/wp\/v2\/pages\/1229","targetHints":{"allow":["GET"]}}],"collection":[{"href":"https:\/\/dignitas.ch\/fr\/wp-json\/wp\/v2\/pages"}],"about":[{"href":"https:\/\/dignitas.ch\/fr\/wp-json\/wp\/v2\/types\/page"}],"author":[{"embeddable":true,"href":"https:\/\/dignitas.ch\/fr\/wp-json\/wp\/v2\/users\/1"}],"replies":[{"embeddable":true,"href":"https:\/\/dignitas.ch\/fr\/wp-json\/wp\/v2\/comments?post=1229"}],"version-history":[{"count":3,"href":"https:\/\/dignitas.ch\/fr\/wp-json\/wp\/v2\/pages\/1229\/revisions"}],"predecessor-version":[{"id":8623,"href":"https:\/\/dignitas.ch\/fr\/wp-json\/wp\/v2\/pages\/1229\/revisions\/8623"}],"up":[{"embeddable":true,"href":"https:\/\/dignitas.ch\/fr\/wp-json\/wp\/v2\/pages\/324"}],"wp:attachment":[{"href":"https:\/\/dignitas.ch\/fr\/wp-json\/wp\/v2\/media?parent=1229"}],"curies":[{"name":"wp","href":"https:\/\/api.w.org\/{rel}","templated":true}]}}