    {"id":1212,"date":"2023-09-11T10:26:14","date_gmt":"2023-09-11T08:26:14","guid":{"rendered":"https:\/\/dev.dignitas.bertastrasse1.ch\/verein-2\/links-weitere-organisationen\/"},"modified":"2026-01-09T11:26:18","modified_gmt":"2026-01-09T10:26:18","slug":"autres-organisations","status":"publish","type":"page","link":"https:\/\/dignitas.ch\/fr\/association\/autres-organisations\/","title":{"rendered":"Autres organisations"},"content":{"rendered":"\n<p id=\"liens-autres-orgas-en-haut\"><a href=\"#autres-orgas-suisse\">En Suisse<\/a><br><a href=\"#autres-orgas-mondiales\">Initiatives mondiales<\/a><br><a href=\"#autres-orgas-europe\">Initiatives europ\u00e9ennes<\/a><br><a href=\"#autres-orgas-france\">En France<\/a><br><a href=\"#autres-orgas-belgique\">En Belgique<\/a><br><a href=\"#autres-orgas-luxembourg\">En Luxembourg<\/a><br><a href=\"#autres-orgas-canada\">En Canada<\/a><br><a href=\"#autres-orgas-opposants\">L\u2019opposants \u00e0 la libert\u00e9 de choix en fin de vie<\/a><br><\/p>\n\n\n\n<h4 class=\"wp-block-heading\" id=\"autres-orgas-suisse\">En Suisse<\/h4>\n\n\n\n<p><a aria-label=\"EXIT A.D.M.D Suisse romande (opens in a new tab)\" href=\"http:\/\/www.exit-romandie.ch\" target=\"_blank\" rel=\"noreferrer noopener\" class=\"ek-link\">EXIT A.D.M.D Suisse romande<\/a>, Gen\u00e8ve<br><a aria-label=\"EXIT Deutsche Schweiz (opens in a new tab)\" href=\"http:\/\/www.exit.ch\" target=\"_blank\" rel=\"noreferrer noopener\" class=\"ek-link\">EXIT (Deutsche Schweiz)<\/a>, Zurich<br><a aria-label=\"EX International (opens in a new tab)\" href=\"http:\/\/www.exinternational.ch\" target=\"_blank\" rel=\"noreferrer noopener\" class=\"ek-link\">EX International<\/a>, Berne<br><a aria-label=\"IPSILON (opens in a new tab)\" href=\"http:\/\/www.ipsilon.ch\" target=\"_blank\" rel=\"noreferrer noopener\" class=\"ek-link\">IPSILON<\/a> Initiative pour la pr\u00e9vention du suicide en Suisse<br><a aria-label=\"ProRaris (opens in a new tab)\" href=\"http:\/\/www.proraris.ch\" target=\"_blank\" rel=\"noreferrer noopener\" class=\"ek-link\">ProRaris<\/a> &#8211; Allicane Maladies Rares, Suisse\u00a0 <br><a aria-label=\"PSYCHEX (opens in a new tab)\" href=\"http:\/\/www.psychex.org\" target=\"_blank\" rel=\"noreferrer noopener\" class=\"ek-link\">PSYCHEX et Psychexodus<\/a>, Gen\u00e8ve et Zurich<br><a aria-label=\"STOP SUICIDE (opens in a new tab)\" href=\"http:\/\/www.stopsuicide.ch\" target=\"_blank\" rel=\"noreferrer noopener\" class=\"ek-link\">STOP SUICIDE<\/a> association pour la pr\u00e9vention du suicide des jeunes dans la r\u00e9gion Suisse romande<\/p>\n\n\n\n<hr class=\"wp-block-separator has-alpha-channel-opacity\"\/>\n\n\n\n<h4 class=\"wp-block-heading\" id=\"autres-orgas-mondiales\">Initiatives mondiales<\/h4>\n\n\n\n<p><a href=\"http:\/\/www.wfrtds.org\" target=\"_blank\" rel=\"noreferrer noopener\">F\u00e9d\u00e9ration Internationale des Associations pour le Droit de Mourir dans la Dignit\u00e9<\/a> (the World Federation of Right to Die Societies WFRtDS)<\/p>\n\n\n\n<hr class=\"wp-block-separator has-alpha-channel-opacity\"\/>\n\n\n\n<h4 class=\"wp-block-heading\" id=\"autres-orgas-europe\">Initiatives europ\u00e9ennes<\/h4>\n\n\n\n<p><a href=\"http:\/\/www.rtde.eu\" target=\"_blank\" rel=\"noreferrer noopener\">F\u00e9d\u00e9ration Europ\u00e9enne des Associations pour le Droit de Mourir dans la Dignit\u00e9<\/a> (Right to Die Europe)<\/p>\n\n\n\n<hr class=\"wp-block-separator has-alpha-channel-opacity\"\/>\n\n\n\n<h4 class=\"wp-block-heading\" id=\"autres-orgas-france\">En France<\/h4>\n\n\n\n<p><a class=\"ek-link\" href=\"http:\/\/ultimeliberte.net\/\" target=\"_blank\" rel=\"noreferrer noopener\">Ultime Libert\u00e9<\/a><br><a aria-label=\"LE CHOIX (opens in a new tab)\" class=\"ek-link\" href=\"https:\/\/choisirmafindevie.org\" target=\"_blank\" rel=\"noreferrer noopener\">LE CHOIX<\/a> \u2013 Citoyens pour une mort choisie<br><a class=\"ek-link\" href=\"https:\/\/www.admd.org\/\" target=\"_blank\" rel=\"noreferrer noopener\">ADMD<\/a><\/p>\n\n\n\n<hr class=\"wp-block-separator has-alpha-channel-opacity\"\/>\n\n\n\n<h4 class=\"wp-block-heading\" id=\"autres-orgas-belgique\">En Belgique<\/h4>\n\n\n\n<p><a href=\"http:\/\/www.admd.be\" target=\"_blank\" aria-label=\"ADMD-B (opens in a new tab)\" rel=\"noreferrer noopener\" class=\"ek-link\">ADMD-B<\/a>&nbsp; <\/p>\n\n\n\n<hr class=\"wp-block-separator has-alpha-channel-opacity\"\/>\n\n\n\n<h4 class=\"wp-block-heading\" id=\"autres-orgas-luxembourg\">En Luxembourg<\/h4>\n\n\n\n<p><a href=\"http:\/\/www.mwmw.lu\/fr\" target=\"_blank\" aria-label=\"M\u00e4i W\u00ebllen, M\u00e4i Wee (opens in a new tab)\" rel=\"noreferrer noopener\" class=\"ek-link\">M\u00e4i W\u00ebllen, M\u00e4i Wee<\/a> \u2013 Association pour le Droit de Mourir dans la Dignit\u00e9 L\u00ebtzebuerg<\/p>\n\n\n\n<hr class=\"wp-block-separator has-alpha-channel-opacity\"\/>\n\n\n\n<h4 class=\"wp-block-heading\" id=\"autres-orgas-canada\">En Canada (Qu\u00e9b\u00e9c)<\/h4>\n\n\n\n<p><a href=\"https:\/\/aqdmd.org\/\" target=\"_blank\" rel=\"noreferrer noopener\" class=\"ek-link\">AQDMD<\/a><\/p>\n\n\n\n<hr class=\"wp-block-separator has-alpha-channel-opacity\"\/>\n\n\n\n<h4 class=\"wp-block-heading\">L\u2019opposants \u00e0 la libert\u00e9 de choix en fin de vie<\/h4>\n\n\n\n<p><a href=\"https:\/\/eclj.org\/?lng=fr\" target=\"_blank\" rel=\"noreferrer noopener\">Centre europ\u00e9en pour le droit et la justice<\/a> (ECLJ)<br><a href=\"https:\/\/collectifmedecins.org\" target=\"_blank\" rel=\"noreferrer noopener\">Collectif des m\u00e9decins contre l\u2019euthanasie<\/a>&nbsp; <br><a href=\"https:\/\/www.juspax.ch\/fr\" target=\"_blank\" rel=\"noreferrer noopener\">Justitia et Pax<\/a>&nbsp;<br><a href=\"https:\/\/en.ordoiuris.pl\" target=\"_blank\" rel=\"noreferrer noopener\">Ordo Iuris<\/a>&nbsp; <\/p>\n\n\n\n<p class=\"has-small-font-size\"><em><a href=\"#liens-autres-orgas-en-haut\" target=\"_blank\" aria-label=\"en haut (opens in a new tab)\" rel=\"noreferrer noopener\" class=\"ek-link\">en haut<\/a><\/em><\/p>\n","protected":false},"excerpt":{"rendered":"<p>En SuisseInitiatives mondialesInitiatives europ\u00e9ennesEn FranceEn BelgiqueEn LuxembourgEn CanadaL\u2019opposants \u00e0 la libert\u00e9 de choix en fin de vie En Suisse EXIT A.D.M.D Suisse romande, Gen\u00e8veEXIT (Deutsche Schweiz), ZurichEX International, BerneIPSILON Initiative pour la pr\u00e9vention du suicide en SuisseProRaris &#8211; Allicane Maladies Rares, Suisse\u00a0 PSYCHEX et Psychexodus, Gen\u00e8ve et ZurichSTOP SUICIDE association pour la pr\u00e9vention du suicide [&hellip;]<\/p>\n","protected":false},"author":1,"featured_media":0,"parent":295,"menu_order":0,"comment_status":"closed","ping_status":"closed","template":"","meta":{"_acf_changed":false,"_editorskit_title_hidden":false,"_editorskit_reading_time":0,"_editorskit_is_block_options_detached":false,"_editorskit_block_options_position":"{}","footnotes":""},"class_list":["post-1212","page","type-page","status-publish","hentry"],"acf":[],"_links":{"self":[{"href":"https:\/\/dignitas.ch\/fr\/wp-json\/wp\/v2\/pages\/1212","targetHints":{"allow":["GET"]}}],"collection":[{"href":"https:\/\/dignitas.ch\/fr\/wp-json\/wp\/v2\/pages"}],"about":[{"href":"https:\/\/dignitas.ch\/fr\/wp-json\/wp\/v2\/types\/page"}],"author":[{"embeddable":true,"href":"https:\/\/dignitas.ch\/fr\/wp-json\/wp\/v2\/users\/1"}],"replies":[{"embeddable":true,"href":"https:\/\/dignitas.ch\/fr\/wp-json\/wp\/v2\/comments?post=1212"}],"version-history":[{"count":15,"href":"https:\/\/dignitas.ch\/fr\/wp-json\/wp\/v2\/pages\/1212\/revisions"}],"predecessor-version":[{"id":10959,"href":"https:\/\/dignitas.ch\/fr\/wp-json\/wp\/v2\/pages\/1212\/revisions\/10959"}],"up":[{"embeddable":true,"href":"https:\/\/dignitas.ch\/fr\/wp-json\/wp\/v2\/pages\/295"}],"wp:attachment":[{"href":"https:\/\/dignitas.ch\/fr\/wp-json\/wp\/v2\/media?parent=1212"}],"curies":[{"name":"wp","href":"https:\/\/api.w.org\/{rel}","templated":true}]}}