    {"id":1168,"date":"2023-09-11T10:21:31","date_gmt":"2023-09-11T08:21:31","guid":{"rendered":"https:\/\/dev.dignitas.bertastrasse1.ch\/verein-2\/statistiken\/"},"modified":"2026-03-18T12:24:07","modified_gmt":"2026-03-18T11:24:07","slug":"statistiques","status":"publish","type":"page","link":"https:\/\/dignitas.ch\/fr\/association\/statistiques\/","title":{"rendered":"Statistiques"},"content":{"rendered":"\n<p><\/p>\n\n\n\n<p><\/p>\n\n\n\n<p><strong>Adh\u00e9rents de DIGNITAS<\/strong>\u00a0<strong>; nombre et pays de r\u00e9sidence<\/strong><br><a href=\"https:\/\/dignitas.ch\/wp-content\/uploads\/Mitglieder-nach-Wohnsitzstaat-2025.12.31.pdf\" target=\"_blank\" rel=\"noreferrer noopener\">31 d\u00e9cembre 2025<\/a><\/p>\n\n\n\n<hr class=\"wp-block-separator has-alpha-channel-opacity\"\/>\n\n\n\n<p><strong>Accompagnement \u00e0 la mort volontaire des adh\u00e9rents de DIGNITAS<\/strong><br><a href=\"https:\/\/dignitas.ch\/wp-content\/uploads\/FTB-nach-Jahr-und-Domizil-1998-2025.pdf\" target=\"_blank\" rel=\"noreferrer noopener\">1998 &#8211; 2025 (PDF)<\/a><\/p>\n\n\n\n<hr class=\"wp-block-separator has-alpha-channel-opacity\"\/>\n\n\n\n<p><strong>Assistance au suicide et suicide en Suisse<\/strong><a href=\"https:\/\/www.bfs.admin.ch\/bfs\/de\/home\/statistiken\/gesundheit\/gesundheitszustand\/sterblichkeit-todesursachen\/spezifische.assetdetail.3902306.html\" target=\"_blank\" rel=\"noreferrer noopener\"><\/a><\/p>\n\n\n\n<p>Le souhait d\u2019un suicide assist\u00e9 se manifeste en r\u00e8gle g\u00e9n\u00e9rale comme le dernier recours au terme d\u2019une grave maladie. La pr\u00e9sente analyse se r\u00e9f\u00e8re aux personnes domicili\u00e9es en Suisse, c&rsquo;est-\u00e0-dire \u00e0 la population r\u00e9sidante permanente, ind\u00e9pendamment de la nationalit\u00e9 et du lieu de d\u00e9c\u00e8s.<\/p>\n\n\n\n<p><a href=\"https:\/\/www.bfs.admin.ch\/bfs\/de\/home\/statistiken\/gesundheit\/gesundheitszustand\/sterblichkeit-todesursachen\/spezifische.assetdetail.3902306.html\" target=\"_blank\" rel=\"noreferrer noopener\" class=\"ek-link\">Analyse \/ publication de l&rsquo;Office f\u00e9d\u00e9ral de la statistique<\/a><\/p>\n\n\n\n<p><a class=\"ek-link\" href=\"https:\/\/www.bfs.admin.ch\/bfs\/de\/home\/statistiken\/gesundheit\/gesundheitszustand\/sterblichkeit-todesursachen\/spezifische.assetdetail.11348856.html\" target=\"_blank\" rel=\"noreferrer noopener\">Table: Suicide assist\u00e9 selon le sexe et l&rsquo;\u00e2ge<\/a><\/p>\n\n\n\n<p><\/p>\n","protected":false},"excerpt":{"rendered":"<p>Adh\u00e9rents de DIGNITAS\u00a0; nombre et pays de r\u00e9sidence31 d\u00e9cembre 2025 Accompagnement \u00e0 la mort volontaire des adh\u00e9rents de DIGNITAS1998 &#8211; 2025 (PDF) Assistance au suicide et suicide en Suisse Le souhait d\u2019un suicide assist\u00e9 se manifeste en r\u00e8gle g\u00e9n\u00e9rale comme le dernier recours au terme d\u2019une grave maladie. La pr\u00e9sente analyse se r\u00e9f\u00e8re aux personnes [&hellip;]<\/p>\n","protected":false},"author":1,"featured_media":0,"parent":295,"menu_order":0,"comment_status":"closed","ping_status":"closed","template":"","meta":{"_acf_changed":false,"_editorskit_title_hidden":false,"_editorskit_reading_time":0,"_editorskit_is_block_options_detached":false,"_editorskit_block_options_position":"{}","footnotes":"[]"},"class_list":["post-1168","page","type-page","status-publish","hentry"],"acf":[],"_links":{"self":[{"href":"https:\/\/dignitas.ch\/fr\/wp-json\/wp\/v2\/pages\/1168","targetHints":{"allow":["GET"]}}],"collection":[{"href":"https:\/\/dignitas.ch\/fr\/wp-json\/wp\/v2\/pages"}],"about":[{"href":"https:\/\/dignitas.ch\/fr\/wp-json\/wp\/v2\/types\/page"}],"author":[{"embeddable":true,"href":"https:\/\/dignitas.ch\/fr\/wp-json\/wp\/v2\/users\/1"}],"replies":[{"embeddable":true,"href":"https:\/\/dignitas.ch\/fr\/wp-json\/wp\/v2\/comments?post=1168"}],"version-history":[{"count":18,"href":"https:\/\/dignitas.ch\/fr\/wp-json\/wp\/v2\/pages\/1168\/revisions"}],"predecessor-version":[{"id":11337,"href":"https:\/\/dignitas.ch\/fr\/wp-json\/wp\/v2\/pages\/1168\/revisions\/11337"}],"up":[{"embeddable":true,"href":"https:\/\/dignitas.ch\/fr\/wp-json\/wp\/v2\/pages\/295"}],"wp:attachment":[{"href":"https:\/\/dignitas.ch\/fr\/wp-json\/wp\/v2\/media?parent=1168"}],"curies":[{"name":"wp","href":"https:\/\/api.w.org\/{rel}","templated":true}]}}