    {"id":1158,"date":"2023-09-11T10:20:13","date_gmt":"2023-09-11T08:20:13","guid":{"rendered":"https:\/\/dev.dignitas.bertastrasse1.ch\/verein-2\/testimonials\/"},"modified":"2025-03-20T16:42:31","modified_gmt":"2025-03-20T15:42:31","slug":"temoignages","status":"publish","type":"page","link":"https:\/\/dignitas.ch\/fr\/association\/temoignages\/","title":{"rendered":"T\u00e9moignages"},"content":{"rendered":"\n<p id=\"temoinages-en-haut\"><\/p>\n\n\n\n<h4 class=\"wp-block-heading\">La parole aux adh\u00e9rents<\/h4>\n\n\n\n<p>\u00ab Merci beaucoup \u00e0 toute l\u2019\u00e9quipe de DIGNITAS pour ce message. Merci surtout pour le travail extraordinaire que vous menez depuis deux d\u00e9cennies. Sauver des vies, c\u2019est aussi aider celles et ceux qui choisissent de mourir dignement.<\/p>\n\n\n\n<p>Pour cela, vous avez toute ma gratitude et mon admiration. Parler d\u2019un sujet, jug\u00e9 tabou il y a 20 ans n\u2019a pas \u00e9t\u00e9 chose facile. Gr\u00e2ce \u00e0 votre vision, vos comp\u00e9tences et votre pers\u00e9v\u00e9rance, vous avez r\u00e9ussi. C\u2019est donc un honneur de pouvoir modestement aider DIGNITAS. \u00bb<br><em>B.S., Singapour<\/em><\/p>\n\n\n\n<hr class=\"wp-block-separator has-alpha-channel-opacity\"\/>\n\n\n\n<p>\u00ab Vivre dans la dignit\u00e9 et mourir avec dignit\u00e9 devrait \u00eatre un programme g\u00e9n\u00e9ralis\u00e9 dans tout pays d\u00e9mocratique. Helas, les pressions obscurantistes venant des milieux religieux et des politiques natalistes, ont fait d&rsquo;un programme humainement raisonnable la cible de toutes les haines. C&rsquo;est pourquoi je consid\u00e8re comme un honneur et une obligation de soutenir le combat de DIGNITAS tant que j&rsquo;en ai les moyens. \u00bb<br><em>R.C., Allemagne<\/em><\/p>\n\n\n\n<hr class=\"wp-block-separator has-alpha-channel-opacity\"\/>\n\n\n\n<p>\u00ab En effet je suis membre depuis 2004. J&rsquo;ai choisi votre association car je suis l&rsquo;adepte du concept \u00ab vivre dignement \u2013 mourir dignement \u00bb. Le fonctionnement de DIGNITAS est un v\u00e9ritable chef d\u2019\u0153uvre et je crois que sa r\u00e9ussite d\u00e9pend de la fa\u00e7on scrupuleuse avec laquelle les actions sont men\u00e9es \u00e0 bien. J&rsquo;ai la plus grande admiration pour notre Pr\u00e9sident et je consid\u00e8re le succ\u00e8s de DIGNITAS comme \u00e9tant surtout son \u0153uvre. \u00bb<br><em>S.D., France<\/em><\/p>\n\n\n\n<hr class=\"wp-block-separator has-alpha-channel-opacity\"\/>\n\n\n\n<p>\u00ab J&rsquo;ai adh\u00e9r\u00e9 \u00e0 DIGNITAS voil\u00e0 maintenant une bonne dizaine d&rsquo;ann\u00e9es pour la raison majeure qu&rsquo;en France les lois sur la fin de vie \u00e9taient plus que mal d\u00e9finies (malheureusement dix ans apr\u00e8s m\u00eame s&rsquo;il y a eu \u00e9volution, nous en sommes \u00e0 peu pr\u00e8s au m\u00eame stade). Mon souhait \u00e0 l&rsquo;\u00e9poque \u00e9tant essentiellement de pouvoir disposer \u00e0 mon gr\u00e9 de ma fin de vie.<\/p>\n\n\n\n<p>Pourquoi avoir choisi le suicide assist\u00e9 ? Dans mon cas personnel c&rsquo;est un r\u00e9confort moral de pouvoir d\u00e9cider \u00e0 quel moment partir dans les meilleures conditions. Je suis atteint depuis une trentaine d&rsquo;ann\u00e9es d&rsquo;une maladie neuro-d\u00e9g\u00e9n\u00e9rative ressemblant de tr\u00e8s pr\u00e8s \u00e0 une scl\u00e9rose en plaques, et il m&rsquo;est r\u00e9confortant de penser qu&rsquo;\u00e0 un stade irr\u00e9versible de la maladie, je pourrai stopper ma d\u00e9gradation physique et morale en toute libert\u00e9. \u00bb<br><em>Jacques Devaux, France<\/em><\/p>\n\n\n\n<hr class=\"wp-block-separator has-alpha-channel-opacity\"\/>\n\n\n\n<p>\u00ab DIGNITAS r\u00e9pond \u00e0 ma pr\u00e9occupation existentielle majeure: pouvoir administrer ma mort, part inh\u00e9rente de ma vie. Plus pr\u00e9cis\u00e9ment, comment concilier ma qualit\u00e9 de vie avec l\u2019augmentation consid\u00e9rable de la dur\u00e9e de vie, r\u00e9sultat des progr\u00e8s extraordinaires de la m\u00e9decine ? DIGNITAS me rassure parce qu\u2019il m\u2019offre une r\u00e9ponse et une solution compatibles avec mon int\u00e9grit\u00e9 psychologique. \u00bb<br><em>Patrick L\u00e9vy, Br\u00e9sil<\/em><\/p>\n\n\n\n<hr class=\"wp-block-separator has-alpha-channel-opacity\"\/>\n\n\n\n<p>\u00ab En m\u2019associant \u00e0 DIGNITAS, je compte avoir acquis cette possibilit\u00e9 : celle de m\u2019en aller, le jour venu, sans avoir \u00e0 payer un tribut trop lourd en termes de souffrance, d\u00e9pendance, angoisse et solitude ; celle de prendre cong\u00e9 de mes \u00eatres chers sans avoir \u00e0 les rendre t\u00e9moins impuissants d\u2019une souffrance invalidante. Lors d\u2019un d\u00e9c\u00e8s, il y a une personne qui perd la vie, mais il y a aussi un entourage qui perd une personne. Je voudrais que cette perte soit aussi douce que possible, et je pense que le fait d\u2019\u00eatre membre de DIGNITAS m\u2019aidera \u00e0 y parvenir. Cette pens\u00e9e m\u2019accompagne depuis une quinzaine d\u2019ann\u00e9es, et elle est pour moi une source de paix et de joie de vivre. \u00bb<br><em>A.R., Espagne<\/em><\/p>\n\n\n\n<hr class=\"wp-block-separator has-alpha-channel-opacity\"\/>\n\n\n\n<p>\u00ab Je connais l\u2019association DIGNITAS et son travail s\u00e9rieux depuis plus de 12 ans. Fin novembre 2008 ma m\u00e8re a fait son dernier voyage du sud de la France \u00e0 Z\u00fcrich pour son dernier souffle, accompagn\u00e9e par ses proches et, avec beaucoup de d\u00e9licatesse et de chaleur humaine, par 2 personnes de DIGNITAS. Ce fut une d\u00e9livrance pour elle et les siens.<\/p>\n\n\n\n<p>Je continue \u00e0 soutenir DIGNITASpour aider d\u2019autres personnes. Si la r\u00e9glementation en France n\u2019\u00e9volue pas vers l\u2019autorisation du suicide assist\u00e9, en cas de n\u00e9cessit\u00e9, je demanderai alors de l\u2019aide \u00e0 DIGNITAS. Jusqu\u2019ici je profite d\u2019une retraite tr\u00e8s active. Merci pour l\u2019existence de Dignitas et pour l\u2019aide apport\u00e9e par tous ses b\u00e9n\u00e9voles. \u00bb<br><em>C.G., France<\/em><\/p>\n\n\n\n<p class=\"has-small-font-size\"><em><a href=\"#temoinages-en-haut\" class=\"ek-link\">en haut<\/a><\/em><\/p>\n","protected":false},"excerpt":{"rendered":"<p>La parole aux adh\u00e9rents \u00ab Merci beaucoup \u00e0 toute l\u2019\u00e9quipe de DIGNITAS pour ce message. Merci surtout pour le travail extraordinaire que vous menez depuis deux d\u00e9cennies. Sauver des vies, c\u2019est aussi aider celles et ceux qui choisissent de mourir dignement. Pour cela, vous avez toute ma gratitude et mon admiration. Parler d\u2019un sujet, jug\u00e9 [&hellip;]<\/p>\n","protected":false},"author":1,"featured_media":0,"parent":295,"menu_order":0,"comment_status":"closed","ping_status":"closed","template":"","meta":{"_acf_changed":false,"_editorskit_title_hidden":false,"_editorskit_reading_time":0,"_editorskit_is_block_options_detached":false,"_editorskit_block_options_position":"{}","footnotes":""},"class_list":["post-1158","page","type-page","status-publish","hentry"],"acf":[],"_links":{"self":[{"href":"https:\/\/dignitas.ch\/fr\/wp-json\/wp\/v2\/pages\/1158","targetHints":{"allow":["GET"]}}],"collection":[{"href":"https:\/\/dignitas.ch\/fr\/wp-json\/wp\/v2\/pages"}],"about":[{"href":"https:\/\/dignitas.ch\/fr\/wp-json\/wp\/v2\/types\/page"}],"author":[{"embeddable":true,"href":"https:\/\/dignitas.ch\/fr\/wp-json\/wp\/v2\/users\/1"}],"replies":[{"embeddable":true,"href":"https:\/\/dignitas.ch\/fr\/wp-json\/wp\/v2\/comments?post=1158"}],"version-history":[{"count":6,"href":"https:\/\/dignitas.ch\/fr\/wp-json\/wp\/v2\/pages\/1158\/revisions"}],"predecessor-version":[{"id":7130,"href":"https:\/\/dignitas.ch\/fr\/wp-json\/wp\/v2\/pages\/1158\/revisions\/7130"}],"up":[{"embeddable":true,"href":"https:\/\/dignitas.ch\/fr\/wp-json\/wp\/v2\/pages\/295"}],"wp:attachment":[{"href":"https:\/\/dignitas.ch\/fr\/wp-json\/wp\/v2\/media?parent=1158"}],"curies":[{"name":"wp","href":"https:\/\/api.w.org\/{rel}","templated":true}]}}