    {"id":1148,"date":"2023-09-11T10:18:51","date_gmt":"2023-09-11T08:18:51","guid":{"rendered":"https:\/\/dev.dignitas.bertastrasse1.ch\/verein-2\/wirken-sie-mit\/"},"modified":"2025-11-26T16:27:25","modified_gmt":"2025-11-26T15:27:25","slug":"devenir-actif","status":"publish","type":"page","link":"https:\/\/dignitas.ch\/fr\/association\/devenir-actif\/","title":{"rendered":"Devenir actif"},"content":{"rendered":"\n<h4 class=\"wp-block-heading\">D\u00e9fendez la libert\u00e9 de choix \u2013 en devenant membre de DIGNITAS<\/h4>\n\n\n\n<h5 class=\"wp-block-heading\">Pourquoi ?<\/h5>\n\n\n\n<p>\u00ab\u00a0DIGNITAS \u2013 Vivre dignement \u2013 Mourir dignement\u00a0\u00bb est une association suisse d\u2019utilit\u00e9 publique, sans but \u00e9conomique, qui s\u2019engage pour l\u2019autod\u00e9termination, la libert\u00e9 de choix et la dignit\u00e9 humaine jusqu\u2019\u00e0 la fin de la vie.<\/p>\n\n\n\n<p>DIGNITAS a jou\u00e9 un r\u00f4le de pr\u00e9curseur lors d\u2019importantes affaires, port\u00e9es notamment devant la Cour europ\u00e9enne des droits de l\u2019homme et d\u2019autres juridictions. Elles ont abouti, par exemple, \u00e0 l\u2019arr\u00eat \u00ab\u00a0Pretty contre le Royaume-Uni\u00a0\u00bb et \u00e0 l\u2019arr\u00eat \u00ab\u00a0Carter contre le Canada\u00a0\u00bb, qui a abrog\u00e9 des dispositions de droit p\u00e9nal interdisant l\u2019assistance au suicide. Ainsi, DIGNITAS contribue \u00e0 l\u2019\u00e9volution du droit dans le monde entier.<\/p>\n\n\n\n<p>DIGNITAS r\u00e9dige des avis d\u00e9taill\u00e9s et motiv\u00e9s lors de consultations sur des projets de loi. L\u2019association a d\u00e9pos\u00e9 de telles recommandations en Angleterre, en Australie, en \u00c9cosse, au Canada, en Nouvelle-Z\u00e9lande et en Suisse.<\/p>\n\n\n\n<p>DIGNITAS est consult\u00e9e par diff\u00e9rents comit\u00e9s et par des parlementaires. Elle a d\u00e9j\u00e0 re\u00e7u des membres de la Chambre des Lords britannique, de la \u00ab\u00a0Commission on Assisted Dying\u00a0\u00bb, du \u00ab\u00a0External Panel on Options for a Legislative Response to Carter v. Canada\u00a0\u00bb et de nombreux autres repr\u00e9sentants du monde politique.<\/p>\n\n\n\n<p>Depuis 1998, nous nous mobilisons pour votre libert\u00e9 de choix et pour le respect de \u00ab\u00a0l\u2019ultime droit humain\u00a0\u00bb.<br>Nous finan\u00e7ons nos activit\u00e9s uniquement au moyen de contributions librement consenties. Votre adh\u00e9sion est donc importante, car elle nous permet d\u2019agir pour l\u2019autod\u00e9termination \u2013 le cas \u00e9ch\u00e9ant aussi pour la v\u00f4tre. Les cotisations r\u00e9guli\u00e8res de nos membres nous aident \u00e0 planifier judicieusement nos activit\u00e9s.<\/p>\n\n\n\n<p><a href=\"https:\/\/dignitas.ch\/fr\/association\/adhesion\/\" data-type=\"page\" data-id=\"1118\" target=\"_blank\" rel=\"noreferrer noopener\">Devenir membre<\/a> de DIGNITAS<br><em>ou<\/em><br>Souhaitez-vous soutenir DIGNITAS autrement ? <a href=\"https:\/\/dignitas.ch\/fr\/association\/don\/\" data-type=\"page\" data-id=\"1138\" target=\"_blank\" rel=\"noreferrer noopener\">Dons<\/a><br><em>DIGNITAS ne peut pas encore promettre d\u2019attestations de dons permettant des d\u00e9ductions fiscales. En revanche, nous vous assurons un engagement juridique et politique sans restrictions. Nous nous mobilisons pour vos droits.<\/em><\/p>\n\n\n\n<p>Quel que soit votre choix \u2013 devenir membre ou faire un don \u2013 nous vous remercions de tout c\u0153ur pour votre soutien !<\/p>\n\n\n\n<p><strong>Avez-vous des questions ?<\/strong><br>Nous sommes \u00e0 votre disposition.<br>E-mail : <a href=\"mailto:dignitas@dignitas.ch\" target=\"_blank\" rel=\"noreferrer noopener\">dignitas@dignitas.ch<\/a><br>T\u00e9l\u00e9phone : +41 (0)43 366 10 72 (Lu\u2013Ve, 9 h\u201312 h et 13 h 30\u201316 h 30)<\/p>\n","protected":false},"excerpt":{"rendered":"<p>D\u00e9fendez la libert\u00e9 de choix \u2013 en devenant membre de DIGNITAS Pourquoi ? \u00ab\u00a0DIGNITAS \u2013 Vivre dignement \u2013 Mourir dignement\u00a0\u00bb est une association suisse d\u2019utilit\u00e9 publique, sans but \u00e9conomique, qui s\u2019engage pour l\u2019autod\u00e9termination, la libert\u00e9 de choix et la dignit\u00e9 humaine jusqu\u2019\u00e0 la fin de la vie. DIGNITAS a jou\u00e9 un r\u00f4le de pr\u00e9curseur lors [&hellip;]<\/p>\n","protected":false},"author":1,"featured_media":0,"parent":295,"menu_order":0,"comment_status":"closed","ping_status":"closed","template":"","meta":{"_acf_changed":false,"_editorskit_title_hidden":false,"_editorskit_reading_time":0,"_editorskit_is_block_options_detached":false,"_editorskit_block_options_position":"{}","footnotes":""},"class_list":["post-1148","page","type-page","status-publish","hentry"],"acf":[],"_links":{"self":[{"href":"https:\/\/dignitas.ch\/fr\/wp-json\/wp\/v2\/pages\/1148","targetHints":{"allow":["GET"]}}],"collection":[{"href":"https:\/\/dignitas.ch\/fr\/wp-json\/wp\/v2\/pages"}],"about":[{"href":"https:\/\/dignitas.ch\/fr\/wp-json\/wp\/v2\/types\/page"}],"author":[{"embeddable":true,"href":"https:\/\/dignitas.ch\/fr\/wp-json\/wp\/v2\/users\/1"}],"replies":[{"embeddable":true,"href":"https:\/\/dignitas.ch\/fr\/wp-json\/wp\/v2\/comments?post=1148"}],"version-history":[{"count":5,"href":"https:\/\/dignitas.ch\/fr\/wp-json\/wp\/v2\/pages\/1148\/revisions"}],"predecessor-version":[{"id":10548,"href":"https:\/\/dignitas.ch\/fr\/wp-json\/wp\/v2\/pages\/1148\/revisions\/10548"}],"up":[{"embeddable":true,"href":"https:\/\/dignitas.ch\/fr\/wp-json\/wp\/v2\/pages\/295"}],"wp:attachment":[{"href":"https:\/\/dignitas.ch\/fr\/wp-json\/wp\/v2\/media?parent=1148"}],"curies":[{"name":"wp","href":"https:\/\/api.w.org\/{rel}","templated":true}]}}