    {"id":1138,"date":"2023-09-11T10:17:25","date_gmt":"2023-09-11T08:17:25","guid":{"rendered":"https:\/\/dev.dignitas.bertastrasse1.ch\/verein-2\/spenden\/"},"modified":"2025-03-17T17:39:03","modified_gmt":"2025-03-17T16:39:03","slug":"don","status":"publish","type":"page","link":"https:\/\/dignitas.ch\/fr\/association\/don\/","title":{"rendered":"Faire un don"},"content":{"rendered":"\n<h4 class=\"wp-block-heading\">Information sur les dons: D\u00e9fendez la libert\u00e9 de choix !<\/h4>\n\n\n\n<p>\u00ab&nbsp;Dignitas \u2013 Vivre &nbsp;dignement&nbsp; \u2013&nbsp; Mourir &nbsp;dignement&nbsp;\u00bb&nbsp; est&nbsp; une&nbsp; association&nbsp; suisse&nbsp; d\u2019utilit\u00e9&nbsp; publique,&nbsp; sans but&nbsp; \u00e9conomique,&nbsp; qui&nbsp; s\u2019engage&nbsp; pour&nbsp; l\u2019autod\u00e9termination,&nbsp; la&nbsp; libert\u00e9&nbsp; de&nbsp; choix et la dignit\u00e9 humaine jusqu\u2019\u00e0 la fin de la vie. Nos activit\u00e9s visent, entre autre, \u00e0 faire respecter et \u00e0 sauvegarder la libert\u00e9 et le droit de tout \u00eatre humain de d\u00e9cider de la mani\u00e8re et du moment o\u00f9 sa vie prendra fin.<\/p>\n\n\n\n<h4 class=\"wp-block-heading\">Pour quoi faire un don ?<\/h4>\n\n\n\n<p>Par votre don, vous pouvez soutenir nos op\u00e9rations ou l&rsquo;un des deux fonds cr\u00e9\u00e9s en l&rsquo;honneur de deux anciens membres du Conseil de Dignitas qui ont contribu\u00e9 \u00e0 la fondation de l&rsquo;association en 1998 et ont excellemment conseill\u00e9 sa direction.<\/p>\n\n\n\n<h5 class=\"wp-block-heading\">Le \u00ab Fonds Manfred Kuhn \u00bb :<br>Soutien aux activit\u00e9s politiques et juridiques internationales de Dignitas&nbsp; <\/h5>\n\n\n\n<p>Chaque personne devrait avoir la possibilit\u00e9 d&rsquo;exercer son droit \u00e0 une fin de vie autod\u00e9termin\u00e9e l\u00e0 o\u00f9 elle vit \u2013 de mani\u00e8re l\u00e9gale et s\u00fbre et en pr\u00e9sence de ses proches. Pour faire respecter ce droit et cette libert\u00e9, l&rsquo;association \u00ab&nbsp;Dignitas&nbsp; \u2013&nbsp; Vivre dignement&nbsp;\u2013&nbsp;Mourir dignement&nbsp;\u00bb m\u00e8ne des proc\u00e9dures judiciaires dans diff\u00e9rents pays, soutient et participe \u00e0 des proc\u00e9dures de tiers, participe \u00e0 des proc\u00e9dures de consultation politique sur l\u2019amendement des lois, conseille sur l&rsquo;\u00e9laboration de nouvelles lois, etc.<\/p>\n\n\n\n<p>Avec votre don au \u00ab Fonds Manfred Kuhn \u00bb, vous contribuez \u00e0 couvrir les frais qui r\u00e9sultent de ces activit\u00e9s, en particulier pour les proc\u00e9dures judiciaires et les avocats.<\/p>\n\n\n\n<p>L\u2018avocat Manfred Kuhn (1930-2003) a \u00e9t\u00e9 vice-pr\u00e9sident de EXIT (Suisse al\u00e9manique) et ami proche du fondateur de Dignitas, Ludwig A. Minelli. Apr\u00e8s la fondation de Dignitas, il a quitt\u00e9 EXIT pour Dignitas&nbsp; et a jou\u00e9 un r\u00f4le d\u00e9cisif dans le d\u00e9veloppement de l&rsquo;association.<\/p>\n\n\n\n<p>Vous trouverez plus d&rsquo;informations sur nos activit\u00e9s politico-juridiques sur notre site internet <a href=\"http:\/\/www.dignitas.ch\/\" target=\"_blank\" rel=\"noreferrer noopener\">www.dignitas.ch<\/a>.<\/p>\n\n\n\n<h5 class=\"wp-block-heading\">Le \u00ab Fonds Wolfgang Hopff &nbsp;\u00bb :<br>Aide aux personnes vivant dans des conditions modestes<\/h5>\n\n\n\n<p>Les personnes qui disposent de peu de moyens financiers ou en sont d\u00e9pourvues devraient \u00e9galement pouvoir adh\u00e9rer \u00e0 l\u2018association \u00ab&nbsp;Dignitas&nbsp;\u2013&nbsp;Vivre dignement&nbsp;\u2013Mourir dignement&nbsp;\u00bb et, le cas \u00e9ch\u00e9ant, demander un accompagnement au suicide. L&rsquo;article 9, alin\u00e9a 6 des statuts de Dignitas stipule que les membres vivant dans des conditions \u00e9conomiques tr\u00e8s modestes peuvent, sur demande motiv\u00e9e, \u00eatre exempt\u00e9s en tout ou en partie du paiement de la contribution d\u2018entr\u00e9e et\/ou la cotisation annuelle ainsi que des cotisations sp\u00e9ciales.<\/p>\n\n\n\n<p>En faisant un don au \u00ab Fonds Wolfgang Hopff \u00bb, vous aidez Dignitas \u00e0 accorder des r\u00e9ductions ou des exemptions de cotisation \u00e0 des personnes vivant dans des conditions modestes.<\/p>\n\n\n\n<p>Wolfgang Hopff (1930-2005), professeur et docteur en m\u00e9decine et en lettres \u00e9tait pharmacologue \u00e0 l&rsquo;Universit\u00e9 de Zurich. Apr\u00e8s la fondation de Dignitas, il a conseill\u00e9 la direction de l&rsquo;association au sujet des m\u00e9dicaments \u00e0 utiliser pour les suicides accompagn\u00e9s.<\/p>\n\n\n\n<h4 class=\"wp-block-heading\">Comment faire un don?<\/h4>\n\n\n\n<p><strong>Virement bancaire<\/strong><br>Dignitas, Case postale 17, 8127 Forch, Suisse<br>Banque: POSTFINANCE AG, Mingerstrasse 20, 3030 Berne, Suisse<br>IBAN: CH79 0900 0000 8706 4492 2 \/\u00a0 BIC \/ SWIFT: POFICHBEXXX<br>Compte bancaire: 87-64492-2\u00a0 \/ N\u00b0 de clearing 9000<\/p>\n\n\n\n<p><strong>PayPal<\/strong><br>via <a href=\"http:\/\/www.PayPal.com\" target=\"_blank\" rel=\"noreferrer noopener\">www.PayPal.com<\/a> \u00e0 notre adresse e-mail <a href=\"mailto:dignitas@dignitas.ch\">dignitas@dignitas.ch<\/a><br>(Nota bene :\u00a0 PayPal retient 5\u00a0% de commission)<\/p>\n\n\n\n<p><strong>Veuillez indiquer sur le virement l&rsquo;objet du don : \u00ab\u00a0don g\u00e9n\u00e9ral\u00a0\u00bb, \u00ab\u00a0Fonds Manfred Kuhn\u00a0\u00bb ou \u00ab\u00a0Fonds Wolfgang Hopff \u00bb<\/strong>.<\/p>\n\n\n\n<p>Souhaitez-vous <a href=\"http:\/\/www.dignitas.ch\/images\/stories\/pdf\/beitrittserklaerung-francais-declaration-dadhesion.pdf\" target=\"_blank\" rel=\"noreferrer noopener\">devenir membre de Dignitas<\/a>&nbsp;?&nbsp; Les&nbsp; cotisations&nbsp; r\u00e9guli\u00e8res&nbsp; nous&nbsp; aident \u00e0 planifier nos activit\u00e9s.<\/p>\n\n\n\n<p><strong>Merci beaucoup pour votre soutien !<\/strong><\/p>\n\n\n\n<p><\/p>\n","protected":false},"excerpt":{"rendered":"<p>Information sur les dons: D\u00e9fendez la libert\u00e9 de choix ! \u00ab&nbsp;Dignitas \u2013 Vivre &nbsp;dignement&nbsp; \u2013&nbsp; Mourir &nbsp;dignement&nbsp;\u00bb&nbsp; est&nbsp; une&nbsp; association&nbsp; suisse&nbsp; d\u2019utilit\u00e9&nbsp; publique,&nbsp; sans but&nbsp; \u00e9conomique,&nbsp; qui&nbsp; s\u2019engage&nbsp; pour&nbsp; l\u2019autod\u00e9termination,&nbsp; la&nbsp; libert\u00e9&nbsp; de&nbsp; choix et la dignit\u00e9 humaine jusqu\u2019\u00e0 la fin de la vie. Nos activit\u00e9s visent, entre autre, \u00e0 faire respecter et \u00e0 sauvegarder [&hellip;]<\/p>\n","protected":false},"author":1,"featured_media":0,"parent":295,"menu_order":0,"comment_status":"closed","ping_status":"closed","template":"","meta":{"_acf_changed":false,"_editorskit_title_hidden":false,"_editorskit_reading_time":0,"_editorskit_is_block_options_detached":false,"_editorskit_block_options_position":"{}","footnotes":""},"class_list":["post-1138","page","type-page","status-publish","hentry"],"acf":[],"_links":{"self":[{"href":"https:\/\/dignitas.ch\/fr\/wp-json\/wp\/v2\/pages\/1138","targetHints":{"allow":["GET"]}}],"collection":[{"href":"https:\/\/dignitas.ch\/fr\/wp-json\/wp\/v2\/pages"}],"about":[{"href":"https:\/\/dignitas.ch\/fr\/wp-json\/wp\/v2\/types\/page"}],"author":[{"embeddable":true,"href":"https:\/\/dignitas.ch\/fr\/wp-json\/wp\/v2\/users\/1"}],"replies":[{"embeddable":true,"href":"https:\/\/dignitas.ch\/fr\/wp-json\/wp\/v2\/comments?post=1138"}],"version-history":[{"count":11,"href":"https:\/\/dignitas.ch\/fr\/wp-json\/wp\/v2\/pages\/1138\/revisions"}],"predecessor-version":[{"id":6873,"href":"https:\/\/dignitas.ch\/fr\/wp-json\/wp\/v2\/pages\/1138\/revisions\/6873"}],"up":[{"embeddable":true,"href":"https:\/\/dignitas.ch\/fr\/wp-json\/wp\/v2\/pages\/295"}],"wp:attachment":[{"href":"https:\/\/dignitas.ch\/fr\/wp-json\/wp\/v2\/media?parent=1138"}],"curies":[{"name":"wp","href":"https:\/\/api.w.org\/{rel}","templated":true}]}}