    {"id":1118,"date":"2023-09-11T10:14:12","date_gmt":"2023-09-11T08:14:12","guid":{"rendered":"https:\/\/dev.dignitas.bertastrasse1.ch\/verein-2\/mitgliedschaft\/"},"modified":"2025-11-26T16:24:44","modified_gmt":"2025-11-26T15:24:44","slug":"adhesion","status":"publish","type":"page","link":"https:\/\/dignitas.ch\/fr\/association\/adhesion\/","title":{"rendered":"Adh\u00e9sion"},"content":{"rendered":"\n<p id=\"adhesion-en-haut\"><\/p>\n\n\n\n<p class=\"has-medium-font-size\"><strong>Veuillez lire attentivement la <a href=\"https:\/\/dignitas.ch\/fr\/documentation\/brochure-dinformation\/\" data-type=\"page\" data-id=\"1330\" target=\"_blank\" rel=\"noreferrer noopener\">brochure d&rsquo;information<\/a> avant de faire une demande d&rsquo;adh\u00e9sion.<\/strong><\/p>\n\n\n\n<p>Par principe, toute personne adulte peut devenir membre de DIGNITAS, qu\u2019elle soit domicili\u00e9e en Suisse ou ailleurs et poss\u00e8de la nationalit\u00e9 suisse ou non. Nous d\u00e9sirons toutefois signaler express\u00e9ment que, pour des raisons juridiques, DIGNITAS ne peut offrir son aide que sur le territoire suisse.<\/p>\n\n\n\n<p>Les membres qui d\u00e9sirent b\u00e9n\u00e9ficier des prestations de DIGNITAS ont droit \u00e0 une d\u00e9claration de volont\u00e9 (directives anticip\u00e9es) juridiquement efficace en Suisse, \u00e0 l\u2019accompagnement en fin de vie ainsi qu\u2019\u00e0 l\u2019aide au suicide (suicide accompagn\u00e9). Ils ont \u00e9galement le droit de recourir aux consultations que prodigue l\u2019association dans la mesure de ses possibilit\u00e9s. Ces consultations portent sur la question de la dignit\u00e9 humaine, dans la vie comme dans la mort. DIGNITAS tient \u00e0 mettre \u00e0 la disposition de ses membres des interlocutrices et des interlocuteurs faisant preuve d\u2019une profonde humanit\u00e9. La devise de DIGNITAS, \u00ab\u00a0Vivre dignement \u2013 Mourir dignement\u00a0\u00bb, est un engagement que nous prenons envers vous.<\/p>\n\n\n\n<p>Pour devenir membre de DIGNITAS, il suffit de remplir la demande d\u2019adh\u00e9sion et de l\u2019envoyer \u00e0 l\u2019association. Celle-ci confirme l\u2019adh\u00e9sion par lettre en joignant le formulaire des \u00ab\u00a0Directives anticip\u00e9es\u00a0\u00bb. Cette lettre est \u00e9galement accompagn\u00e9e d\u2019une facture ainsi que d\u2019instructions pr\u00e9cisant comment payer la taxe d\u2019adh\u00e9sion et la cotisation. Le membre compl\u00e8te les directives anticip\u00e9es et renvoie l\u2019original \u00e0 DIGNITAS. DIGNITAS enregistre et archive l\u2019original puis envoie le nombre de photocopies requises au membre. Ces d\u00e9marches accomplies, l\u2019adh\u00e9sion \u00e0 DIGNITAS est chose faite.<\/p>\n\n\n\n<h4 class=\"wp-block-heading\">D\u00e9claration d&rsquo;adh\u00e9sion<\/h4>\n\n\n\n<p>D&rsquo;abord, s.v.p. veuillez lire la brochure d&rsquo;information de DIGNITAS.<\/p>\n\n\n\n<p>Je d\u00e9clare mon adh\u00e9sion \u00e0 \u00ab\u00a0DIGNITAS &#8211; Vivre dignement &#8211; Mourir dignement\u00a0\u00bb et j\u2019ai lu et compris la brochure de DIGNITAS.<\/p>\n\n\n\n<p>Je connais les conditions:<\/p>\n\n\n\n<p>Taxe unique d&rsquo;adh\u00e9sion Francs Suisses (CHF) 220 (environ Euro \u20ac 222); cotisation annuelle laiss\u00e9 \u00e0 l&rsquo;apr\u00e9ciation des adh\u00e9rents, mais d&rsquo;au moins CHF 80 (environ Euro \u20ac 81). Des personnes ne disposant que de tr\u00e8s modestes moyens peuvent demander une exemption en partie ou totalement des cotisations. La r\u00e9duction ou l\u2019exemption de cotisation doit \u00eatre discut\u00e9e et convenue au pr\u00e9alable.<\/p>\n\n\n\n<p><a href=\"http:\/\/dignitas.ch\/images\/stories\/pdf\/beitrittserklaerung-francais-declaration-dadhesion.pdf\" target=\"_blank\" rel=\"noreferrer noopener\" class=\"ek-link\"><strong>D\u00e9claration d&rsquo;adh\u00e9sion<\/strong><\/a> (PDF)<\/p>\n\n\n\n<p class=\"has-small-font-size\"><em><a href=\"#adhesion-en-haut\" class=\"ek-link\">en haut<\/a><\/em><\/p>\n","protected":false},"excerpt":{"rendered":"<p>Veuillez lire attentivement la brochure d&rsquo;information avant de faire une demande d&rsquo;adh\u00e9sion. Par principe, toute personne adulte peut devenir membre de DIGNITAS, qu\u2019elle soit domicili\u00e9e en Suisse ou ailleurs et poss\u00e8de la nationalit\u00e9 suisse ou non. Nous d\u00e9sirons toutefois signaler express\u00e9ment que, pour des raisons juridiques, DIGNITAS ne peut offrir son aide que sur le [&hellip;]<\/p>\n","protected":false},"author":1,"featured_media":0,"parent":295,"menu_order":0,"comment_status":"closed","ping_status":"closed","template":"","meta":{"_acf_changed":false,"_editorskit_title_hidden":false,"_editorskit_reading_time":0,"_editorskit_is_block_options_detached":false,"_editorskit_block_options_position":"{}","footnotes":""},"class_list":["post-1118","page","type-page","status-publish","hentry"],"acf":[],"_links":{"self":[{"href":"https:\/\/dignitas.ch\/fr\/wp-json\/wp\/v2\/pages\/1118","targetHints":{"allow":["GET"]}}],"collection":[{"href":"https:\/\/dignitas.ch\/fr\/wp-json\/wp\/v2\/pages"}],"about":[{"href":"https:\/\/dignitas.ch\/fr\/wp-json\/wp\/v2\/types\/page"}],"author":[{"embeddable":true,"href":"https:\/\/dignitas.ch\/fr\/wp-json\/wp\/v2\/users\/1"}],"replies":[{"embeddable":true,"href":"https:\/\/dignitas.ch\/fr\/wp-json\/wp\/v2\/comments?post=1118"}],"version-history":[{"count":9,"href":"https:\/\/dignitas.ch\/fr\/wp-json\/wp\/v2\/pages\/1118\/revisions"}],"predecessor-version":[{"id":10545,"href":"https:\/\/dignitas.ch\/fr\/wp-json\/wp\/v2\/pages\/1118\/revisions\/10545"}],"up":[{"embeddable":true,"href":"https:\/\/dignitas.ch\/fr\/wp-json\/wp\/v2\/pages\/295"}],"wp:attachment":[{"href":"https:\/\/dignitas.ch\/fr\/wp-json\/wp\/v2\/media?parent=1118"}],"curies":[{"name":"wp","href":"https:\/\/api.w.org\/{rel}","templated":true}]}}