    {"id":1108,"date":"2023-09-11T10:12:59","date_gmt":"2023-09-11T08:12:59","guid":{"rendered":"https:\/\/dev.dignitas.bertastrasse1.ch\/verein-2\/struktur\/"},"modified":"2026-01-03T22:06:25","modified_gmt":"2026-01-03T21:06:25","slug":"structure","status":"publish","type":"page","link":"https:\/\/dignitas.ch\/fr\/association\/structure\/","title":{"rendered":"Structure"},"content":{"rendered":"\n<p>Les structures et l\u2019organisation de DIGNITAS ont \u00e9t\u00e9 con\u00e7ues de fa\u00e7on \u00e0 ce que l\u2019association puisse travailler de mani\u00e8re efficace et en \u00e9vitant les conflits. Ainsi, toutes les forces de DIGNITAS restent au service de ses membres. La direction avec le secr\u00e9taire g\u00e9n\u00e9ral de DIGNITAS veille \u00e0 ce que les activit\u00e9s men\u00e9es par l\u2019association sur le plan op\u00e9rationnel se d\u00e9roulent conform\u00e9ment aux statuts.<\/p>\n\n\n\n<p>Pour les questions requ\u00e9rant des connaissances sp\u00e9ciales, la direction est second\u00e9e par un conseil. En r\u00e8gle g\u00e9n\u00e9rale, celui-ci se compose au moins d\u2019un m\u00e9decin et d\u2019un avocat.<\/p>\n\n\n\n<p>Une \u00e9quipe de collaborateurs qualifi\u00e9s et d\u00e9vou\u00e9s est \u00e0 la disposition des membres et de toute personne int\u00e9ress\u00e9e d\u00e9sirant obtenir des conseils, des informations sur l\u2019adh\u00e9sion, la pr\u00e9paration du suicide accompagn\u00e9, etc.<\/p>\n\n\n\n<p>L\u2019\u00e9quipe d\u2019aide au suicide est constitu\u00e9e de femmes et d\u2019hommes qui, le plus souvent, assument cette t\u00e2che depuis longtemps. DIGNITAS assure la formation initiale des nouveaux membres de l\u2019\u00e9quipe et la formation continue des membres en fonction.<\/p>\n\n\n\n<p>La direction de DIGNITAS est assum\u00e9e par Sandra Martino, Veronika Erismann et Silvan Luley.<\/p>\n","protected":false},"excerpt":{"rendered":"<p>Les structures et l\u2019organisation de DIGNITAS ont \u00e9t\u00e9 con\u00e7ues de fa\u00e7on \u00e0 ce que l\u2019association puisse travailler de mani\u00e8re efficace et en \u00e9vitant les conflits. Ainsi, toutes les forces de DIGNITAS restent au service de ses membres. La direction avec le secr\u00e9taire g\u00e9n\u00e9ral de DIGNITAS veille \u00e0 ce que les activit\u00e9s men\u00e9es par l\u2019association sur [&hellip;]<\/p>\n","protected":false},"author":1,"featured_media":0,"parent":295,"menu_order":0,"comment_status":"closed","ping_status":"closed","template":"","meta":{"_acf_changed":false,"_editorskit_title_hidden":false,"_editorskit_reading_time":0,"_editorskit_is_block_options_detached":false,"_editorskit_block_options_position":"{}","footnotes":""},"class_list":["post-1108","page","type-page","status-publish","hentry"],"acf":[],"_links":{"self":[{"href":"https:\/\/dignitas.ch\/fr\/wp-json\/wp\/v2\/pages\/1108","targetHints":{"allow":["GET"]}}],"collection":[{"href":"https:\/\/dignitas.ch\/fr\/wp-json\/wp\/v2\/pages"}],"about":[{"href":"https:\/\/dignitas.ch\/fr\/wp-json\/wp\/v2\/types\/page"}],"author":[{"embeddable":true,"href":"https:\/\/dignitas.ch\/fr\/wp-json\/wp\/v2\/users\/1"}],"replies":[{"embeddable":true,"href":"https:\/\/dignitas.ch\/fr\/wp-json\/wp\/v2\/comments?post=1108"}],"version-history":[{"count":6,"href":"https:\/\/dignitas.ch\/fr\/wp-json\/wp\/v2\/pages\/1108\/revisions"}],"predecessor-version":[{"id":10852,"href":"https:\/\/dignitas.ch\/fr\/wp-json\/wp\/v2\/pages\/1108\/revisions\/10852"}],"up":[{"embeddable":true,"href":"https:\/\/dignitas.ch\/fr\/wp-json\/wp\/v2\/pages\/295"}],"wp:attachment":[{"href":"https:\/\/dignitas.ch\/fr\/wp-json\/wp\/v2\/media?parent=1108"}],"curies":[{"name":"wp","href":"https:\/\/api.w.org\/{rel}","templated":true}]}}