    {"id":10101,"date":"2024-12-04T11:28:07","date_gmt":"2024-12-04T10:28:07","guid":{"rendered":"https:\/\/dev.dignitas.berta-bewegt.ch\/?page_id=10101"},"modified":"2026-02-17T12:31:45","modified_gmt":"2026-02-17T11:31:45","slug":"saviez-vous-que","status":"publish","type":"page","link":"https:\/\/dignitas.ch\/fr\/savoir\/saviez-vous-que\/","title":{"rendered":"Saviez-vous que &#8230;"},"content":{"rendered":"\n<p id=\"en-haut\"><\/p>\n\n\n\n<p class=\"has-small-font-size\" id=\"conseil\"><em>Octobre 2025<\/em><\/p>\n\n\n\n<p><strong>\u2026 l\u2019accompagnement au suicide n\u2019est pas le sujet central de l\u2019activit\u00e9 de conseil de DIGNITAS ?<\/strong><br>L\u2019association \u00ab DIGNITAS \u2013 Vivre dignement \u2013 Mourir dignement \u00bb ne se d\u00e9finit pas comme une \u00ab organisation d\u2019aide \u00e0 mourir \u00bb, mais comme une organisation d\u2019int\u00e9r\u00eat public, d\u00e9di\u00e9e \u00e0 l\u2019aide \u00e0 la vie, \u00e0 la pr\u00e9vention des tentatives de suicide et \u00e0 la d\u00e9fense des droits humains. Nos principales activit\u00e9s consistent \u00e0 fournir des conseils pratiques et juridiques aux m\u00e9decins, aux juristes, aux malades, aux personnes en bonne sant\u00e9, aux proches etc. Ainsi qu\u2019aux personnes suicidaires, bien s\u00fbr.<\/p>\n\n\n\n<p>Lorsqu\u2019on conseille les personnes concern\u00e9es, la question centrale n\u2019est pas \u00ab comment mourir \u00bb, mais \u00ab comment continuer \u00e0 vivre \u00bb. Le souhait de mourir survient lorsqu\u2019une personne ne voit plus aucune possibilit\u00e9 de maintenir ou d\u2019atteindre une qualit\u00e9 de vie qui lui permette de consid\u00e9rer que continuer \u00e0 vivre est (encore) supportable. Si la personne qui souhaite mettre fin \u00e0 ses jours est prise au s\u00e9rieux, si, au cours d\u2019un entretien ouvert et sans tabou, on lui procure toutes les informations n\u00e9cessaires sur les options qui s\u2019offrent \u00e0 elle pour maintenir ou am\u00e9liorer sa qualit\u00e9 de vie, sans exclure pour autant le droit \u00e0 l\u2019autod\u00e9termination en fin de vie, elle a alors la libert\u00e9 de choix \u2013 et elle d\u00e9cidera souvent de continuer \u00e0 vivre.<\/p>\n\n\n\n<p>Parmi les personnes s\u2019adressant \u00e0 DIGNITAS, peu d\u2019entre elles font une demande de suicide accompagn\u00e9 et encore moins d\u00e9cident finalement de recourir \u00e0 cette option. Le fait de savoir qu\u2019il existe une possibilit\u00e9 r\u00e9elle, l\u00e9gale, accompagn\u00e9e par des professionnels, une sorte de \u00ab sortie de secours \u00bb pour le moment o\u00f9 ce ne sera \u00ab vraiment plus possible \u00bb, peut soulager et donner le courage de continuer \u00e0 vivre. Ce qui peut aussi permettre d\u2019\u00e9viter que la d\u00e9tresse et la souffrance deviennent si grandes qu\u2019une personne tente de se suicider seule. Son acte d\u00e9sesp\u00e9r\u00e9 \u00e9choue le plus souvent, avec de graves cons\u00e9quences pour elle-m\u00eame et son entourage. Le fait de briser le tabou qui entoure la mort et le suicide et de proposer un conseil ouvert sur toutes les options qui se pr\u00e9sentent, incluant la possibilit\u00e9 de mettre fin \u00e0 ses jours de mani\u00e8re autod\u00e9termin\u00e9e, peut aussi pr\u00e9venir les tentatives de suicide.<\/p>\n\n\n\n<hr class=\"wp-block-separator has-alpha-channel-opacity\"\/>\n\n\n\n<p class=\"has-small-font-size\"><em>Septembre 2020<\/em><\/p>\n\n\n\n<p id=\"qualite-de-vie\"><strong>&#8230; la possibilit\u00e9 d&rsquo;une assistance professionnelle au suicide peut am\u00e9liorer la qualit\u00e9 de vie et contribuer \u00e0 pr\u00e9venir les tentatives de suicide risqu\u00e9es&nbsp;?&nbsp;<\/strong><br>\u00ab&nbsp;DIGNITAS \u2013 Vivre dignement \u2013 Mourir dignement&nbsp;\u00bb n&rsquo;a pas \u00e9t\u00e9 fond\u00e9e en 1998 dans le but premier d\u2019offrir une aide au suicide \u00e0 des personnes venant du monde entier. L&rsquo;association est plut\u00f4t n\u00e9e de la conviction que la libert\u00e9 de d\u00e9cider soi-m\u00eame des modalit\u00e9s et du moment de sa mort est un droit humain. Toute personne capable de discernement est donc \u00e9galement libre de mettre fin \u00e0 sa vie en toute s\u00e9curit\u00e9 et de demander de l&rsquo;aide \u00e0 cet effet. Elle doit faire ce choix apr\u00e8s avoir soigneusement examin\u00e9 toutes les possibilit\u00e9s de continuer \u00e0 vivre et parvenir \u00e0 la conclusion qu\u2019il s\u2019agit pour elle de la bonne solution.<br>&nbsp;<br>C&rsquo;est ce droit que le fondateur de DIGNITAS, Ludwig A. Minelli, a voulu faire respecter. Peu apr\u00e8s sa fondation, l&rsquo;association a commenc\u00e9 \u00e0 offrir l\u2019assistance au suicide \u00e0 des personnes venant de l&rsquo;\u00e9tranger. Cette d\u00e9marche est logique si l\u2019on consid\u00e8re le droit humain de d\u00e9terminer les modalit\u00e9s et le moment de sa mort comme une libert\u00e9 universelle. Elle d\u00e9coule aussi du fait que la loi refuse cette possibilit\u00e9 aux citoyens de nombreux pays.<br>&nbsp;<br>Le d\u00e9sir de se suicider doit \u00eatre pris au s\u00e9rieux, et le suicide peut \u00eatre justifi\u00e9. Le fait d\u2019exclure d\u2019embl\u00e9e la possibilit\u00e9 d&rsquo;un suicide et l\u2019apport de l\u2019aide n\u00e9cessaire donne \u00e0 la personne le sentiment d&rsquo;\u00eatre laiss\u00e9e seule. Une telle attitude augmente la probabilit\u00e9 d&rsquo;une tentative de suicide solitaire et risqu\u00e9e, avec des moyens qui, souvent, ne conduisent pas \u00e0 la mort et accentuent encore la souffrance et la d\u00e9tresse. Quand des individus ayant un long pass\u00e9 de souffrance s\u2019adressent \u00e0 DIGNITAS pour demander de l\u2019aide, il n\u2019est pas rare que leur biographie \u00e9voque une ou plusieurs tentatives de suicide d\u00e9sesp\u00e9r\u00e9es et infructueuses.<br>&nbsp;<br>Les personnes qui ont l\u2019assurance de pouvoir mettre fin \u00e0 leur vie en toute s\u00e9curit\u00e9 et accompagn\u00e9es professionnellement si leurs souffrances deviennent intol\u00e9rables pour eux, y trouvent un soulagement, de telle sorte qu\u2019elles peuvent m\u00eame envisager de continuer \u00e0 vivre. Cette possibilit\u00e9 est comparable \u00e0 une sortie de secours&nbsp;: on est content qu&rsquo;elle existe et on esp\u00e8re ne jamais devoir l&rsquo;utiliser. Parmi les adh\u00e9rents de DIGNITAS qui font une demande d&rsquo;aide au suicide et qui, sur la base de leur dossier m\u00e9dical, re\u00e7oivent l&rsquo;assurance d\u2019un m\u00e9decin suisse qu\u2019il est en principe dispos\u00e9 \u00e0 d\u00e9livrer une ordonnance pour le m\u00e9dicament l\u00e9tal, seulement un faible pourcentage d\u00e9cide de faire usage de cette possibilit\u00e9.<\/p>\n\n\n\n<hr class=\"wp-block-separator has-alpha-channel-opacity\"\/>\n\n\n\n<p class=\"has-small-font-size\" id=\"reglementations-inegales\"><em>Juin 2019<\/em><\/p>\n\n\n\n<p><strong>&#8230; il y a eu et y a encore en Suisse des r\u00e9glementations in\u00e9gales en mati\u00e8re d&rsquo;autod\u00e9termination et de libert\u00e9 de choix dans la vie et en fin de vie ?<\/strong><br>&nbsp;<br>Ainsi, le Code p\u00e9nal suisse de 1942 consid\u00e9rait que l&rsquo;avortement \u00e9tait en principe autoris\u00e9 s&rsquo;il y avait un risque pour la vie ou la sant\u00e9 de la m\u00e8re. Toutefois, les cantons ont interpr\u00e9t\u00e9 cette disposition de mani\u00e8re tr\u00e8s diff\u00e9rente ; les femmes des cantons relativement ruraux et conservateurs ont donc souvent d\u00fb se rendre dans un autre canton pour exercer ce droit jusqu&rsquo;\u00e0 l&rsquo;introduction au niveau national, en 2002, de la r\u00e9glementation appel\u00e9e \u00ab&nbsp;r\u00e9gime du d\u00e9lai&nbsp;\u00bb. Pendant longtemps, vivre ensemble sans \u00eatre mari\u00e9s n&rsquo;a pas \u00e9t\u00e9 autoris\u00e9 dans tous les cantons non plus. Dans les ann\u00e9es 1960, de nombreux couples non mari\u00e9s ont quitt\u00e9 le canton de Zurich pour s&rsquo;installer dans le canton d&rsquo;Argovie parce qu&rsquo;ils y \u00e9taient autoris\u00e9s \u00e0 vivre ensemble.<br><br>Dans le cas du suicide assist\u00e9, la pratique demeure incoh\u00e9rente \u00e0 ce jour. &nbsp;Les maisons de retraite et de soins de la ville de Zurich sont ouvertes aux organisations d&rsquo;aide au suicide. En revanche, dans le canton du Valais, un d\u00e9bat sur la r\u00e9glementation juridique du suicide assist\u00e9 dans les maisons de retraite et de soins \u00e9chauffe actuellement les esprits. Les r\u00e9sidents des maisons de retraite qui ne sont pas ouvertes aux organisations d&rsquo;aide au suicide doivent d\u00e9sormais se rendre soit dans un appartement priv\u00e9, soit dans les locaux d&rsquo;une organisation d&rsquo;aide au suicide afin de b\u00e9n\u00e9ficier d\u2019un suicide assist\u00e9.<br>&nbsp;<br>On ne peut qualifier de \u00ab&nbsp;touriste&nbsp;\u00bb une personne qui doit se rendre en-dehors de son pays ou de son lieu de r\u00e9sidence pour b\u00e9n\u00e9ficier d\u2019un droit qui lui revient.. Elle ne le fait pas pour le plaisir, mais parce que la libert\u00e9 \u00e0 laquelle elle a droit lui est refus\u00e9e l\u00e0 o\u00f9 elle vit. Il est irrespectueux d\u2019utiliser des expressions telles que \u00ab&nbsp;tourisme du suicide&nbsp;\u00bb ou \u00ab&nbsp;tourisme de la mort&nbsp;\u00bb, en rapport avec DIGNITASet d&rsquo;autres organisations comparables, qui accordent une aide au suicide aux personnes r\u00e9sidant \u00e0 l&rsquo;\u00e9tranger. L\u2019emploi de telles expressions masque la r\u00e9alit\u00e9&nbsp;: les personnes qui vont en Suisse pour un suicide assist\u00e9 le font parce qu&rsquo;on leur refuse un droit fondamental et la libert\u00e9 de choix dans leur propre pays. Pour la plupart, il est extr\u00eamement p\u00e9nible de voyager, car elles se trouvent au stade avanc\u00e9 d\u2019une grave maladie.<\/p>\n\n\n\n<hr class=\"wp-block-separator has-alpha-channel-opacity\"\/>\n\n\n\n<p class=\"has-small-font-size\" id=\"meilleur-moyen\"><em>Juin 2018<\/em><\/p>\n\n\n\n<p><strong>&#8230; une consultation dont l\u2019issue est ouverte constitue le meilleur moyen de pr\u00e9venir les tentatives de suicide ?<\/strong><br>&nbsp;<br>On ne se suicide pas parce qu&rsquo;on veut mourir, mais parce qu&rsquo;on ne voit plus aucune possibilit\u00e9 de vivre de mani\u00e8re humaine. En r\u00e9ponse, il faut donc prendre au s\u00e9rieux le d\u00e9sir exprim\u00e9 par la personne de mettre fin  \u2013 pour quelque raison que ce soit  \u2013  \u00e0 ses souffrances et \u00e0 sa vie. Il faut aussi examiner toutes les possibilit\u00e9s ouvertement et sans pr\u00e9jug\u00e9s. C\u2019est \u00e0 ces conditions que l&rsquo;on peut \u00e9viter d&rsquo;augmenter le d\u00e9sespoir et emp\u00eacher la personne de se suicider de sa propre initiative et d&rsquo;une mani\u00e8re risqu\u00e9e, g\u00e9n\u00e9ralement avec des cons\u00e9quences d\u00e9vastatrices.<br>&nbsp;<br>DIGNITAS re\u00e7oit chaque jour des dizaines d&rsquo;e-mails, de lettres et d&rsquo;appels t\u00e9l\u00e9phoniques en provenance de nombreux pays. Nos conseils ont principalement pour but de montrer aux personnes en qu\u00eate d&rsquo;aide comment am\u00e9liorer leur qualit\u00e9 de vie et de pr\u00e9venir les tentatives de suicide d\u00e9sesp\u00e9r\u00e9es et solitaires. Nous mettons nos interlocuteurs en rapport notamment avec des organisations assistant les personnes en crise, des organismes assurant des soins palliatifs pour les patients en phase terminale et des organisations et sp\u00e9cialistes pouvant assurer un soutien suppl\u00e9mentaire \u00e0 la personne qui demande de l&rsquo;aide. Les conseils sur le suicide assist\u00e9 peuvent faire partie de la consultation initiale, mais ce n&rsquo;est qu&rsquo;une possibilit\u00e9 parmi beaucoup d\u2019autres.<br>&nbsp;<br>Il est inhumain et indigne de refuser d\u2019embl\u00e9e aux citoyens d&rsquo;un pays le droit de mettre fin \u00e0 leurs souffrances et \u00e0 leur vie de mani\u00e8re autod\u00e9termin\u00e9e, chez eux et parmi leurs proches, et de traiter comme des criminels ceux et celles qui soutiennent une personne gravement malade sur le chemin qu\u2019elle a choisi. Notre exp\u00e9rience nous confirme de plus en plus que la possibilit\u00e9 d&rsquo;une fin de vie autod\u00e9termin\u00e9e est finalement une aide \u00e0 la vie. Ceux qui savent qu&rsquo;ils peuvent mettre fin \u00e0 leur vie d&rsquo;une mani\u00e8re autod\u00e9termin\u00e9e et l\u00e9gale, accompagn\u00e9s professionnellement et dans un cadre qu&rsquo;ils consid\u00e8rent digne, alors que toutes les autres possibilit\u00e9s ont \u00e9t\u00e9 \u00e9puis\u00e9es, se sentent moins \u00e0 la merci de leur souffrance et obtiennent ainsi le courage de continuer \u00e0 vivre.<\/p>\n\n\n\n<hr class=\"wp-block-separator has-alpha-channel-opacity\"\/>\n\n\n\n<p class=\"has-small-font-size\"><em><a href=\"#en-haut\">en haut<\/a><\/em><\/p>\n","protected":false},"excerpt":{"rendered":"<p>Octobre 2025 \u2026 l\u2019accompagnement au suicide n\u2019est pas le sujet central de l\u2019activit\u00e9 de conseil de DIGNITAS ?L\u2019association \u00ab DIGNITAS \u2013 Vivre dignement \u2013 Mourir dignement \u00bb ne se d\u00e9finit pas comme une \u00ab organisation d\u2019aide \u00e0 mourir \u00bb, mais comme une organisation d\u2019int\u00e9r\u00eat public, d\u00e9di\u00e9e \u00e0 l\u2019aide \u00e0 la vie, \u00e0 la pr\u00e9vention des [&hellip;]<\/p>\n","protected":false},"author":4,"featured_media":0,"parent":342,"menu_order":0,"comment_status":"closed","ping_status":"closed","template":"","meta":{"_acf_changed":false,"_editorskit_title_hidden":false,"_editorskit_reading_time":0,"_editorskit_is_block_options_detached":false,"_editorskit_block_options_position":"{}","footnotes":""},"class_list":["post-10101","page","type-page","status-publish","hentry"],"acf":[],"_links":{"self":[{"href":"https:\/\/dignitas.ch\/fr\/wp-json\/wp\/v2\/pages\/10101","targetHints":{"allow":["GET"]}}],"collection":[{"href":"https:\/\/dignitas.ch\/fr\/wp-json\/wp\/v2\/pages"}],"about":[{"href":"https:\/\/dignitas.ch\/fr\/wp-json\/wp\/v2\/types\/page"}],"author":[{"embeddable":true,"href":"https:\/\/dignitas.ch\/fr\/wp-json\/wp\/v2\/users\/4"}],"replies":[{"embeddable":true,"href":"https:\/\/dignitas.ch\/fr\/wp-json\/wp\/v2\/comments?post=10101"}],"version-history":[{"count":7,"href":"https:\/\/dignitas.ch\/fr\/wp-json\/wp\/v2\/pages\/10101\/revisions"}],"predecessor-version":[{"id":11178,"href":"https:\/\/dignitas.ch\/fr\/wp-json\/wp\/v2\/pages\/10101\/revisions\/11178"}],"up":[{"embeddable":true,"href":"https:\/\/dignitas.ch\/fr\/wp-json\/wp\/v2\/pages\/342"}],"wp:attachment":[{"href":"https:\/\/dignitas.ch\/fr\/wp-json\/wp\/v2\/media?parent=10101"}],"curies":[{"name":"wp","href":"https:\/\/api.w.org\/{rel}","templated":true}]}}