    {"id":1008,"date":"2023-09-11T09:49:11","date_gmt":"2023-09-11T07:49:11","guid":{"rendered":"https:\/\/dev.dignitas.bertastrasse1.ch\/kontakt\/"},"modified":"2024-05-29T13:53:57","modified_gmt":"2024-05-29T11:53:57","slug":"kontakt","status":"publish","type":"page","link":"https:\/\/dignitas.ch\/fr\/home\/kontakt\/","title":{"rendered":"Contact"},"content":{"rendered":"\n<p><strong>DIGNITAS en Suisse<\/strong><br>DIGNITAS<br>Case postale 17<br>8127 Forch<br><br>T\u00e9l\u00e9phone: \u00a0 \u00a0 \u00a0 \u00a0\u00a0 \u00a0 \u00a0 \u00a0 \u00a0\u00a0\u00a0 \u00a0\u00a0 043 366 10 70<br>T\u00e9l\u00e9phone international:\u00a0\u00a0 +41 43 366 10 70<br>(Lundi \u00e0 Vendredi, 9:00 &#8211; 12:00 \/ 13:30 &#8211; 16:30 heures)<\/p>\n\n\n\n<p>T\u00e9l\u00e9copieur:&nbsp;&nbsp; &nbsp; &nbsp; &nbsp; &nbsp;&nbsp; &nbsp; &nbsp; &nbsp; &nbsp;&nbsp; &nbsp; 043 366 10 79<br>T\u00e9l\u00e9copieur international:&nbsp;&nbsp; +41 43 366 10 79<\/p>\n\n\n\n<p>E-mail:&nbsp;&nbsp;&nbsp;&nbsp;&nbsp;&nbsp;&nbsp;&nbsp;&nbsp;&nbsp;&nbsp;&nbsp;&nbsp;&nbsp;&nbsp;&nbsp;&nbsp;&nbsp;&nbsp;&nbsp;&nbsp;&nbsp;&nbsp; <a href=\"mailto:dignitas@dignitas.ch\">dignitas@dignitas.ch<\/a><\/p>\n\n\n\n<p><strong>DIGNITAS en Allemagne<\/strong><br>DIGNITAS-Deutschland e.V.<br>Schmiedestrasse 39<br>30159 Hannover<br><br>T\u00e9l\u00e9phone: &nbsp; &nbsp; &nbsp; &nbsp;&nbsp; &nbsp;&nbsp; &nbsp; &nbsp;&nbsp; &nbsp; &nbsp;&nbsp;&nbsp;&nbsp; 0511 &#8211; 336 2344<br>T\u00e9l\u00e9phone international:&nbsp;&nbsp; +49 511 336 2344<\/p>\n\n\n\n<p>T\u00e9l\u00e9copieur: &nbsp; &nbsp; &nbsp; &nbsp;&nbsp; &nbsp; &nbsp; &nbsp; &nbsp; &nbsp;&nbsp;&nbsp;&nbsp;&nbsp; 0511 &#8211; 336 2682<br>T\u00e9l\u00e9copieur international:&nbsp;&nbsp; +49 511 336 2682<\/p>\n\n\n\n<p>E-mail:&nbsp;&nbsp;&nbsp;&nbsp;&nbsp;&nbsp;&nbsp;&nbsp;&nbsp;&nbsp;&nbsp;&nbsp;&nbsp;&nbsp;&nbsp;&nbsp;&nbsp;&nbsp;&nbsp;&nbsp;&nbsp;&nbsp;&nbsp; <a href=\"mailto:dignitas@dignitas.de\">dignitas@dignitas.de<\/a><\/p>\n\n\n\n<p>(seulement en allemand)<\/p>\n","protected":false},"excerpt":{"rendered":"<p>DIGNITAS en SuisseDIGNITASCase postale 178127 Forch T\u00e9l\u00e9phone: \u00a0 \u00a0 \u00a0 \u00a0\u00a0 \u00a0 \u00a0 \u00a0 \u00a0\u00a0\u00a0 \u00a0\u00a0 043 366 10 70T\u00e9l\u00e9phone international:\u00a0\u00a0 +41 43 366 10 70(Lundi \u00e0 Vendredi, 9:00 &#8211; 12:00 \/ 13:30 &#8211; 16:30 heures) T\u00e9l\u00e9copieur:&nbsp;&nbsp; &nbsp; &nbsp; &nbsp; &nbsp;&nbsp; &nbsp; &nbsp; &nbsp; &nbsp;&nbsp; &nbsp; 043 366 10 79T\u00e9l\u00e9copieur international:&nbsp;&nbsp; +41 43 366 10 [&hellip;]<\/p>\n","protected":false},"author":1,"featured_media":0,"parent":988,"menu_order":0,"comment_status":"closed","ping_status":"closed","template":"","meta":{"_acf_changed":false,"_editorskit_title_hidden":false,"_editorskit_reading_time":0,"_editorskit_is_block_options_detached":false,"_editorskit_block_options_position":"{}","footnotes":""},"class_list":["post-1008","page","type-page","status-publish","hentry"],"acf":[],"_links":{"self":[{"href":"https:\/\/dignitas.ch\/fr\/wp-json\/wp\/v2\/pages\/1008","targetHints":{"allow":["GET"]}}],"collection":[{"href":"https:\/\/dignitas.ch\/fr\/wp-json\/wp\/v2\/pages"}],"about":[{"href":"https:\/\/dignitas.ch\/fr\/wp-json\/wp\/v2\/types\/page"}],"author":[{"embeddable":true,"href":"https:\/\/dignitas.ch\/fr\/wp-json\/wp\/v2\/users\/1"}],"replies":[{"embeddable":true,"href":"https:\/\/dignitas.ch\/fr\/wp-json\/wp\/v2\/comments?post=1008"}],"version-history":[{"count":5,"href":"https:\/\/dignitas.ch\/fr\/wp-json\/wp\/v2\/pages\/1008\/revisions"}],"predecessor-version":[{"id":4521,"href":"https:\/\/dignitas.ch\/fr\/wp-json\/wp\/v2\/pages\/1008\/revisions\/4521"}],"up":[{"embeddable":true,"href":"https:\/\/dignitas.ch\/fr\/wp-json\/wp\/v2\/pages\/988"}],"wp:attachment":[{"href":"https:\/\/dignitas.ch\/fr\/wp-json\/wp\/v2\/media?parent=1008"}],"curies":[{"name":"wp","href":"https:\/\/api.w.org\/{rel}","templated":true}]}}