    {"id":1527,"date":"2023-09-11T11:23:28","date_gmt":"2023-09-11T09:23:28","guid":{"rendered":"https:\/\/dev.dignitas.bertastrasse1.ch\/verein\/film-video\/"},"modified":"2026-02-17T16:17:01","modified_gmt":"2026-02-17T15:17:01","slug":"video-podcast","status":"publish","type":"page","link":"https:\/\/dignitas.ch\/en\/well-worth-seeing\/video-podcast\/","title":{"rendered":"Video \/ Podcast"},"content":{"rendered":"\n<h4 class=\"wp-block-heading\">Polvo ser\u00e1n (\u201cThey Will Be Dust\u201d)<\/h4>\n\n\n\n<p>\u201c<a href=\"https:\/\/www.imdb.com\/de\/title\/tt27142003\/\" target=\"_blank\" rel=\"noreferrer noopener\">Polvo ser\u00e1n<\/a>\u201d is a fictional drama with musical elements. Parts of the film were shot in Switzerland, including at DIGNITAS.<\/p>\n\n\n\n<p>The film premiered in September 2024 at the Toronto International Film Festival, where it won the Platform Award. \u201cPolvo ser\u00e1n\u201d was released in Spanish cinemas in November 2024.<\/p>\n\n\n\n<p>In an interview with DIGNITAS, film director Carlos Marques-Marcet provides fascinating insights into the making of the film and his personal and artistic exploration of self-determined dying.<\/p>\n\n\n\n<p><a href=\"http:\/\/dignitas.ch\/images\/stories\/pdf\/202502-interview-carlos-marques-macet-e.pdf\" target=\"_blank\" rel=\"noreferrer noopener\">Read the interview<\/a><\/p>\n\n\n\n<hr class=\"wp-block-separator has-alpha-channel-opacity\"\/>\n\n\n\n<h4 class=\"wp-block-heading\">A Fly on the Wall<\/h4>\n\n\n\n<p>A friendship walks the distance between life and death in Nilesh Maniyar and Shonali Bose&#8217;s \u201c<a href=\"https:\/\/www.imdb.com\/title\/tt33492260\/\" target=\"_blank\" rel=\"noreferrer noopener\">A Fly on the Wall<\/a>\u201d. As Shonali is tasked with filming her friend Chika Kapadia&#8217;s physician assisted suicide, Nilesh Maniyar asks Shonali to turn the camera towards herself too. Together, Shonali, Nilesh and Film Editor Tushar Ghogale weave a tale of dignity in death through the lens of friendship. Ironically, the locale is beautiful Switzerland &#8211; the backdrop of many a blockbuster Indian film.<\/p>\n\n\n\n<p>The film premiered at the Busan Film Festival 2024.&nbsp;<br><a href=\"https:\/\/www.youtube.com\/watch?v=ptbooAMIBoM\" target=\"_blank\" rel=\"noreferrer noopener\">Link to the official trailer<\/a><\/p>\n\n\n\n<p><a href=\"http:\/\/dignitas.ch\/images\/stories\/pdf\/the-death-of-chika-kapadia-e.pdf\" target=\"_blank\" rel=\"noreferrer noopener\">\u201cThe death of Chika Kapadia \u2013&nbsp;a friend&#8217;s perspective<\/a><a href=\"http:\/\/dignitas.ch\/images\/stories\/pdf\/the-death-of-chika-kapadia-e.pdf\" target=\"_blank\" rel=\"noreferrer noopener\">\u201d<\/a>,<br>article by Shonali Bose for the DIGNITAS November 2024 newsletter<\/p>\n\n\n\n<hr class=\"wp-block-separator has-alpha-channel-opacity\"\/>\n\n\n\n<h4 class=\"wp-block-heading\">Take Me Out Feet First<\/h4>\n\n\n\n<p>A two-season documentary series telling the stories of terminally ill people who want the right to choose medical aid in dying (MAID) in the USA.<\/p>\n\n\n\n<p>The conversations about the end of life are hard and often just a whisper. In her seminal two-season docu series \u201cTake Me Out Feet First\u201d, Filmmaker Serene Meshel-Dillman invites viewers into the decision-making process that terminally patients make about their end-of-life choices. The first Episode chronicles her own parents\u2019 paths to embracing their own right to exit on their own terms and timeline.<\/p>\n\n\n\n<p><a href=\"https:\/\/www.outfeetfirst.com\" target=\"_blank\" rel=\"noreferrer noopener\">Link to the website of the documentary series<\/a><\/p>\n\n\n\n<hr class=\"wp-block-separator has-alpha-channel-opacity\"\/>\n\n\n\n<h4 class=\"wp-block-heading\">\u201cDignitas\u201d<\/h4>\n\n\n\n<p>Music &amp; video and vocals &amp; instruments by Michael Blake<br>from his album \u201cOut of the blue\u201d<\/p>\n\n\n\n<p><a href=\"https:\/\/www.youtube.com\/watch?v=SCqqM8crSFs&amp;ab_channel=SHENMusic\" target=\"_blank\" rel=\"noreferrer noopener\">Link to the music video on Youtube<\/a><\/p>\n\n\n\n<hr class=\"wp-block-separator has-alpha-channel-opacity\"\/>\n\n\n\n<h4 class=\"wp-block-heading\">A Time to Die<\/h4>\n\n\n\n<p>This film tells the stories of people who want the right to die at a time of their choosing.<br>And why some say that\u2019s an option they must not have.<\/p>\n\n\n\n<p><a href=\"https:\/\/www.truevisiontv.com\/films\/a-time-to-die\" target=\"_blank\" rel=\"noreferrer noopener\">Link to the website of Truevision<\/a> <br><a href=\"https:\/\/www.youtube.com\/watch?v=Q1X6uDVeY94\" target=\"_blank\" rel=\"noreferrer noopener\">Link to Youtube<\/a><\/p>\n\n\n\n<hr class=\"wp-block-separator has-alpha-channel-opacity\"\/>\n\n\n\n<h4 class=\"wp-block-heading\">In My Own Time<\/h4>\n\n\n\n<p>This documentary film looks at what it means to die on one\u2019s own terms. Using first-hand accounts from people across Canada, this film will offer perspectives on medical assistance in dying (MAID) less commonly seen in media reports and present an opportunity to educate people on end-of-life choice in Canada.<\/p>\n\n\n\n<p><a href=\"https:\/\/www.inmyowntimefilm.com\/\" target=\"_blank\" rel=\"noreferrer noopener\">Link to the film website<\/a><\/p>\n\n\n\n<hr class=\"wp-block-separator has-alpha-channel-opacity\"\/>\n\n\n\n<h4 class=\"wp-block-heading\">Addicted to Life<\/h4>\n\n\n\n<p>As Paralympic champion Marieke Vervoort\u2019s health deteriorates, she determines to end her suffering and life by assisted dying with the help of her doctors. Liberated by the Netherland\u2019s legal choice to end life self-determinedly, Marieke rediscovers the freedom and thrill of living and competing. Her acceptance of death becomes an affirmation of life.<\/p>\n\n\n\n<p><a href=\"https:\/\/vimeo.com\/708888448\" target=\"_blank\" rel=\"noreferrer noopener\">Link to the trailer<\/a><br><a href=\"https:\/\/www.mariekethefilm.com\" target=\"_blank\" rel=\"noreferrer noopener\">Film website<\/a><\/p>\n\n\n\n<hr class=\"wp-block-separator has-alpha-channel-opacity\"\/>\n\n\n\n<h4 class=\"wp-block-heading\">DIGNITY<\/h4>\n\n\n\n<p>Dignity delves into the intersection of death, grief, guilt, and self-determination, presenting a mother and daughter abruptly forced across the precipice of loss, who confront their most difficult emotions \u2014 and each other \u2014 as they attempt to find a way forward after the passing of a loved one.<\/p>\n\n\n\n<p>Illuminating the complex topic of medically assisted suicide within an isolated bubble in time, Dignity places the audience as a voyeur to intensely raw conversations. Where the presence of loss is felt like a ghost in the room, the film insists on bringing the viewer closer until they too must reconcile the conflicting perspectives within themselves, even ones they would rather not face.<\/p>\n\n\n\n<p>A Capilano University Student Film, School of Motion Pictures Arts, Vancouver, Canada<\/p>\n\n\n\n<p><a href=\"https:\/\/youtu.be\/TDmfyj6jZI4\" target=\"_blank\" rel=\"noreferrer noopener\">Link to Youtube<\/a><\/p>\n\n\n\n<hr class=\"wp-block-separator has-alpha-channel-opacity\"\/>\n\n\n\n<h4 class=\"wp-block-heading\">La Dignitat<\/h4>\n\n\n\n<p>This short movie by David Gonz\u00e0lez shows the moments that a wife, a son and a daughter had to wonder the streets in total sadness while the husband\/father was taking a lethal dose to end his suffering self-determinedly. He had to do so in total solitude. They had to leave him alone in his apartment and be physically far, so they wouldn\u2019t be in trouble with the law. (<a href=\"https:\/\/www.marvinwayne.com\/es\/la-dignitat\" target=\"_blank\" rel=\"noreferrer noopener\">Link<\/a>)<\/p>\n\n\n\n<p>The movie bases on the true story of Jos\u00e9 Antonio<\/p>\n\n\n\n<p><a href=\"https:\/\/www.youtube.com\/watch?v=O_wgdaUuem4&amp;feature=youtu.be\" target=\"_blank\" rel=\"noreferrer noopener\">Link to Youtube<\/a><\/p>\n\n\n\n<hr class=\"wp-block-separator has-alpha-channel-opacity\"\/>\n\n\n\n<h4 class=\"wp-block-heading\">It&#8217;s not about dying<\/h4>\n\n\n\n<p>In this TEDx talk, Professor of palliative care Gian Domenico Borasio reflects on the fact that we will die is the only certainty that we have in life; looking back on their lives, dying patients share their insights with us and thus teach us how to live. All we need to do is to listen.<\/p>\n\n\n\n<p><a href=\"https:\/\/www.youtube.com\/watch?v=x5WYNf1td-4&amp;ab_channel=TEDxTalks\" target=\"_blank\" rel=\"noreferrer noopener\">Link to the video portal Youtube<\/a><\/p>\n\n\n\n<hr class=\"wp-block-separator has-alpha-channel-opacity\"\/>\n\n\n\n<h4 class=\"wp-block-heading\">My Own Choice<\/h4>\n\n\n\n<p>What would you do if you suffered from a debilitating illness that left you in constant and severe pain? What would you do if the only way you could find relief was to take heavy duty pain killers that also impacted heavily on your physical health? After 36 years struggling with that situation, Jay says he&#8217;s had enough and he wants to end his own life. Because assisted suicide and voluntary euthanasia are not permitted in his home country Australia he is forced to apply to an organisation in a foreign country to fulfil his wish.<\/p>\n\n\n\n<p><a href=\"http:\/\/www.abc.net.au\/4corners\/stories\/2013\/09\/16\/3847237.htm\" target=\"_blank\" rel=\"noreferrer noopener\">Link to the Website of ABC &#8211; Four Corners<\/a><\/p>\n\n\n\n<hr class=\"wp-block-separator has-alpha-channel-opacity\"\/>\n\n\n\n<h4 class=\"wp-block-heading\">One Day At A Time With MND<\/h4>\n\n\n\n<p>This film tells part of the story of the last few weeks of John Close&#8217;s life with MND &#8211; Motor Neurone Disease. It shows some of John&#8217;s daily activities, the routine John went through every morning to try to alleviate his terrible constipation, etc. The film also shows his journey to DIGNITAS &#8211; To live with dignity &#8211; To die with dignity where he died on on 26 May 2003.<\/p>\n\n\n\n<p><a href=\"https:\/\/www.youtube.com\/watch?v=QPoYF7s0FjM&amp;feature=plcp\" target=\"_blank\" rel=\"noreferrer noopener\">Link to the video portal Youtube<\/a><\/p>\n\n\n\n<p><a href=\"http:\/\/onefivenine.info\/johnclose.htm\" target=\"_blank\" rel=\"noreferrer noopener\">Visit the website which records and celebrates John\u2019s life and his music (Link<\/a>)<\/p>\n\n\n\n<hr class=\"wp-block-separator has-alpha-channel-opacity\"\/>\n\n\n\n<h4 class=\"wp-block-heading\">How to Die in Oregon<\/h4>\n\n\n\n<p>This film follows several terminally-ill Oregon residents who make use of Oregon\u2019s \u2018Death with Dignity Act\u2019, that state\u2019s aid-in-dying law, and includes scenes from the 2008 campaign to establish a similar law in Washington State which successfully lead to the Washington Death with Dignity Act passed on November 4, 2008.<\/p>\n\n\n\n<p><a href=\"http:\/\/www.howtodieinoregon.com\" target=\"_blank\" rel=\"noreferrer noopener\">Link to the website of the film<\/a><\/p>\n\n\n\n<hr class=\"wp-block-separator has-alpha-channel-opacity\"\/>\n\n\n\n<h4 class=\"wp-block-heading\">Poland: &#8220;Eutanazja Powinna Zosta\u0107 Zalegalizowana&#8221;<\/h4>\n\n\n\n<p>Debate in Warsaw, Poland, 12 May 2015: &#8220;Eutanazja Powinna Zosta\u0107 Zalegalizowana&#8221; with Prof. Tadeusz Barto\u015b, Maria Czubaszek, Dr. Kamil Sipowicz, Prof. Bogdan Chazan, John Godson and \u0141ukasz P. Skurczy\u0144ski. Moderator: Grzegorz Nawrocki. Presented by the Oxbridge Society of Poland<\/p>\n\n\n\n<div class=\"wp-block-media-text is-stacked-on-mobile\"><figure class=\"wp-block-media-text__media\"><img loading=\"lazy\" decoding=\"async\" width=\"950\" height=\"668\" src=\"https:\/\/dignitas.ch\/wp-content\/uploads\/2025\/07\/debate-warsaw-12052015.jpg\" alt=\"\" class=\"wp-image-9175 size-full\" srcset=\"https:\/\/dignitas.ch\/wp-content\/uploads\/2025\/07\/debate-warsaw-12052015.jpg 950w, https:\/\/dignitas.ch\/wp-content\/uploads\/2025\/07\/debate-warsaw-12052015-300x211.jpg 300w, https:\/\/dignitas.ch\/wp-content\/uploads\/2025\/07\/debate-warsaw-12052015-768x540.jpg 768w\" sizes=\"auto, (max-width: 950px) 100vw, 950px\" \/><\/figure><div class=\"wp-block-media-text__content\">\n<p><a href=\"https:\/\/www.youtube.com\/watch?v=_YwVBuaNirk\" target=\"_blank\" rel=\"noreferrer noopener\">Link to the video of the debate<\/a><\/p>\n<\/div><\/div>\n\n\n\n<hr class=\"wp-block-separator has-alpha-channel-opacity\"\/>\n\n\n\n<h4 class=\"wp-block-heading\">The Cambridge Union Society \u2013 This House Would Legalise \u2018Assisted Dying\u2019<\/h4>\n\n\n\n<p>In this debate on 16 January 2014, the Union asks whether legalising assisted dying is moral, and whether sanctity or quality of life should be prioritised. The speakers in favour of freedom of choice in \u201clast matters\u201d win the debate by a clear 207 to 67 votes (with 54 abstaining). When will UK politicians listen?<\/p>\n\n\n\n<p><a href=\"http:\/\/www.youtube.com\/watch?v=m2PicFB6onE&amp;feature=c4-overview&amp;list=UUlOuePXlJnw8-br7SXiuHqg\" target=\"_blank\" rel=\"noreferrer noopener\">Link to the video portal Youtube<\/a><\/p>\n\n\n\n<hr class=\"wp-block-separator has-alpha-channel-opacity\"\/>\n\n\n\n<h4 class=\"wp-block-heading\">Choosing To Die<\/h4>\n\n\n\n<p>British author Sir Terry Pratchett&#8217;s emotional documentary on the right to take his own life<\/p>\n\n\n\n<p><a href=\"http:\/\/topdocumentaryfilms.com\/terry-pratchett-choosing-to-die\/\" target=\"_blank\" rel=\"noreferrer noopener\">Link to the video portal of Top Documentary Films<\/a><\/p>\n\n\n\n<hr class=\"wp-block-separator has-alpha-channel-opacity\"\/>\n\n\n\n<h4 class=\"wp-block-heading\">Right do Die? \/ The Suicide Tourist<\/h4>\n\n\n\n<p>Oscar-winning Director John Zaritsky\u2019s empathetic documentary on the right to choose time and place of ones own end of life<\/p>\n\n\n\n<p>Links to the video portal&nbsp;YouTube:<br><a href=\"https:\/\/www.youtube.com\/watch?v=oJk-Qj-k7dY\" target=\"_blank\" rel=\"noreferrer noopener\">Link to the documentary shorted TV-version<\/a><br><a href=\"http:\/\/www.youtube.com\/watch?v=MeZvM34H5so\" target=\"_blank\" rel=\"noreferrer noopener\">Interview with John Zaritsky and excerpts from the documentary<\/a><\/p>\n\n\n\n<hr class=\"wp-block-separator has-alpha-channel-opacity\"\/>\n\n\n\n<h4 class=\"wp-block-heading\">Dignitas \u2013 la mort sur ordonnance<\/h4>\n\n\n\n<p>Documentary by TSR, Swiss (French part) TV, on DIGNITAS and the journey of French author Mich\u00e8le Causse to her accompanied suicide (original French tone)<\/p>\n\n\n\n<p><a href=\"https:\/\/www.rts.ch\/emissions\/temps-present\/2011\/video\/dignitas-la-mort-sur-ordonnance-26372790.html\" target=\"_blank\" rel=\"noreferrer noopener\">Link to the video portal of&nbsp;TSR<\/a><\/p>\n\n\n\n<p>The documentary received an international award (category documentary), the \u201cPrix du documentaire\u201d at the European Festival of Journalism in Lille, France.<\/p>\n\n\n\n<hr class=\"wp-block-separator has-alpha-channel-opacity\"\/>\n\n\n\n<h4 class=\"wp-block-heading\">This is the End \u2013 Documentaries &amp; Films<\/h4>\n\n\n\n<p>A website created by our colleagues of the Dutch organisation NVVE &#8211; Nederlandse Vereniging voor een Vrijwillig Levenseinde, comprising a <a href=\"https:\/\/www.thisistheend.nl\/kijkonline\" target=\"_blank\" rel=\"noreferrer noopener\">large collection of documentaries and films<\/a> from all over the world. <\/p>\n\n\n\n<hr class=\"wp-block-separator has-alpha-channel-opacity\"\/>\n\n\n\n<h4 class=\"wp-block-heading\">Suicidio Assistito<\/h4>\n\n\n\n<p>Documentary by Current TV and Edoardo Anselmi;&nbsp;with Mina und Piergiorgio Welby, Emilio Coveri of the Italian Right-to-Die Association EXIT-Italia, Robert Dawson, Ludwig A. Minelli of DIGNITAS, and many more&nbsp;(original Italian tone)<\/p>\n\n\n\n<p><a href=\"http:\/\/video.sky.it\/news\/cronaca\/vanguard_suicidio_assistito\/v74103.vid\" target=\"_blank\" rel=\"noreferrer noopener\">Link to the video portal of sky.it<\/a><\/p>\n\n\n\n<hr class=\"wp-block-separator has-alpha-channel-opacity\"\/>\n\n\n\n<h4 class=\"wp-block-heading\">A short stay in Switzerland<\/h4>\n\n\n\n<p>Movie inspired by the life and death of Dr. Anne Turner, produced by the BBC<\/p>\n\n\n\n<p>Links to the video portal&nbsp;YouTube:<br><a href=\"http:\/\/www.youtube.com\/watch?v=a80aSibKdG8&amp;NR=1\" target=\"_blank\" rel=\"noreferrer noopener\">part 1<\/a> | <a href=\"http:\/\/www.youtube.com\/watch?v=XQmwzplPT5I\" target=\"_blank\" rel=\"noreferrer noopener\">part 2<\/a> | <a href=\"http:\/\/www.youtube.com\/watch?v=ZlrP6-XBXUA\" target=\"_blank\" rel=\"noreferrer noopener\">part 3<\/a> | <a href=\"http:\/\/www.youtube.com\/watch?v=l7tEoo74Wu0\" target=\"_blank\" rel=\"noreferrer noopener\">part 4<\/a> | <a href=\"http:\/\/www.youtube.com\/watch?v=n7oIZ3yWwFI\" target=\"_blank\" rel=\"noreferrer noopener\">part 5<\/a> | <a href=\"http:\/\/www.youtube.com\/watch?v=5E-qJegtdjA\" target=\"_blank\" rel=\"noreferrer noopener\">part 6<\/a> | <a href=\"http:\/\/www.youtube.com\/watch?v=mzDAHvXn_0I\" target=\"_blank\" rel=\"noreferrer noopener\">part 7<\/a> | <a href=\"http:\/\/www.youtube.com\/watch?v=tbUiBRgHNgg\" target=\"_blank\" rel=\"noreferrer noopener\">part 8<\/a> | <a href=\"http:\/\/www.youtube.com\/watch?v=ezD0GddG1yM\" target=\"_blank\" rel=\"noreferrer noopener\">part 9<\/a><\/p>\n\n\n\n<hr class=\"wp-block-separator has-alpha-channel-opacity\"\/>\n\n\n\n<h4 class=\"wp-block-heading\">Is Suicide a Right? &#8211; Simon Critchley<\/h4>\n\n\n\n<p>Simon Critchley, Professor of Philosophy at The New School, New York, on the question whether suicide is a right.<\/p>\n\n\n\n<p><a href=\"http:\/\/www.youtube.com\/watch?v=dgmFfoEc3J8\" target=\"_blank\" rel=\"noreferrer noopener\">Link to&nbsp;the video portal YouTube<\/a><\/p>\n\n\n\n<hr class=\"wp-block-separator has-alpha-channel-opacity\"\/>\n\n\n\n<h4 class=\"wp-block-heading\">Terry Pratchett on assisted dying<\/h4>\n\n\n\n<p>British author Sir Terry Pratchett speaks to the British Humanist Association about assisted dying.<\/p>\n\n\n\n<p><a href=\"http:\/\/www.youtube.com\/watch?v=A8iCelUNXTU&amp;NR=1\" target=\"_blank\" rel=\"noreferrer noopener\">Link to the&nbsp;video portal YouTube<\/a><\/p>\n","protected":false},"excerpt":{"rendered":"<p>Polvo ser\u00e1n (\u201cThey Will Be Dust\u201d) \u201cPolvo ser\u00e1n\u201d is a fictional drama with musical elements. Parts of the film were shot in Switzerland, including at DIGNITAS. The film premiered in September 2024 at the Toronto International Film Festival, where it won the Platform Award. \u201cPolvo ser\u00e1n\u201d was released in Spanish cinemas in November 2024. In [&hellip;]<\/p>\n","protected":false},"author":1,"featured_media":0,"parent":1405,"menu_order":0,"comment_status":"closed","ping_status":"closed","template":"","meta":{"_acf_changed":false,"_editorskit_title_hidden":false,"_editorskit_reading_time":0,"_editorskit_is_block_options_detached":false,"_editorskit_block_options_position":"{}","footnotes":""},"class_list":["post-1527","page","type-page","status-publish","hentry"],"acf":[],"_links":{"self":[{"href":"https:\/\/dignitas.ch\/en\/wp-json\/wp\/v2\/pages\/1527","targetHints":{"allow":["GET"]}}],"collection":[{"href":"https:\/\/dignitas.ch\/en\/wp-json\/wp\/v2\/pages"}],"about":[{"href":"https:\/\/dignitas.ch\/en\/wp-json\/wp\/v2\/types\/page"}],"author":[{"embeddable":true,"href":"https:\/\/dignitas.ch\/en\/wp-json\/wp\/v2\/users\/1"}],"replies":[{"embeddable":true,"href":"https:\/\/dignitas.ch\/en\/wp-json\/wp\/v2\/comments?post=1527"}],"version-history":[{"count":13,"href":"https:\/\/dignitas.ch\/en\/wp-json\/wp\/v2\/pages\/1527\/revisions"}],"predecessor-version":[{"id":11190,"href":"https:\/\/dignitas.ch\/en\/wp-json\/wp\/v2\/pages\/1527\/revisions\/11190"}],"up":[{"embeddable":true,"href":"https:\/\/dignitas.ch\/en\/wp-json\/wp\/v2\/pages\/1405"}],"wp:attachment":[{"href":"https:\/\/dignitas.ch\/en\/wp-json\/wp\/v2\/media?parent=1527"}],"curies":[{"name":"wp","href":"https:\/\/api.w.org\/{rel}","templated":true}]}}