    {"id":1228,"date":"2023-09-11T10:38:38","date_gmt":"2023-09-11T08:38:38","guid":{"rendered":"https:\/\/dev.dignitas.bertastrasse1.ch\/taetigkeit\/rechtsfortentwicklung-und-politik\/schweiz\/"},"modified":"2025-06-25T11:02:34","modified_gmt":"2025-06-25T09:02:34","slug":"schweiz","status":"publish","type":"page","link":"https:\/\/dignitas.ch\/en\/activities\/development-of-law\/schweiz\/","title":{"rendered":"Switzerland"},"content":{"rendered":"\n<p class=\"has-small-font-size\"><em>22 August 2005<\/em><\/p>\n\n\n\n<h4 class=\"wp-block-heading\">Z\u00fcrich Parliament clearly disapproves of prohibition of assistance in dying<\/h4>\n\n\n\n<p>Debate in the Z\u00fcrich Cantonal Council: the Z\u00fcrich Parliament clearly disapproves of a prohibition of assistance in dying.<\/p>\n\n\n\n<p><a href=\"http:\/\/dignitas.ch\/images\/stories\/pdf\/politik-chzh-kantonsrat-ablehnung-verbot-sterbetourismus-protokoll-22082005.pdf\" target=\"_blank\" rel=\"noreferrer noopener\">Minutes of the Z\u00fcrich Cantonal Council, pages&nbsp;8393&nbsp;&#8211; 8414 (PDF, in German)<\/a><\/p>\n","protected":false},"excerpt":{"rendered":"<p>22 August 2005 Z\u00fcrich Parliament clearly disapproves of prohibition of assistance in dying Debate in the Z\u00fcrich Cantonal Council: the Z\u00fcrich Parliament clearly disapproves of a prohibition of assistance in dying. Minutes of the Z\u00fcrich Cantonal Council, pages&nbsp;8393&nbsp;&#8211; 8414 (PDF, in German)<\/p>\n","protected":false},"author":1,"featured_media":0,"parent":323,"menu_order":0,"comment_status":"closed","ping_status":"closed","template":"","meta":{"_acf_changed":false,"_editorskit_title_hidden":false,"_editorskit_reading_time":0,"_editorskit_is_block_options_detached":false,"_editorskit_block_options_position":"{}","footnotes":""},"class_list":["post-1228","page","type-page","status-publish","hentry"],"acf":[],"_links":{"self":[{"href":"https:\/\/dignitas.ch\/en\/wp-json\/wp\/v2\/pages\/1228","targetHints":{"allow":["GET"]}}],"collection":[{"href":"https:\/\/dignitas.ch\/en\/wp-json\/wp\/v2\/pages"}],"about":[{"href":"https:\/\/dignitas.ch\/en\/wp-json\/wp\/v2\/types\/page"}],"author":[{"embeddable":true,"href":"https:\/\/dignitas.ch\/en\/wp-json\/wp\/v2\/users\/1"}],"replies":[{"embeddable":true,"href":"https:\/\/dignitas.ch\/en\/wp-json\/wp\/v2\/comments?post=1228"}],"version-history":[{"count":4,"href":"https:\/\/dignitas.ch\/en\/wp-json\/wp\/v2\/pages\/1228\/revisions"}],"predecessor-version":[{"id":8622,"href":"https:\/\/dignitas.ch\/en\/wp-json\/wp\/v2\/pages\/1228\/revisions\/8622"}],"up":[{"embeddable":true,"href":"https:\/\/dignitas.ch\/en\/wp-json\/wp\/v2\/pages\/323"}],"wp:attachment":[{"href":"https:\/\/dignitas.ch\/en\/wp-json\/wp\/v2\/media?parent=1228"}],"curies":[{"name":"wp","href":"https:\/\/api.w.org\/{rel}","templated":true}]}}